{"id":85727,"date":"2023-09-12T12:16:40","date_gmt":"2023-09-12T10:16:40","guid":{"rendered":"https:\/\/secureus.se\/produkt\/karmoverforing-acm-401b\/"},"modified":"2025-12-31T20:48:58","modified_gmt":"2025-12-31T19:48:58","slug":"karmoverforing-acm-401b","status":"publish","type":"product","link":"https:\/\/secureus.se\/es\/karmoverforing-acm-401b\/","title":{"rendered":"Transferencia de marco con fijaci\u00f3n extra fuerte"},"content":{"rendered":"<div>\n<p id=\"tw-target-text\" class=\"tw-data-text tw-text-large tw-ta\" dir=\"ltr\" data-placeholder=\"Translation\"><span class=\"Y2IQFc\" lang=\"sv\">Transferencia de marco con accesorios m\u00e1s grandes para una buena durabilidad. <\/span><\/p>\n<p class=\"tw-data-text tw-text-large tw-ta\" dir=\"ltr\" data-placeholder=\"Translation\"><span class=\"Y2IQFc\" lang=\"sv\">Longitud: 468 mm<\/span><\/p>\n<p class=\"tw-data-text tw-text-large tw-ta\" dir=\"ltr\" data-placeholder=\"Translation\"><span class=\"Y2IQFc\" lang=\"sv\"> Di\u00e1metro exterior: mm<\/span><\/p>\n<p>Di\u00e1metro interior: mm<\/p>\n<p class=\"tw-data-text tw-text-large tw-ta\" dir=\"ltr\" data-placeholder=\"Translation\"><span class=\"Y2IQFc\" lang=\"sv\">Material: acero inoxidable<\/span><\/p>\n<\/div>","protected":false},"excerpt":{"rendered":"<p>Transferencia de marco con accesorios m\u00e1s grandes para una buena durabilidad. Longitud: 468 mm Di\u00e1metro exterior: mm Di\u00e1metro interior: mm Material: acero inoxidable<\/p>","protected":false},"featured_media":140156,"template":"","meta":{"_acf_changed":false},"product_brand":[],"product_cat":[1546],"product_tag":[2958],"class_list":{"0":"post-85727","1":"product","2":"type-product","3":"status-publish","4":"has-post-thumbnail","6":"product_cat-kabeloverforing","7":"product_tag-stonehouse-produkt","8":"product_shipping_class-tunga-paket","9":"pa_brands-stonehouse-security","10":"tm-no-options","12":"first","13":"instock","14":"sale","15":"featured","16":"taxable","17":"shipping-taxable","18":"purchasable","19":"product-type-simple"},"acf":[],"_links":{"self":[{"href":"https:\/\/secureus.se\/es\/wp-json\/wp\/v2\/product\/85727","targetHints":{"allow":["GET"]}}],"collection":[{"href":"https:\/\/secureus.se\/es\/wp-json\/wp\/v2\/product"}],"about":[{"href":"https:\/\/secureus.se\/es\/wp-json\/wp\/v2\/types\/product"}],"wp:featuredmedia":[{"embeddable":true,"href":"https:\/\/secureus.se\/es\/wp-json\/wp\/v2\/media\/140156"}],"wp:attachment":[{"href":"https:\/\/secureus.se\/es\/wp-json\/wp\/v2\/media?parent=85727"}],"wp:term":[{"taxonomy":"product_brand","embeddable":true,"href":"https:\/\/secureus.se\/es\/wp-json\/wp\/v2\/product_brand?post=85727"},{"taxonomy":"product_cat","embeddable":true,"href":"https:\/\/secureus.se\/es\/wp-json\/wp\/v2\/product_cat?post=85727"},{"taxonomy":"product_tag","embeddable":true,"href":"https:\/\/secureus.se\/es\/wp-json\/wp\/v2\/product_tag?post=85727"}],"curies":[{"name":"wp","href":"https:\/\/api.w.org\/{rel}","templated":true}]}}