{"id":85734,"date":"2023-09-05T17:13:16","date_gmt":"2023-09-05T15:13:16","guid":{"rendered":"https:\/\/secureus.se\/produkt\/rokdetektor-2351e\/"},"modified":"2026-04-27T14:18:39","modified_gmt":"2026-04-27T12:18:39","slug":"rokdetektor-2351e","status":"publish","type":"product","link":"https:\/\/secureus.se\/es\/rokdetektor-2351e\/","title":{"rendered":"Detector de humos 2351E - Sensor del sistema"},"content":{"rendered":"<p>El detector de humo 2351E es parte de la serie 300 de detectores de humo convencionales que utilizan la \u00faltima tecnolog\u00eda para ofrecer una tecnolog\u00eda de protecci\u00f3n contra incendios confiable y efectiva. Con caracter\u00edsticas avanzadas como compensaci\u00f3n autom\u00e1tica de deriva y sensibilidad ajustable, el 2351E est\u00e1 dise\u00f1ado para minimizar las falsas alarmas y extender los intervalos de servicio. Tiene un bajo consumo de energ\u00eda y es compatible con instalaciones base de la Serie 100, lo que facilita su actualizaci\u00f3n y mantenimiento en sistemas existentes.<\/p>\n<p>Con su LED bicolor de doble cara, muestra el estado del detector: verde para funcionamiento normal y rojo en caso de alarma. Se puede utilizar con una variedad de bases para brindar flexibilidad de aplicaci\u00f3n y es ideal para ubicaciones donde la seguridad y la confiabilidad son fundamentales.<\/p>\n<p><strong>Caracter\u00edsticas:<\/strong><\/p>\n<ul>\n<li>Dise\u00f1o de perfil bajo<\/li>\n<li>Consumo de corriente: 120 \u00b5A (50 mA durante la alarma)<\/li>\n<li>\u00c1rea de cobertura: 102 x 32,5 mm<\/li>\n<li>Rango de temperatura: -30\u00b0C a +70\u00b0C<\/li>\n<li>Compatible con instalaciones base de la Serie 100<\/li>\n<li>Certificado seg\u00fan EN54-7<\/li>\n<\/ul>\n<p><strong>Modelos base compatibles:<\/strong><\/p>\n<ul>\n<li>Base est\u00e1ndar B401<\/li>\n<li>Base de resistencia B401R<\/li>\n<li>B401DG graves profundos<\/li>\n<\/ul>\n<p>Este detector de humo es adecuado tanto para nuevas instalaciones como para actualizaciones de sistemas existentes y est\u00e1 dise\u00f1ado para cumplir con los requisitos de SBF110.<\/p>","protected":false},"excerpt":{"rendered":"<p>El detector de humo 2351E es un detector de humo \u00f3ptico convencional con un dise\u00f1o moderno, ideal para su instalaci\u00f3n en entornos comerciales e industriales. Ofrece alta confiabilidad y est\u00e1 equipado con LED de doble cara para una clara indicaci\u00f3n del estado. Cumple con los requisitos de SBF110 y est\u00e1 certificado CPD seg\u00fan EN54-7.<\/p>","protected":false},"featured_media":140510,"template":"","meta":{"_acf_changed":false},"product_brand":[],"product_cat":[4754,3373],"product_tag":[2959],"class_list":{"0":"post-85734","1":"product","2":"type-product","3":"status-publish","4":"has-post-thumbnail","6":"product_cat-system-sensor-300-serien","7":"product_cat-rokdetektorer","8":"product_tag-certifierad-en54","9":"product_shipping_class-postnord-varubrev","10":"pa_brands-system-sensor","11":"tm-no-options","13":"first","14":"onbackorder","15":"sale","16":"featured","17":"taxable","18":"shipping-taxable","19":"purchasable","20":"product-type-simple"},"acf":[],"_links":{"self":[{"href":"https:\/\/secureus.se\/es\/wp-json\/wp\/v2\/product\/85734","targetHints":{"allow":["GET"]}}],"collection":[{"href":"https:\/\/secureus.se\/es\/wp-json\/wp\/v2\/product"}],"about":[{"href":"https:\/\/secureus.se\/es\/wp-json\/wp\/v2\/types\/product"}],"wp:featuredmedia":[{"embeddable":true,"href":"https:\/\/secureus.se\/es\/wp-json\/wp\/v2\/media\/140510"}],"wp:attachment":[{"href":"https:\/\/secureus.se\/es\/wp-json\/wp\/v2\/media?parent=85734"}],"wp:term":[{"taxonomy":"product_brand","embeddable":true,"href":"https:\/\/secureus.se\/es\/wp-json\/wp\/v2\/product_brand?post=85734"},{"taxonomy":"product_cat","embeddable":true,"href":"https:\/\/secureus.se\/es\/wp-json\/wp\/v2\/product_cat?post=85734"},{"taxonomy":"product_tag","embeddable":true,"href":"https:\/\/secureus.se\/es\/wp-json\/wp\/v2\/product_tag?post=85734"}],"curies":[{"name":"wp","href":"https:\/\/api.w.org\/{rel}","templated":true}]}}