{"id":85738,"date":"2023-09-05T16:10:12","date_gmt":"2023-09-05T14:10:12","guid":{"rendered":"https:\/\/secureus.se\/produkt\/detektorsockel-b401rm470-2\/"},"modified":"2026-04-27T14:20:32","modified_gmt":"2026-04-27T12:20:32","slug":"detektorsockel-b401rm470-2","status":"publish","type":"product","link":"https:\/\/secureus.se\/es\/detektorsockel-b401rm470-2\/","title":{"rendered":"Base de detector B401R Est\u00e1ndar con resistencia 470R - System Sensor"},"content":{"rendered":"<h1>Base de detector est\u00e1ndar System Sensor B401R con resistencia 470R<\/h1>\n<p>La base del detector para montaje junto con los detectores de la serie System Sensor 300 B401RM (470 Ohm) tambi\u00e9n tiene una salida para indicaci\u00f3n externa.<\/p>\n<p><span class=\"produkt-egenskap\"><span class=\"label\">M\u00e9todo de montaje: <\/span><span class=\"value\">Montaje en superficie<\/span><\/span><\/p>\n<p><span class=\"produkt-egenskap\"><span class=\"label\">Pintar: <\/span><span class=\"value\">Blanco<\/span><\/span><\/p>\n<p><span class=\"produkt-egenskap\"><span class=\"label\">Altura: <\/span><span class=\"value\">20 mm<\/span><\/span><\/p>\n<p><span class=\"produkt-egenskap\"><span class=\"label\">Di\u00e1metro: <\/span><span class=\"value\">102 mm<\/span><\/span><\/p>\n<p class=\"\" data-start=\"485\" data-end=\"903\">System Sensor B401R es una base de detector confiable y vers\u00e1til para usar con detectores de humo.<\/p>\n<p class=\"\" data-start=\"485\" data-end=\"903\">Est\u00e1 equipado con una resistencia de alarma de 470 ohmios, que mejora la funcionalidad y la flexibilidad en comparaci\u00f3n con los detectores conectados directamente.<\/p>\n<p class=\"\" data-start=\"485\" data-end=\"903\">La base tiene una altura de 19 mm y est\u00e1 fabricada con materiales duraderos como ABS y PC.<\/p>\n<p class=\"\" data-start=\"485\" data-end=\"903\">Est\u00e1 dise\u00f1ado para funcionar eficazmente con detectores de humo como el 1451E y el 2451E.<\/p>\n<p class=\"\" data-start=\"905\" data-end=\"1267\">B401R tiene un dise\u00f1o resistente a la corriente y se puede utilizar con un voltaje de funcionamiento de 24 V CC.<\/p>\n<p class=\"\" data-start=\"905\" data-end=\"1267\">Es f\u00e1cil de instalar y ofrece compatibilidad con una amplia gama de detectores.<\/p>\n<p class=\"\" data-start=\"905\" data-end=\"1267\">El bajo consumo de energ\u00eda y la f\u00e1cil instalaci\u00f3n lo convierten en una soluci\u00f3n ideal tanto para nuevas instalaciones como para actualizaciones. Cuenta con marca CE y est\u00e1 libre de sustancias restringidas.<\/p>","protected":false},"excerpt":{"rendered":"<p>El B401R es una base de detector est\u00e1ndar con una resistencia de 470 ohmios, dise\u00f1ada para proporcionar mayor versatilidad a los detectores de humo.<\/p>\n<p>Tiene un perfil bajo y se puede instalar f\u00e1cilmente para soportar una variedad de detectores de incendios, incluidos modelos como el 1451E y el 2451E.<\/p>","protected":false},"featured_media":140295,"template":"","meta":{"_acf_changed":false},"product_brand":[],"product_cat":[4754],"product_tag":[],"class_list":{"0":"post-85738","1":"product","2":"type-product","3":"status-publish","4":"has-post-thumbnail","6":"product_cat-system-sensor-300-serien","7":"product_shipping_class-postnord-varubrev","8":"pa_brands-system-sensor","9":"tm-no-options","11":"first","12":"instock","13":"sale","14":"featured","15":"taxable","16":"shipping-taxable","17":"purchasable","18":"product-type-simple"},"acf":[],"_links":{"self":[{"href":"https:\/\/secureus.se\/es\/wp-json\/wp\/v2\/product\/85738","targetHints":{"allow":["GET"]}}],"collection":[{"href":"https:\/\/secureus.se\/es\/wp-json\/wp\/v2\/product"}],"about":[{"href":"https:\/\/secureus.se\/es\/wp-json\/wp\/v2\/types\/product"}],"wp:featuredmedia":[{"embeddable":true,"href":"https:\/\/secureus.se\/es\/wp-json\/wp\/v2\/media\/140295"}],"wp:attachment":[{"href":"https:\/\/secureus.se\/es\/wp-json\/wp\/v2\/media?parent=85738"}],"wp:term":[{"taxonomy":"product_brand","embeddable":true,"href":"https:\/\/secureus.se\/es\/wp-json\/wp\/v2\/product_brand?post=85738"},{"taxonomy":"product_cat","embeddable":true,"href":"https:\/\/secureus.se\/es\/wp-json\/wp\/v2\/product_cat?post=85738"},{"taxonomy":"product_tag","embeddable":true,"href":"https:\/\/secureus.se\/es\/wp-json\/wp\/v2\/product_tag?post=85738"}],"curies":[{"name":"wp","href":"https:\/\/api.w.org\/{rel}","templated":true}]}}