{"id":85900,"date":"2023-02-22T11:42:57","date_gmt":"2023-02-22T10:42:57","guid":{"rendered":"https:\/\/secureus.se\/produkt\/apollo-xp95-optisk-detektor\/"},"modified":"2026-04-14T20:39:34","modified_gmt":"2026-04-14T18:39:34","slug":"apollo-xp95-optisk-detektor","status":"publish","type":"product","link":"https:\/\/secureus.se\/es\/apollo-xp95-optisk-detektor\/","title":{"rendered":"Detector de humo Apollo XP95 \u00d3ptico 55000-620APO"},"content":{"rendered":"<h1>Detector de humo Apollo XP95 \u00d3ptico<\/h1>\n<p>El detector de humo \u00f3ptico Apollo XP95 utiliza dispersi\u00f3n de luz para detectar humo en entornos inflamables.<\/p>\n<p>Est\u00e1 equipado con un LED infrarrojo pulsante interno y un fotodiodo que est\u00e1 colocado en un \u00e1ngulo para capturar la luz dispersa.<\/p>\n<p>En condiciones normales sin humo, el fotodiodo no recibe luz del LED y env\u00eda una se\u00f1al anal\u00f3gica correspondiente.<\/p>\n<p>Cuando el humo entra en la c\u00e1mara del detector, la luz se dispersa y el fotodiodo lo registra, lo que aumenta la se\u00f1al y activa la alarma.<\/p>\n<p class=\"\" data-start=\"847\" data-end=\"1195\">El detector tiene un LED indicador rojo claro que se ilumina cuando est\u00e1 en condici\u00f3n de alarma.<\/p>\n<p class=\"\" data-start=\"847\" data-end=\"1195\">Est\u00e1 dise\u00f1ado para proporcionar una detecci\u00f3n de incendios confiable en \u00e1reas con temperaturas variables, de -20 \u00b0C a +60 \u00b0C, y es particularmente adecuado para rutas de escape.<\/p>\n<p class=\"\" data-start=\"847\" data-end=\"1195\">Es insensible a los cambios de viento y presi\u00f3n atmosf\u00e9rica, lo que lo hace estable en diversas condiciones.<\/p>\n<p class=\"\" data-start=\"1197\" data-end=\"1372\">Con una larga garant\u00eda de 10 a\u00f1os, este detector es una soluci\u00f3n confiable para el monitoreo de incendios en edificios como hoteles, oficinas, restaurantes y otros edificios medianos a grandes.<\/p>","protected":false},"excerpt":{"rendered":"<p>El detector de humo \u00f3ptico Apollo XP95 utiliza la dispersi\u00f3n de luz de un LED infrarrojo para detectar de manera r\u00e1pida y eficaz incendios de combusti\u00f3n lenta y sin llama.<\/p>\n<p>Tiene un LED indicador que se ilumina en rojo en caso de alarma.<\/p>","protected":false},"featured_media":141561,"template":"","meta":{"_acf_changed":false},"product_brand":[],"product_cat":[4751],"product_tag":[2704],"class_list":{"0":"post-85900","1":"product","2":"type-product","3":"status-publish","4":"has-post-thumbnail","6":"product_cat-xp95-serien","7":"product_tag-utvalda-produkter-fran-apollo","8":"product_shipping_class-postnord-varubrev","9":"pa_brands-apollo-fire-detectors","10":"tm-no-options","12":"first","13":"instock","14":"sale","15":"featured","16":"taxable","17":"shipping-taxable","18":"purchasable","19":"product-type-simple"},"acf":[],"_links":{"self":[{"href":"https:\/\/secureus.se\/es\/wp-json\/wp\/v2\/product\/85900","targetHints":{"allow":["GET"]}}],"collection":[{"href":"https:\/\/secureus.se\/es\/wp-json\/wp\/v2\/product"}],"about":[{"href":"https:\/\/secureus.se\/es\/wp-json\/wp\/v2\/types\/product"}],"wp:featuredmedia":[{"embeddable":true,"href":"https:\/\/secureus.se\/es\/wp-json\/wp\/v2\/media\/141561"}],"wp:attachment":[{"href":"https:\/\/secureus.se\/es\/wp-json\/wp\/v2\/media?parent=85900"}],"wp:term":[{"taxonomy":"product_brand","embeddable":true,"href":"https:\/\/secureus.se\/es\/wp-json\/wp\/v2\/product_brand?post=85900"},{"taxonomy":"product_cat","embeddable":true,"href":"https:\/\/secureus.se\/es\/wp-json\/wp\/v2\/product_cat?post=85900"},{"taxonomy":"product_tag","embeddable":true,"href":"https:\/\/secureus.se\/es\/wp-json\/wp\/v2\/product_tag?post=85900"}],"curies":[{"name":"wp","href":"https:\/\/api.w.org\/{rel}","templated":true}]}}