{"id":86497,"date":"2023-09-27T18:04:24","date_gmt":"2023-09-27T16:04:24","guid":{"rendered":"https:\/\/secureus.se\/produkt\/motorlas-810s-50-z-sats\/"},"modified":"2025-10-21T11:57:27","modified_gmt":"2025-10-21T09:57:27","slug":"motorlas-810s-50-z-sats","status":"publish","type":"product","link":"https:\/\/secureus.se\/es\/motorlas-810s-50-z-sats\/","title":{"rendered":"Kit de bloqueo de motor 810S-50 Z"},"content":{"rendered":"<p><b>Descripci\u00f3n:<br \/>\n<\/b><br \/>\nASSA ABLOY Evolution 810S-50 es una cerradura motorizada adaptada para puertas con huecos modulares ASSA. Adecuado como cierre nocturno y de seguridad en puertas con altos requerimientos de seguridad en comercio, oficinas e industria.<\/p>\n<div>\n<p><b>Accesorios incluidos en el paquete del kit:<\/b><\/p>\n<div>Cerradura de motor 810S-50, unidad de control, placa de cierre 1487-2, cable de conexi\u00f3n (6m), cable de transferencia EA281.<\/div>\n<p><b>Caracter\u00edsticas:\u00a0<\/b><\/p>\n<ul>\n<li>Velocidad de apertura inferior a 1\/3 de segundo.<\/li>\n<li>Cumple con los requisitos correspondientes a la clase de cerradura 3 SS 3079<\/li>\n<li>La cerradura siempre se puede accionar con el cilindro\/pomo.<\/li>\n<li>Sensor de posici\u00f3n de puerta incorporado (im\u00e1n), que puede complementarse o sustituirse por un im\u00e1n externo.<\/li>\n<li>Tiempo de apertura 4-64 segundos.<\/li>\n<\/ul>\n<p>&nbsp;<\/p>\n<div><b>\u00a0<\/b><\/div>\n<p>Funci\u00f3n:<\/p>\n<ul>\n<li>El perno de gancho es accionado por el motor incorporado.<\/li>\n<li>El modelo 810S-50 con ca\u00edda de presi\u00f3n est\u00e1 homologado para su instalaci\u00f3n en l\u00edmites de celdas contra incendios (TG 0456\/01).<\/li>\n<li>La cerradura se puede controlar mediante la mayor\u00eda de los sistemas de control del mercado, como sistemas de control de acceso, cerraduras con c\u00f3digo e interruptores horarios.<\/li>\n<li>Cada cerradura de motor requiere una unidad de control (DAC430) que maneja la comunicaci\u00f3n entre la cerradura de motor y el mundo exterior. (incluido en el embalaje del set)<\/li>\n<\/ul>\n<p>&nbsp;<\/p>\n<div><b>\u00a0<\/b><\/div>\n<p>La unidad de control DAC430:<\/p>\n<div>\n<ul>\n<li>Se comunica con la cerradura del motor a trav\u00e9s de un bus de datos cifrados.<\/li>\n<li>Requiere se\u00f1ales de control de un sistema de nivel superior para operar el bloqueo del motor.<\/li>\n<li>Proporciona indicaciones al sistema superior que informan sobre el estado de la cerradura y la puerta.<\/li>\n<li>Tambi\u00e9n controla cerraduras diurnas suplementarias de manera que se forma una combinaci\u00f3n completa d\u00eda\/noche.<\/li>\n<li>Activa la salida de alarma en caso de mal funcionamiento.<\/li>\n<li>Se conecta a la fuente de alimentaci\u00f3n.<\/li>\n<li>Debe instalarse en interiores, en el lado protegido de la puerta, a 50 m de la cerradura del motor.<\/li>\n<\/ul>\n<p><b>Datos t\u00e9cnicos:\u00a0<\/b><\/p>\n<ul>\n<li>24V +\/- 15% CA\/CC. Alt 12 V DC estabilizado.<\/li>\n<li>Consumo de corriente a 24 V DC, en espera 150 mA, funcionamiento m\u00e1x. 700 mA (0,1 S).<\/li>\n<li>Carga m\u00e1xima del rel\u00e9 1 A.<\/li>\n<li>La distancia m\u00e1xima entre el im\u00e1n de la caja de seguridad y la placa de cierre magn\u00e9tica es de 6 mm.<\/li>\n<li>La distancia m\u00e1xima entre la caja de seguridad y la unidad de control es de 50 m.<\/li>\n<\/ul>\n<\/div>\n<\/div>","protected":false},"excerpt":{"rendered":"<p>Descripci\u00f3n: ASSA ABLOY Evolution 810S-50 es una cerradura motorizada adaptada para puertas con huecos modulares Assa. Adecuado como cierre nocturno y de seguridad en puertas con altos requerimientos de seguridad en comercio, oficinas e industria.<\/p>","protected":false},"featured_media":139343,"template":"","meta":{"_acf_changed":false},"product_brand":[],"product_cat":[2874],"product_tag":[4187,4543,4540,4553,4544,4542,4863,4550],"class_list":{"0":"post-86497","1":"product","2":"type-product","3":"status-publish","4":"has-post-thumbnail","6":"product_cat-motorlas","7":"product_tag-dorndjup-50mm","8":"product_tag-komplett-sats-ja","9":"product_tag-krypterad-kommunikation-ja","10":"product_tag-modul","11":"product_tag-nodutrymning-nej","12":"product_tag-panikutrymning-nej","13":"product_tag-pf","14":"product_tag-spanning-ac-dc","15":"product_shipping_class-tunga-paket","16":"pa_brands-abloy","17":"tm-no-options","19":"first","20":"instock","21":"sale","22":"taxable","23":"shipping-taxable","24":"purchasable","25":"product-type-simple"},"acf":[],"_links":{"self":[{"href":"https:\/\/secureus.se\/es\/wp-json\/wp\/v2\/product\/86497","targetHints":{"allow":["GET"]}}],"collection":[{"href":"https:\/\/secureus.se\/es\/wp-json\/wp\/v2\/product"}],"about":[{"href":"https:\/\/secureus.se\/es\/wp-json\/wp\/v2\/types\/product"}],"wp:featuredmedia":[{"embeddable":true,"href":"https:\/\/secureus.se\/es\/wp-json\/wp\/v2\/media\/139343"}],"wp:attachment":[{"href":"https:\/\/secureus.se\/es\/wp-json\/wp\/v2\/media?parent=86497"}],"wp:term":[{"taxonomy":"product_brand","embeddable":true,"href":"https:\/\/secureus.se\/es\/wp-json\/wp\/v2\/product_brand?post=86497"},{"taxonomy":"product_cat","embeddable":true,"href":"https:\/\/secureus.se\/es\/wp-json\/wp\/v2\/product_cat?post=86497"},{"taxonomy":"product_tag","embeddable":true,"href":"https:\/\/secureus.se\/es\/wp-json\/wp\/v2\/product_tag?post=86497"}],"curies":[{"name":"wp","href":"https:\/\/api.w.org\/{rel}","templated":true}]}}