{"id":86558,"date":"2023-09-27T18:01:31","date_gmt":"2023-09-27T16:01:31","guid":{"rendered":"https:\/\/secureus.se\/produkt\/motorlas-841c-35-hi-o-halvsats\/"},"modified":"2025-10-21T11:58:48","modified_gmt":"2025-10-21T09:58:48","slug":"motorlas-841c-35-hi-o-halvsats","status":"publish","type":"product","link":"https:\/\/secureus.se\/es\/motorlas-841c-35-hi-o-halvsats\/","title":{"rendered":"Bloqueo del motor 841C-35 Hi-O Half set"},"content":{"rendered":"<p><b>Descripci\u00f3n:<br \/>\n<\/b><br \/>\nLa cerradura motorizada ASSA ABLOY 841C-35 est\u00e1 adaptada para puertas con huecos modulares ASSA ABLOY. Es muy adecuada como cerradura nocturna y de seguridad para puertas con altos requisitos de seguridad en comercio, oficinas e industria. Las puertas con cerradura diurna o de alta frecuencia deben complementarse con una cerradura diurna, por ejemplo ex. cerradura de empuje el\u00e9ctrica o cerradura de golpe el\u00e9ctrica. El bloqueo de motor 841C es una unidad Hi-O que se conecta a un DAC630 o DAC530. Hi-O significa que los dispositivos tienen una microcomputadora incorporada y se comunican entre s\u00ed para la instalaci\u00f3n plug-and-play, la sincronizaci\u00f3n del funcionamiento de la puerta, el monitoreo del comportamiento y el env\u00edo de informaci\u00f3n de diagn\u00f3stico. Accesorios de cilindro adecuados Accesorios de seguridad ASSA 4559 SCD Classic, y si es necesario, un cilindro de pomo con resorte.<\/p>\n<div><\/div>\n<div><b>Caracter\u00edsticas:<\/b><\/div>\n<div>\n<ul>\n<li>Profundidad del mandril 35 mm.<\/li>\n<li>Certificado seg\u00fan SSF3522-1093, clase 4<\/li>\n<li>Velocidad de apertura inferior a 1\/3 de segundo.<\/li>\n<li>La cerradura siempre se puede abrir con llave\/perilla.<\/li>\n<li>Sensor de posici\u00f3n de puerta incorporado (im\u00e1n en la placa de cierre).<\/li>\n<li>Se puede combinar con otras unidades Hi-O sin controlador, por ejemplo: ex. Cerradura de d\u00eda, automatizaci\u00f3n de puertas y lector de tarjetas<\/li>\n<li>Bloqueo del motor Temperatura \u2013 20 \u00b0C \u2013 + 70 \u00b0C<\/li>\n<li>La unidad de control adecuada puede soportar temperaturas de +5 \u00b0C \u2013 +40 \u00b0C, 20 \u2013 90 % humedad relativa, sin condensaci\u00f3n.<\/li>\n<\/ul>\n<p><b>Datos t\u00e9cnicos:<\/b><\/p>\n<ul>\n<li>Voltaje de funcionamiento: 12-24 VCC estabilizador -5%+15%<\/li>\n<li>Consumo de corriente: Inactivo 50 mA M\u00e1x. 445 mA a 24 VCC<\/li>\n<li>Certificado seg\u00fan EN14846<\/li>\n<\/ul>\n<\/div>","protected":false},"excerpt":{"rendered":"<p>Descripci\u00f3n: La cerradura motorizada ASSA ABLOY 841C-35 est\u00e1 adaptada para puertas con huecos modulares ASSA ABLOY. Es muy adecuada como cerradura nocturna y de seguridad para puertas con altos requisitos de seguridad en comercio, oficinas e industria.<\/p>","protected":false},"featured_media":139626,"template":"","meta":{"_acf_changed":false},"product_brand":[],"product_cat":[2874],"product_tag":[4547,4543,4540,4541,4542,4863,4554,4550],"class_list":{"0":"post-86558","1":"product","2":"type-product","3":"status-publish","4":"has-post-thumbnail","6":"product_cat-motorlas","7":"product_tag-dorndjup-35mm","8":"product_tag-komplett-sats-ja","9":"product_tag-krypterad-kommunikation-ja","10":"product_tag-nodutrymning-ja","11":"product_tag-panikutrymning-nej","12":"product_tag-pf","13":"product_tag-smalprofil","14":"product_tag-spanning-ac-dc","15":"product_shipping_class-tunga-paket","16":"pa_brands-abloy","17":"tm-no-options","19":"first","20":"onbackorder","21":"sale","22":"taxable","23":"shipping-taxable","24":"purchasable","25":"product-type-simple"},"acf":[],"_links":{"self":[{"href":"https:\/\/secureus.se\/es\/wp-json\/wp\/v2\/product\/86558","targetHints":{"allow":["GET"]}}],"collection":[{"href":"https:\/\/secureus.se\/es\/wp-json\/wp\/v2\/product"}],"about":[{"href":"https:\/\/secureus.se\/es\/wp-json\/wp\/v2\/types\/product"}],"wp:featuredmedia":[{"embeddable":true,"href":"https:\/\/secureus.se\/es\/wp-json\/wp\/v2\/media\/139626"}],"wp:attachment":[{"href":"https:\/\/secureus.se\/es\/wp-json\/wp\/v2\/media?parent=86558"}],"wp:term":[{"taxonomy":"product_brand","embeddable":true,"href":"https:\/\/secureus.se\/es\/wp-json\/wp\/v2\/product_brand?post=86558"},{"taxonomy":"product_cat","embeddable":true,"href":"https:\/\/secureus.se\/es\/wp-json\/wp\/v2\/product_cat?post=86558"},{"taxonomy":"product_tag","embeddable":true,"href":"https:\/\/secureus.se\/es\/wp-json\/wp\/v2\/product_tag?post=86558"}],"curies":[{"name":"wp","href":"https:\/\/api.w.org\/{rel}","templated":true}]}}