{"id":86563,"date":"2023-09-27T18:01:24","date_gmt":"2023-09-27T16:01:24","guid":{"rendered":"https:\/\/secureus.se\/produkt\/motorlashus-840c-70-hi-o\/"},"modified":"2025-10-21T11:58:54","modified_gmt":"2025-10-21T09:58:54","slug":"motorlashus-840c-70-hi-o","status":"publish","type":"product","link":"https:\/\/secureus.se\/es\/motorlashus-840c-70-hi-o\/","title":{"rendered":"Carcasa de bloqueo de motor 840C-70 Hi-O"},"content":{"rendered":"<p><b>Descripci\u00f3n:<br \/>\n<\/b><br \/>\nLa cerradura motorizada ASSA ABLOY 840C cuenta con una eficacia probada y es muy popular en el mercado. Es muy adecuado como cierre diurno, nocturno y de seguridad en puertas con elevados requisitos de seguridad en comercios, oficinas e industria. El bloqueo de motor 840C es una unidad Hi-O que se conecta a un DAC630 o DAC530. Hi-O significa que las unidades tienen una microcomputadora incorporada y se comunican entre s\u00ed para la instalaci\u00f3n plug-and-play, la sincronizaci\u00f3n del funcionamiento de la puerta, el monitoreo del comportamiento y el env\u00edo de informaci\u00f3n de diagn\u00f3stico.<\/p>\n<div><\/div>\n<div><b>Caracter\u00edsticas:<\/b><\/div>\n<div>\n<ul>\n<li>Profundidad del mandril 70 mm.<\/li>\n<li>Certificado seg\u00fan SSF3522, clase 4<\/li>\n<li>Velocidad de apertura inferior a 1\/3 de segundo.<\/li>\n<li>La cerradura siempre se puede abrir con llave\/perilla.<\/li>\n<li>Sensor de posici\u00f3n de puerta incorporado (im\u00e1n en la placa de cierre).<\/li>\n<li>Ca\u00edda de presi\u00f3n aprobada para instalaci\u00f3n en l\u00edmite de celda de fuego E\/EI 120.<\/li>\n<li>Certificado seg\u00fan SS-EN 14846<\/li>\n<li>F\u00e1cilmente ajustable derecha\/izquierda<\/li>\n<li>Se puede combinar con otras unidades Hi-O sin controlador, por ejemplo: ex. Cerradura de d\u00eda, automatizaci\u00f3n de puertas y lector de tarjetas<\/li>\n<li>Bloqueo del motor Temperatura \u2013 20 \u00b0C \u2013 + 70 \u00b0C<\/li>\n<li>La unidad de control adecuada puede soportar temperaturas de +5 \u00b0C \u2013 +40 \u00b0C, 20 \u2013 90 % humedad relativa, sin condensaci\u00f3n.<\/li>\n<\/ul>\n<p><b>Datos t\u00e9cnicos:<\/b><\/p>\n<ul>\n<li>Voltaje de funcionamiento: 12-24 VCC estabilizador -5%+15%<\/li>\n<li>Consumo de corriente: Inactivo 50 mA M\u00e1x. 445 mA a 24 VCC<\/li>\n<li>Certificado seg\u00fan EN14846<\/li>\n<\/ul>\n<\/div>","protected":false},"excerpt":{"rendered":"<p>Descripci\u00f3n: La cerradura de motor ASSA ABLOY 840C est\u00e1 bien probada y es popular en el mercado. Es muy adecuado como cierre diurno, nocturno y de seguridad en puertas con elevados requisitos de seguridad en comercios, oficinas e industria. Bloqueo del motor<\/p>","protected":false},"featured_media":140353,"template":"","meta":{"_acf_changed":false},"product_brand":[],"product_cat":[2874],"product_tag":[4110,4549,4540,4544,4542,4863,4550],"class_list":{"0":"post-86563","1":"product","2":"type-product","3":"status-publish","4":"has-post-thumbnail","6":"product_cat-motorlas","7":"product_tag-4110","8":"product_tag-dorndjup-70mm","9":"product_tag-krypterad-kommunikation-ja","10":"product_tag-nodutrymning-nej","11":"product_tag-panikutrymning-nej","12":"product_tag-pf","13":"product_tag-spanning-ac-dc","14":"product_shipping_class-tunga-paket","15":"pa_brands-abloy","16":"tm-no-options","18":"first","19":"onbackorder","20":"sale","21":"taxable","22":"shipping-taxable","23":"purchasable","24":"product-type-simple"},"acf":[],"_links":{"self":[{"href":"https:\/\/secureus.se\/es\/wp-json\/wp\/v2\/product\/86563","targetHints":{"allow":["GET"]}}],"collection":[{"href":"https:\/\/secureus.se\/es\/wp-json\/wp\/v2\/product"}],"about":[{"href":"https:\/\/secureus.se\/es\/wp-json\/wp\/v2\/types\/product"}],"wp:featuredmedia":[{"embeddable":true,"href":"https:\/\/secureus.se\/es\/wp-json\/wp\/v2\/media\/140353"}],"wp:attachment":[{"href":"https:\/\/secureus.se\/es\/wp-json\/wp\/v2\/media?parent=86563"}],"wp:term":[{"taxonomy":"product_brand","embeddable":true,"href":"https:\/\/secureus.se\/es\/wp-json\/wp\/v2\/product_brand?post=86563"},{"taxonomy":"product_cat","embeddable":true,"href":"https:\/\/secureus.se\/es\/wp-json\/wp\/v2\/product_cat?post=86563"},{"taxonomy":"product_tag","embeddable":true,"href":"https:\/\/secureus.se\/es\/wp-json\/wp\/v2\/product_tag?post=86563"}],"curies":[{"name":"wp","href":"https:\/\/api.w.org\/{rel}","templated":true}]}}