{"id":86565,"date":"2023-09-27T18:01:20","date_gmt":"2023-09-27T16:01:20","guid":{"rendered":"https:\/\/secureus.se\/produkt\/motorlas-841c-70-hi-o-sats\/"},"modified":"2025-10-21T11:58:56","modified_gmt":"2025-10-21T09:58:56","slug":"motorlas-841c-70-hi-o-sats","status":"publish","type":"product","link":"https:\/\/secureus.se\/es\/motorlas-841c-70-hi-o-sats\/","title":{"rendered":"Kit de bloqueo de motor 841C-70 Hi-O"},"content":{"rendered":"<p>La cerradura motorizada ASSA ABLOY 841C est\u00e1 probada y es popular en el mercado. Es muy adecuada como cerradura nocturna y de seguridad para puertas con altos requisitos de seguridad en comercio, oficinas e industria. Las puertas con cerradura diurna o de alta frecuencia deben complementarse con una cerradura diurna, por ejemplo ex. cerradura de empuje el\u00e9ctrica o cerradura de golpe el\u00e9ctrica. El 841C es una unidad Hi-O que se conecta a un DAC564 o DAC630. Hi-O significa que los dispositivos tienen una microcomputadora incorporada y se comunican entre s\u00ed para la instalaci\u00f3n plug-and-play, la sincronizaci\u00f3n del funcionamiento de la puerta, el monitoreo del comportamiento y el env\u00edo de informaci\u00f3n de diagn\u00f3stico.<\/p>\n<p><b>Accesorios incluidos en el paquete del kit:<\/b><\/p>\n<div>Cerradura de motor 841C-70, Unidad de control DAC630 Hi-O, Tarjeta de rel\u00e9 400RC64, Placa de cierre 1487-2, Cable de conexi\u00f3n EA226 (10m), Cable de transferencia EA281.<\/div>\n<div>\n<div><\/div>\n<div>\n<p><b>Caracter\u00edsticas:\u00a0\u00a0<\/b><\/p>\n<ul>\n<li>Profundidad del mandril 70 mm.<\/li>\n<li>Velocidad de apertura inferior a 1\/3 de segundo.<\/li>\n<li>La cerradura siempre se puede abrir con llave\/perilla.<\/li>\n<li>Sensor de posici\u00f3n de puerta incorporado (im\u00e1n en la placa de cierre).<\/li>\n<li>Certificado seg\u00fan EN 14846<\/li>\n<li>Certificado seg\u00fan SSF 3522, clase 4<\/li>\n<li>Se puede combinar con otras unidades Hi-O sin controlador, por ejemplo: ex. Cerradura de d\u00eda, automatizaci\u00f3n de puertas y lector de tarjetas<\/li>\n<li>Aprobado para fuego E\/EI 120 (no como funci\u00f3n ign\u00edfuga)<\/li>\n<li>Bloqueo del motor Temperatura \u2013 20 \u00b0C \u2013 + 70 \u00b0C<\/li>\n<li>La unidad de control adecuada puede soportar temperaturas de +5 \u00b0C \u2013 +40 \u00b0C, 20 \u2013 90 % humedad relativa, sin condensaci\u00f3n.<\/li>\n<li>Con cable de conexi\u00f3n EA226 10 metros<\/li>\n<\/ul>\n<p><b>Unidad de control DAC630 Hi-O + Tarjeta de rel\u00e9 400RC64:<\/b><b>\u00a0<\/b><\/p>\n<ul>\n<li>Funciona como una interfaz con el mundo exterior, con la superficie del sistema Hi-O-bus, p. ej. control de acceso o sistema de alarma<\/li>\n<li>Se comunica con el bloqueo del motor a trav\u00e9s del bus Hi-O<\/li>\n<li>Proporciona indicaciones al sistema superior para operar el bloqueo del motor.<\/li>\n<li>Activa la salida de alarma en caso de mal funcionamiento.<\/li>\n<li>Se conecta a la fuente de alimentaci\u00f3n<\/li>\n<li>Permite la incorporaci\u00f3n de un sensor de posici\u00f3n de puerta externo (contacto magn\u00e9tico)<\/li>\n<li>Tambi\u00e9n controla cerraduras diurnas suplementarias (no Hi-O), de modo que se forma una combinaci\u00f3n d\u00eda\/noche completa.<\/li>\n<\/ul>\n<p><b>Datos t\u00e9cnicos:\u00a0<\/b><\/p>\n<ul>\n<li>Voltaje de funcionamiento: 12-24 VCC estabilizador -5%+15%<\/li>\n<li>Consumo de corriente: Inactivo 50 mA M\u00e1x. 445 mA a 24 VCC<\/li>\n<li>Certificado seg\u00fan EN14846<\/li>\n<\/ul>\n<\/div>\n<\/div>","protected":false},"excerpt":{"rendered":"<p>La cerradura motorizada ASSA ABLOY 841C est\u00e1 probada y es popular en el mercado. Es muy adecuada como cerradura nocturna y de seguridad para puertas con altos requisitos de seguridad en comercio, oficinas e industria. Bloqueado por d\u00eda o de alta frecuencia<\/p>","protected":false},"featured_media":139362,"template":"","meta":{"_acf_changed":false},"product_brand":[],"product_cat":[2874],"product_tag":[4549,4543,4540,4544,4542,4863,4550],"class_list":{"0":"post-86565","1":"product","2":"type-product","3":"status-publish","4":"has-post-thumbnail","6":"product_cat-motorlas","7":"product_tag-dorndjup-70mm","8":"product_tag-komplett-sats-ja","9":"product_tag-krypterad-kommunikation-ja","10":"product_tag-nodutrymning-nej","11":"product_tag-panikutrymning-nej","12":"product_tag-pf","13":"product_tag-spanning-ac-dc","14":"product_shipping_class-tunga-paket","15":"pa_brands-abloy","16":"tm-no-options","18":"first","19":"onbackorder","20":"sale","21":"taxable","22":"shipping-taxable","23":"purchasable","24":"product-type-simple"},"acf":[],"_links":{"self":[{"href":"https:\/\/secureus.se\/es\/wp-json\/wp\/v2\/product\/86565","targetHints":{"allow":["GET"]}}],"collection":[{"href":"https:\/\/secureus.se\/es\/wp-json\/wp\/v2\/product"}],"about":[{"href":"https:\/\/secureus.se\/es\/wp-json\/wp\/v2\/types\/product"}],"wp:featuredmedia":[{"embeddable":true,"href":"https:\/\/secureus.se\/es\/wp-json\/wp\/v2\/media\/139362"}],"wp:attachment":[{"href":"https:\/\/secureus.se\/es\/wp-json\/wp\/v2\/media?parent=86565"}],"wp:term":[{"taxonomy":"product_brand","embeddable":true,"href":"https:\/\/secureus.se\/es\/wp-json\/wp\/v2\/product_brand?post=86565"},{"taxonomy":"product_cat","embeddable":true,"href":"https:\/\/secureus.se\/es\/wp-json\/wp\/v2\/product_cat?post=86565"},{"taxonomy":"product_tag","embeddable":true,"href":"https:\/\/secureus.se\/es\/wp-json\/wp\/v2\/product_tag?post=86565"}],"curies":[{"name":"wp","href":"https:\/\/api.w.org\/{rel}","templated":true}]}}