{"id":86624,"date":"2023-10-27T10:44:49","date_gmt":"2023-10-27T08:44:49","guid":{"rendered":"https:\/\/secureus.se\/produkt\/fargo-dtc4500e-plastic-card-printer-with-lamination-iso-magnetic-encoder-and-locking-hoppers-dual-sided\/"},"modified":"2026-04-08T16:18:51","modified_gmt":"2026-04-08T14:18:51","slug":"kortskrivare-fargo-dtc4500e-duplex-2","status":"publish","type":"product","link":"https:\/\/secureus.se\/es\/kortskrivare-fargo-dtc4500e-duplex-2\/","title":{"rendered":"Impresora de tarjetas d\u00faplex Fargo DTC4500e: con laminaci\u00f3n, codificador magn\u00e9tico ISO y bandejas bloqueables"},"content":{"rendered":"<p><strong>M\u00e1ximo rendimiento con el Fargo DTC4500e:<\/strong> La impresora de tarjetas de identificaci\u00f3n de doble cara Fargo DTC4500e est\u00e1 dise\u00f1ada para organizaciones que requieren alta capacidad y flexibilidad en la impresi\u00f3n de sus tarjetas de identificaci\u00f3n. Con un motor de impresi\u00f3n robusto y confiable, esta impresora ofrece velocidad, potencia y versatilidad.<\/p>\n<p><strong>Caracter\u00edsticas y beneficios:<\/strong><\/p>\n<ul>\n<li><strong>Alta capacidad:<\/strong> Equipado con rodillos grandes que permiten el doble de tarjetas de color antes de que sea necesario cambiar el rodillo, ahorrando tiempo y aumentando la eficiencia.<\/li>\n<li><strong>Seguridad:<\/strong> La soluci\u00f3n de seguridad patentada y las bandejas con cerradura protegen tanto las tarjetas de identificaci\u00f3n en blanco como las impresas.<\/li>\n<li><strong>Flexibilidad:<\/strong> La modularidad del dise\u00f1o permite actualizaciones de campo para la laminaci\u00f3n y codificaci\u00f3n de tarjetas tecnol\u00f3gicas.<\/li>\n<li><strong>Conexiones:<\/strong> Se integra f\u00e1cilmente en las infraestructuras de TI existentes a trav\u00e9s de USB y Ethernet, lo que permite la emisi\u00f3n centralizada o remota de tarjetas de identificaci\u00f3n.<\/li>\n<\/ul>\n<p><strong>Especificaci\u00f3n t\u00e9cnica:<\/strong><\/p>\n<ul>\n<li><strong>Velocidad de impresi\u00f3n:<\/strong> Hasta 120 tarjetas por hora (impresi\u00f3n a color, doble cara).<\/li>\n<li><strong>Capacidad:<\/strong> Alimentador de tarjetas de doble entrada para 200 tarjetas y salida de hasta 100 tarjetas.<\/li>\n<li><strong>Tipo de tarjeta:<\/strong> Formato ISO 7810, CR80, tama\u00f1o ID-1, compatible con tarjetas de PVC, PET y PC.<\/li>\n<\/ul>\n<p>Con su garant\u00eda de tres a\u00f1os y su dise\u00f1o duradero, la Fargo DTC4500e ofrece una soluci\u00f3n confiable y a largo plazo para todas sus necesidades de impresi\u00f3n de tarjetas de identificaci\u00f3n.<\/p>","protected":false},"excerpt":{"rendered":"<p>La Fargo DTC4500e es una impresora de tarjetas de identificaci\u00f3n de doble cara con USB, Ethernet y codificador de banda magn\u00e9tica ISO.<\/p>\n<p>Est\u00e1 equipado con bandejas con cerradura para mayor seguridad y una garant\u00eda del fabricante de tres a\u00f1os.<\/p>\n<p>Esta impresora ofrece gran volumen y alta calidad, lo que la convierte en la soluci\u00f3n perfecta para sus necesidades de tarjetas de identificaci\u00f3n.<\/p>","protected":false},"featured_media":138642,"template":"","meta":{"_acf_changed":false},"product_brand":[],"product_cat":[3206],"product_tag":[2830,3172,3177,4863,3069],"class_list":{"0":"post-86624","1":"product","2":"type-product","3":"status-publish","4":"has-post-thumbnail","6":"product_cat-fargo","7":"product_tag-kortprinter-direct-to-card","8":"product_tag-dubbelsidig-dual-side","9":"product_tag-fargo","10":"product_tag-pf","11":"product_tag-trade-produkt","12":"product_shipping_class-tunga-paket","13":"pa_brands-fargo","14":"pa_fabrikat-kortskrivare-fargo","15":"tm-no-options","17":"first","18":"outofstock","19":"sale","20":"taxable","21":"shipping-taxable","22":"purchasable","23":"product-type-simple"},"acf":[],"_links":{"self":[{"href":"https:\/\/secureus.se\/es\/wp-json\/wp\/v2\/product\/86624","targetHints":{"allow":["GET"]}}],"collection":[{"href":"https:\/\/secureus.se\/es\/wp-json\/wp\/v2\/product"}],"about":[{"href":"https:\/\/secureus.se\/es\/wp-json\/wp\/v2\/types\/product"}],"wp:featuredmedia":[{"embeddable":true,"href":"https:\/\/secureus.se\/es\/wp-json\/wp\/v2\/media\/138642"}],"wp:attachment":[{"href":"https:\/\/secureus.se\/es\/wp-json\/wp\/v2\/media?parent=86624"}],"wp:term":[{"taxonomy":"product_brand","embeddable":true,"href":"https:\/\/secureus.se\/es\/wp-json\/wp\/v2\/product_brand?post=86624"},{"taxonomy":"product_cat","embeddable":true,"href":"https:\/\/secureus.se\/es\/wp-json\/wp\/v2\/product_cat?post=86624"},{"taxonomy":"product_tag","embeddable":true,"href":"https:\/\/secureus.se\/es\/wp-json\/wp\/v2\/product_tag?post=86624"}],"curies":[{"name":"wp","href":"https:\/\/api.w.org\/{rel}","templated":true}]}}