{"id":86921,"date":"2023-10-30T17:25:05","date_gmt":"2023-10-30T16:25:05","guid":{"rendered":"https:\/\/secureus.se\/?post_type=product&#038;p=86921"},"modified":"2025-12-31T21:12:29","modified_gmt":"2025-12-31T20:12:29","slug":"larmdekal-dubbelsidig-sjalvhaftande-a6-105x148-5mm","status":"publish","type":"product","link":"https:\/\/secureus.se\/es\/larmdekal-dubbelsidig-sjalvhaftande-a6-105x148-5mm\/","title":{"rendered":"Pegatina de alarma autoadhesiva de doble cara (A6) \u2013 105\u00d7148,5 mm"},"content":{"rendered":"<p>Con esta pegatina de alarma podr\u00e1s marcar tus puntos de entrada m\u00e1s importantes, como ventanas y puertas, de forma visible y clara. Las pegatinas de alarma act\u00faan como un potente elemento disuasorio visual ante posibles robos.<\/p>\n<p><strong>Robusto y duradero<\/strong><br \/>\nFabricado en policarbonato de alta calidad. Nuestras pegatinas de alarma est\u00e1n dise\u00f1adas para soportar tanto el desgaste como la temperatura. Puedes estar seguro de que se mantendr\u00e1n en \u00f3ptimas condiciones.<\/p>\n<p><strong>Dise\u00f1o de doble cara<\/strong><br \/>\nLa mejor caracter\u00edstica de estas pegatinas de alarma es que son de doble cara. Esto significa que el motivo es visible tanto en interiores como en exteriores, proporcionando mayor seguridad y visibilidad sin importar d\u00f3nde te encuentres.<\/p>\n<p>Esta pegatina de alarma es tan efectiva en interiores como en exteriores. Para aumentar a\u00fan m\u00e1s la seguridad, se pueden colocar en interiores para mayor protecci\u00f3n. Esto le brinda la flexibilidad de personalizar su medida de seguridad seg\u00fan sus necesidades espec\u00edficas.<\/p>\n<h3>\u00c1reas de uso:<\/h3>\n<ul>\n<li><strong>Hogar:<\/strong> Proteja a su familia y su hogar aplicando estas pegatinas de alarma en todas las entradas importantes.<br \/>\n<strong>Compa\u00f1\u00eda:<\/strong> Mejore la seguridad en su lugar de trabajo haciendo que las \u00e1reas m\u00e1s cr\u00edticas sean visibles tanto para los empleados como para los visitantes.<br \/>\n<strong>Tiendas y Negocios:<\/strong> Cree un entorno m\u00e1s seguro para sus clientes y personal marcando las entradas y salidas m\u00e1s relevantes.<\/li>\n<\/ul>\n<h3>Especificaciones del producto:<\/h3>\n<ul>\n<li>Material: policarbonato<\/li>\n<li>Medida: <b>105 x 148,5 mm<\/b><\/li>\n<\/ul>\n<h3>El paquete incluye:<\/h3>\n<ul>\n<li>1 pegatina de alarma autoadhesiva de doble cara de 105 x 148,5 mm<\/li>\n<\/ul>\n<p>Aumente el nivel de seguridad en su espacio con nuestras confiables pegatinas de alarma autoadhesivas de doble cara. \u00a1Cada pegatina es una inversi\u00f3n en tu seguridad!<\/p>","protected":false},"excerpt":{"rendered":"<p><em>Marque sus puntos de entrada con nuestra pegatina de alarma autoadhesiva de doble cara. Fabricado en policarbonato duradero y resistencia superior a la temperatura. Con visibilidad tanto en interiores como en exteriores, esto es imprescindible para una mayor seguridad y protecci\u00f3n.<\/em><\/p>","protected":false},"featured_media":134542,"template":"","meta":{"_acf_changed":false},"product_brand":[],"product_cat":[1323],"product_tag":[3053],"class_list":{"0":"post-86921","1":"product","2":"type-product","3":"status-publish","4":"has-post-thumbnail","6":"product_cat-larmdekaler","7":"product_tag-nyhet","8":"product_shipping_class-dekaler-skyltar","9":"tm-no-options","11":"first","12":"outofstock","13":"featured","14":"taxable","15":"shipping-taxable","16":"purchasable","17":"product-type-simple"},"acf":[],"_links":{"self":[{"href":"https:\/\/secureus.se\/es\/wp-json\/wp\/v2\/product\/86921","targetHints":{"allow":["GET"]}}],"collection":[{"href":"https:\/\/secureus.se\/es\/wp-json\/wp\/v2\/product"}],"about":[{"href":"https:\/\/secureus.se\/es\/wp-json\/wp\/v2\/types\/product"}],"wp:featuredmedia":[{"embeddable":true,"href":"https:\/\/secureus.se\/es\/wp-json\/wp\/v2\/media\/134542"}],"wp:attachment":[{"href":"https:\/\/secureus.se\/es\/wp-json\/wp\/v2\/media?parent=86921"}],"wp:term":[{"taxonomy":"product_brand","embeddable":true,"href":"https:\/\/secureus.se\/es\/wp-json\/wp\/v2\/product_brand?post=86921"},{"taxonomy":"product_cat","embeddable":true,"href":"https:\/\/secureus.se\/es\/wp-json\/wp\/v2\/product_cat?post=86921"},{"taxonomy":"product_tag","embeddable":true,"href":"https:\/\/secureus.se\/es\/wp-json\/wp\/v2\/product_tag?post=86921"}],"curies":[{"name":"wp","href":"https:\/\/api.w.org\/{rel}","templated":true}]}}