{"id":87001,"date":"2023-11-03T12:00:41","date_gmt":"2023-11-03T11:00:41","guid":{"rendered":"https:\/\/secureus.se\/?post_type=product&#038;p=87001"},"modified":"2026-02-25T15:58:00","modified_gmt":"2026-02-25T14:58:00","slug":"mifare-desfire-4k-nxp-ev3-kort-100-pack","status":"publish","type":"product","link":"https:\/\/secureus.se\/es\/mifare-desfire-4k-nxp-ev3-kort-100-pack\/","title":{"rendered":"Tarjeta Mifare DESFire 4K NXP EV3 - RFID sin contacto (paquete de 100)"},"content":{"rendered":"<h1>Tarjeta Mifare DESFire 4K NXP EV3 - RFID sin contacto<\/h1>\n<p>Las tarjetas Mifare DESFire 4K NXP EV3 ofrecen una soluci\u00f3n segura y eficiente para el almacenamiento y la transferencia de datos sin contacto. Equipadas con un chip NXP original y una capacidad de memoria de 4 Kbytes, estas tarjetas son perfectas para diversas aplicaciones, como gesti\u00f3n de identidad, control de acceso y micropagos.<\/p>\n<p>Las tarjetas tienen un tama\u00f1o CR80 est\u00e1ndar (86 mm x 54 mm), lo que las hace f\u00e1ciles de usar e integrar en los sistemas existentes. Operan en una frecuencia de 13,56 MHz, lo que garantiza una comunicaci\u00f3n r\u00e1pida y segura. Ya sea que est\u00e9 administrando activos en un edificio o realizando pagos, las tarjetas Mifare DESFire 4K ofrecen una soluci\u00f3n confiable y flexible.<\/p>\n<p>Cada paquete contiene 100 tarjetas, lo que los convierte en una opci\u00f3n rentable para empresas peque\u00f1as y grandes que necesitan alta seguridad y facilidad de uso en sus sistemas.<\/p>\n<p><strong>Caracter\u00edsticas y beneficios<\/strong>:<\/p>\n<ul>\n<li>Tarjetas sin contacto con chip NXP original<\/li>\n<li>Capacidad de memoria de 4 Kbytes para un almacenamiento extenso<\/li>\n<li>Tama\u00f1o CR80 est\u00e1ndar para un uso f\u00e1cil<\/li>\n<li>Opera a 13,56 MHz para una comunicaci\u00f3n r\u00e1pida.<\/li>\n<li>Ideal para identidad, control de acceso y micropagos.<\/li>\n<\/ul>\n<p><strong>Especificaciones t\u00e9cnicas<\/strong>:<\/p>\n<ul>\n<li><strong>Capacidad de memoria<\/strong>: 4 Kbytes<\/li>\n<li><strong>Frecuencia<\/strong>:13,56 MHz<\/li>\n<li><strong>Tama\u00f1o<\/strong>:CR80 est\u00e1ndar (86 mm x 54 mm)<\/li>\n<li><strong>Peso (embalaje)<\/strong>:0,59 kg<\/li>\n<\/ul>","protected":false},"excerpt":{"rendered":"<p>Este producto tiene chips certificados de NXP\u00ae, una empresa de tecnolog\u00eda global con sede en los Pa\u00edses Bajos. NXP\u00ae se especializa en RFID y NFC y ofrece una gama de productos en seguridad, conectividad y soluciones integradas.<\/p>\n<p>Las tarjetas Mifare DESFire 4K NXP EV3 son tarjetas RFID sin contacto con un chip NXP original y una capacidad de memoria de 4 Kbytes.<\/p>\n<p>Estas tarjetas funcionan a 13,56 MHz y son perfectas para m\u00faltiples aplicaciones, incluida la gesti\u00f3n de identidad, el control de acceso y los micropagos.<\/p>\n<p>Se vende en paquetes de 100.<\/p>","protected":false},"featured_media":148203,"template":"","meta":{"_acf_changed":false},"product_brand":[],"product_cat":[4233,1711],"product_tag":[4538,3143,4146,3077,3084,3069],"class_list":{"0":"post-87001","1":"product","2":"type-product","3":"status-publish","4":"has-post-thumbnail","6":"product_cat-rfid-kort-desfire","7":"product_cat-rfid-kort","8":"product_tag-100-pack-lopnummer-rfid-kort","9":"product_tag-desfire-ev3-4k","10":"product_tag-nxp","11":"product_tag-rfid-desfire","12":"product_tag-trade-rfid-kort","13":"product_tag-trade-produkt","14":"product_shipping_class-postnord-varubrev","15":"pa_plastkort-teknik-desfire","16":"tm-has-options","18":"first","19":"instock","20":"taxable","21":"shipping-taxable","22":"purchasable","23":"product-type-simple"},"acf":[],"_links":{"self":[{"href":"https:\/\/secureus.se\/es\/wp-json\/wp\/v2\/product\/87001","targetHints":{"allow":["GET"]}}],"collection":[{"href":"https:\/\/secureus.se\/es\/wp-json\/wp\/v2\/product"}],"about":[{"href":"https:\/\/secureus.se\/es\/wp-json\/wp\/v2\/types\/product"}],"wp:featuredmedia":[{"embeddable":true,"href":"https:\/\/secureus.se\/es\/wp-json\/wp\/v2\/media\/148203"}],"wp:attachment":[{"href":"https:\/\/secureus.se\/es\/wp-json\/wp\/v2\/media?parent=87001"}],"wp:term":[{"taxonomy":"product_brand","embeddable":true,"href":"https:\/\/secureus.se\/es\/wp-json\/wp\/v2\/product_brand?post=87001"},{"taxonomy":"product_cat","embeddable":true,"href":"https:\/\/secureus.se\/es\/wp-json\/wp\/v2\/product_cat?post=87001"},{"taxonomy":"product_tag","embeddable":true,"href":"https:\/\/secureus.se\/es\/wp-json\/wp\/v2\/product_tag?post=87001"}],"curies":[{"name":"wp","href":"https:\/\/api.w.org\/{rel}","templated":true}]}}