{"id":87005,"date":"2023-11-03T12:00:44","date_gmt":"2023-11-03T11:00:44","guid":{"rendered":"https:\/\/secureus.se\/?post_type=product&#038;p=87005"},"modified":"2026-04-08T16:18:09","modified_gmt":"2026-04-08T14:18:09","slug":"mifare-desfire-2k-nxp-ev1-kort-100-pack","status":"publish","type":"product","link":"https:\/\/secureus.se\/es\/mifare-desfire-2k-nxp-ev1-kort-100-pack\/","title":{"rendered":"Tarjeta Mifare DESFire 2K NXP EV1 (paquete de 100) - Sin contacto"},"content":{"rendered":"<h1>Tarjeta Mifare DESFire 2K NXP EV1 - Sin contacto<\/h1>\n<p>Las tarjetas Mifare DESFire 2K NXP EV1 son tarjetas sin contacto de alto rendimiento dise\u00f1adas para proporcionar un almacenamiento de datos seguro y flexible. Con una capacidad de memoria de 2 Kbytes y un chip NXP original que opera a 13,56 MHz, estas tarjetas son adecuadas para una variedad de usos, incluidos identidad, control de acceso y micropagos.<\/p>\n<p>Las tarjetas est\u00e1n dise\u00f1adas en el tama\u00f1o est\u00e1ndar CR80 (86 mm x 54 mm), lo que hace que sean f\u00e1ciles de integrar en varios sistemas. Las tarjetas Mifare DESFire 2K ofrecen una combinaci\u00f3n de seguridad y facilidad de uso, lo que las convierte en una excelente opci\u00f3n para empresas y organizaciones que buscan una soluci\u00f3n confiable para administrar el acceso y los pagos.<\/p>\n<p>Cada paquete contiene 100 tarjetas, lo que las hace rentables tanto para empresas peque\u00f1as como grandes. Las tarjetas Mifare DESFire 2K son una soluci\u00f3n confiable y segura para las aplicaciones RFID modernas.<\/p>\n<p><strong>Caracter\u00edsticas y beneficios<\/strong>:<\/p>\n<ul>\n<li>Tarjetas sin contacto con chip NXP original<\/li>\n<li>Capacidad de memoria de 2 Kbytes para un almacenamiento flexible<\/li>\n<li>Tama\u00f1o CR80 est\u00e1ndar para una f\u00e1cil integraci\u00f3n<\/li>\n<li>Opera a 13,56 MHz para una comunicaci\u00f3n r\u00e1pida y segura.<\/li>\n<li>Ideal para identidad, control de acceso y micropagos.<\/li>\n<\/ul>\n<p><strong>Especificaciones t\u00e9cnicas<\/strong>:<\/p>\n<ul>\n<li><strong>Capacidad de memoria<\/strong>: 2 Kbytes<\/li>\n<li><strong>Frecuencia<\/strong>:13,56 MHz<\/li>\n<li><strong>Tama\u00f1o<\/strong>:CR80 est\u00e1ndar (86 mm x 54 mm)<\/li>\n<li><strong>Peso (embalaje)<\/strong>:0,59 kg<\/li>\n<\/ul>","protected":false},"excerpt":{"rendered":"<p>Este producto tiene chips certificados de NXP\u00ae, una empresa de tecnolog\u00eda global con sede en los Pa\u00edses Bajos. NXP\u00ae se especializa en RFID y NFC y ofrece una gama de productos en seguridad, conectividad y soluciones integradas.<\/p>\n<p>Las tarjetas Mifare DESFire 2K NXP EV1 son tarjetas sin contacto con un chip NXP original y una capacidad de memoria de 2 Kbytes.<\/p>\n<p>Estas tarjetas funcionan a 13,56 MHz y son perfectas para diversas aplicaciones como gesti\u00f3n de identidad, control de acceso y micropagos. Se vende en paquetes de 100.<\/p>","protected":false},"featured_media":138555,"template":"","meta":{"_acf_changed":false},"product_brand":[],"product_cat":[4233,1711],"product_tag":[4538,4146,3077,3084,3069],"class_list":{"0":"post-87005","1":"product","2":"type-product","3":"status-publish","4":"has-post-thumbnail","6":"product_cat-rfid-kort-desfire","7":"product_cat-rfid-kort","8":"product_tag-100-pack-lopnummer-rfid-kort","9":"product_tag-nxp","10":"product_tag-rfid-desfire","11":"product_tag-trade-rfid-kort","12":"product_tag-trade-produkt","13":"product_shipping_class-postnord-varubrev","14":"pa_plastkort-teknik-desfire","15":"tm-has-options","17":"first","18":"outofstock","19":"sale","20":"taxable","21":"shipping-taxable","22":"purchasable","23":"product-type-simple"},"acf":[],"_links":{"self":[{"href":"https:\/\/secureus.se\/es\/wp-json\/wp\/v2\/product\/87005","targetHints":{"allow":["GET"]}}],"collection":[{"href":"https:\/\/secureus.se\/es\/wp-json\/wp\/v2\/product"}],"about":[{"href":"https:\/\/secureus.se\/es\/wp-json\/wp\/v2\/types\/product"}],"wp:featuredmedia":[{"embeddable":true,"href":"https:\/\/secureus.se\/es\/wp-json\/wp\/v2\/media\/138555"}],"wp:attachment":[{"href":"https:\/\/secureus.se\/es\/wp-json\/wp\/v2\/media?parent=87005"}],"wp:term":[{"taxonomy":"product_brand","embeddable":true,"href":"https:\/\/secureus.se\/es\/wp-json\/wp\/v2\/product_brand?post=87005"},{"taxonomy":"product_cat","embeddable":true,"href":"https:\/\/secureus.se\/es\/wp-json\/wp\/v2\/product_cat?post=87005"},{"taxonomy":"product_tag","embeddable":true,"href":"https:\/\/secureus.se\/es\/wp-json\/wp\/v2\/product_tag?post=87005"}],"curies":[{"name":"wp","href":"https:\/\/api.w.org\/{rel}","templated":true}]}}