{"id":87009,"date":"2023-11-03T12:00:47","date_gmt":"2023-11-03T11:00:47","guid":{"rendered":"https:\/\/secureus.se\/?post_type=product&#038;p=87009"},"modified":"2026-03-26T10:13:49","modified_gmt":"2026-03-26T09:13:49","slug":"ntag213-nfc-rfid-kort-100-pack","status":"publish","type":"product","link":"https:\/\/secureus.se\/es\/ntag213-nfc-rfid-kort-100-pack\/","title":{"rendered":"Tarjeta RFID NFC NTAG213 \u2013 Sin contacto CR80 (paquete de 100)"},"content":{"rendered":"<h1>Tarjeta RFID NFC NTAG213 \u2013 Sin contacto CR80<\/h1>\n<p>Las tarjetas RFID NFC NTAG213 son una soluci\u00f3n ideal para la identificaci\u00f3n sin contacto y el almacenamiento de datos. Con un chip NTAG213 integrado en cada tarjeta, estas tarjetas ofrecen una capacidad de memoria de 144 bytes y funcionan a 13,56 MHz.<\/p>\n<p>Las tarjetas est\u00e1n dise\u00f1adas en tama\u00f1o CR80 est\u00e1ndar (86 mm x 54 mm) y tienen una superficie de PVC brillante que es perfecta para la impresi\u00f3n personalizada de logotipos e informaci\u00f3n. Sus capacidades de lectura y reescritura los hacen vers\u00e1tiles para su uso en una variedad de aplicaciones, incluidas la emisi\u00f3n de entradas, programas de fidelizaci\u00f3n y eventos.<\/p>\n<p>Cada paquete contiene 100 tarjetas, lo que los convierte en una opci\u00f3n rentable para empresas y organizaciones que necesitan soluciones RFID de alta calidad. Las tarjetas NTAG213 combinan funcionalidad con estilo y son la soluci\u00f3n perfecta para los sistemas RFID modernos.<\/p>\n<p><strong>Caracter\u00edsticas y beneficios<\/strong>:<\/p>\n<ul>\n<li>Tarjeta RFID NFC con capacidad de lectura y reescritura<\/li>\n<li>Tama\u00f1o CR80 est\u00e1ndar para una f\u00e1cil integraci\u00f3n<\/li>\n<li>144 bytes de capacidad de memoria para almacenar la informaci\u00f3n necesaria<\/li>\n<li>Superficie de PVC brillante personalizable.<\/li>\n<li>Ideal para eventos, programas de fidelizaci\u00f3n y control de acceso.<\/li>\n<\/ul>\n<p><strong>Especificaciones t\u00e9cnicas<\/strong>:<\/p>\n<ul>\n<li><strong>Capacidad de memoria<\/strong>: 144 bytes<\/li>\n<li><strong>Frecuencia<\/strong>:13,56 MHz<\/li>\n<li><strong>Tama\u00f1o<\/strong>:CR80 est\u00e1ndar (86 mm x 54 mm)<\/li>\n<li><strong>Peso (embalaje)<\/strong>:0,59 kg<\/li>\n<\/ul>","protected":false},"excerpt":{"rendered":"<p>La tarjeta RFID NFC NTAG213 ofrece capacidades de lectura y reescritura con una capacidad de memoria de 144 bytes.<\/p>\n<p>Estas tarjetas de PVC brillante son de tama\u00f1o CR80 est\u00e1ndar y se pueden personalizar con impresi\u00f3n.<\/p>\n<p>Perfecto para diversas aplicaciones, incluidos eventos y programas de fidelizaci\u00f3n.<\/p>\n<p>Se vende en paquetes de 100.<\/p>","protected":false},"featured_media":139205,"template":"","meta":{"_acf_changed":false},"product_brand":[],"product_cat":[4232,1711],"product_tag":[3077,3084,3069],"class_list":{"0":"post-87009","1":"product","2":"type-product","3":"status-publish","4":"has-post-thumbnail","6":"product_cat-rfid-kort-legic-pac-fm-5542","7":"product_cat-rfid-kort","8":"product_tag-rfid-desfire","9":"product_tag-trade-rfid-kort","10":"product_tag-trade-produkt","11":"pa_plastkort-teknik-ntag203","12":"tm-no-options","14":"first","15":"instock","16":"sale","17":"taxable","18":"shipping-taxable","19":"purchasable","20":"product-type-simple"},"acf":[],"_links":{"self":[{"href":"https:\/\/secureus.se\/es\/wp-json\/wp\/v2\/product\/87009","targetHints":{"allow":["GET"]}}],"collection":[{"href":"https:\/\/secureus.se\/es\/wp-json\/wp\/v2\/product"}],"about":[{"href":"https:\/\/secureus.se\/es\/wp-json\/wp\/v2\/types\/product"}],"wp:featuredmedia":[{"embeddable":true,"href":"https:\/\/secureus.se\/es\/wp-json\/wp\/v2\/media\/139205"}],"wp:attachment":[{"href":"https:\/\/secureus.se\/es\/wp-json\/wp\/v2\/media?parent=87009"}],"wp:term":[{"taxonomy":"product_brand","embeddable":true,"href":"https:\/\/secureus.se\/es\/wp-json\/wp\/v2\/product_brand?post=87009"},{"taxonomy":"product_cat","embeddable":true,"href":"https:\/\/secureus.se\/es\/wp-json\/wp\/v2\/product_cat?post=87009"},{"taxonomy":"product_tag","embeddable":true,"href":"https:\/\/secureus.se\/es\/wp-json\/wp\/v2\/product_tag?post=87009"}],"curies":[{"name":"wp","href":"https:\/\/api.w.org\/{rel}","templated":true}]}}