{"id":87011,"date":"2023-11-03T12:00:48","date_gmt":"2023-11-03T11:00:48","guid":{"rendered":"https:\/\/secureus.se\/?post_type=product&#038;p=87011"},"modified":"2026-04-08T16:24:52","modified_gmt":"2026-04-08T14:24:52","slug":"ntag203-rfid-kort-100-pack","status":"publish","type":"product","link":"https:\/\/secureus.se\/es\/ntag203-rfid-kort-100-pack\/","title":{"rendered":"Tarjeta RFID sin contacto NTAG203 CR80 (paquete de 100)"},"content":{"rendered":"<h1>Tarjeta RFID sin contacto NTAG203 CR80 (paquete de 100)<\/h1>\n<p>Las tarjetas RFID NTAG203 ofrecen una soluci\u00f3n flexible y rentable para la identificaci\u00f3n sin contacto y el almacenamiento de datos. Estas tarjetas est\u00e1n dise\u00f1adas en el tama\u00f1o est\u00e1ndar CR80 (86 mm x 54 mm) y est\u00e1n equipadas con 144 bytes de memoria, lo que las hace adecuadas para una amplia gama de usos, incluidos eventos, venta de entradas y programas de fidelizaci\u00f3n de clientes.<\/p>\n<p>Estas tarjetas funcionan a 13,56 MHz y tienen la capacidad de leer y escribir datos, lo que permite un uso vers\u00e1til. El chip NTAG203 garantiza una comunicaci\u00f3n r\u00e1pida y confiable, lo que hace que estas tarjetas sean ideales para su uso en sistemas RFID modernos.<\/p>\n<p>Cada paquete contiene 100 tarjetas, lo que las convierte en una excelente opci\u00f3n para empresas y organizaciones que buscan soluciones de identificaci\u00f3n sin contacto rentables. Con sus caracter\u00edsticas robustas y facilidad de uso, las tarjetas NTAG203 son la elecci\u00f3n perfecta para una variedad de aplicaciones.<\/p>\n<p><strong>Caracter\u00edsticas y beneficios<\/strong>:<\/p>\n<ul>\n<li>Tarjetas RFID sin contacto con capacidad de lectura y reescritura<\/li>\n<li>Tama\u00f1o CR80 est\u00e1ndar para una f\u00e1cil integraci\u00f3n<\/li>\n<li>144 bytes de capacidad de memoria para almacenar la informaci\u00f3n necesaria<\/li>\n<li>Opera a 13,56 MHz para una comunicaci\u00f3n r\u00e1pida.<\/li>\n<li>Perfecto para eventos, venta de entradas y programas de fidelizaci\u00f3n.<\/li>\n<\/ul>\n<p><strong>Especificaciones t\u00e9cnicas<\/strong>:<\/p>\n<ul>\n<li><strong>Capacidad de memoria<\/strong>: 144 bytes<\/li>\n<li><strong>Frecuencia<\/strong>:13,56 MHz<\/li>\n<li><strong>Tama\u00f1o<\/strong>:CR80 est\u00e1ndar (86 mm x 54 mm)<\/li>\n<li><strong>Peso (embalaje)<\/strong>:0,50 kilogramos<\/li>\n<\/ul>","protected":false},"excerpt":{"rendered":"<p>Las tarjetas NTAG203 son tarjetas RFID sin contacto con capacidades de lectura y reescritura.<\/p>\n<p>Con un tama\u00f1o CR80 est\u00e1ndar y una capacidad de memoria de 144 bytes, estas tarjetas funcionan a 13,56 MHz y son perfectas para una variedad de aplicaciones.<\/p>\n<p>Se vende en pr\u00e1cticos paquetes de 100.<\/p>","protected":false},"featured_media":138513,"template":"","meta":{"_acf_changed":false},"product_brand":[],"product_cat":[4232,1711],"product_tag":[4538,3077,3084,3069],"class_list":{"0":"post-87011","1":"product","2":"type-product","3":"status-publish","4":"has-post-thumbnail","6":"product_cat-rfid-kort-legic-pac-fm-5542","7":"product_cat-rfid-kort","8":"product_tag-100-pack-lopnummer-rfid-kort","9":"product_tag-rfid-desfire","10":"product_tag-trade-rfid-kort","11":"product_tag-trade-produkt","12":"product_shipping_class-postnord-varubrev","13":"pa_plastkort-teknik-ntag203","14":"tm-no-options","16":"first","17":"outofstock","18":"sale","19":"taxable","20":"shipping-taxable","21":"purchasable","22":"product-type-simple"},"acf":[],"_links":{"self":[{"href":"https:\/\/secureus.se\/es\/wp-json\/wp\/v2\/product\/87011","targetHints":{"allow":["GET"]}}],"collection":[{"href":"https:\/\/secureus.se\/es\/wp-json\/wp\/v2\/product"}],"about":[{"href":"https:\/\/secureus.se\/es\/wp-json\/wp\/v2\/types\/product"}],"wp:featuredmedia":[{"embeddable":true,"href":"https:\/\/secureus.se\/es\/wp-json\/wp\/v2\/media\/138513"}],"wp:attachment":[{"href":"https:\/\/secureus.se\/es\/wp-json\/wp\/v2\/media?parent=87011"}],"wp:term":[{"taxonomy":"product_brand","embeddable":true,"href":"https:\/\/secureus.se\/es\/wp-json\/wp\/v2\/product_brand?post=87011"},{"taxonomy":"product_cat","embeddable":true,"href":"https:\/\/secureus.se\/es\/wp-json\/wp\/v2\/product_cat?post=87011"},{"taxonomy":"product_tag","embeddable":true,"href":"https:\/\/secureus.se\/es\/wp-json\/wp\/v2\/product_tag?post=87011"}],"curies":[{"name":"wp","href":"https:\/\/api.w.org\/{rel}","templated":true}]}}