{"id":87016,"date":"2023-11-03T12:00:51","date_gmt":"2023-11-03T11:00:51","guid":{"rendered":"https:\/\/secureus.se\/?post_type=product&#038;p=87016"},"modified":"2026-04-08T16:23:42","modified_gmt":"2026-04-08T14:23:42","slug":"legic-1024-prime-mim-kontaktchipkort-100-pack","status":"publish","type":"product","link":"https:\/\/secureus.se\/es\/legic-1024-prime-mim-kontaktchipkort-100-pack\/","title":{"rendered":"Tarjeta con chip de contacto Legic 1024 Prime MIM (paquete de 100)"},"content":{"rendered":"<h1>Tarjeta con chip de contacto Legic 1024 Prime MIM (paquete de 100)<\/h1>\n<p>Las tarjetas con chip de contacto Legic 1024 Prime MIM son tarjetas RFID avanzadas que ofrecen alta seguridad y flexibilidad para diversas aplicaciones. Con tecnolog\u00eda Legic integrada, estas tarjetas inteligentes est\u00e1n dise\u00f1adas para gestionar de forma eficiente el control de acceso, tiempo y asistencia, estacionamiento y gesti\u00f3n log\u00edstica.<\/p>\n<p>Estas tarjetas son de tama\u00f1o CR80 est\u00e1ndar (86 mm x 54 mm), lo que las hace f\u00e1ciles de usar y manipular. Con una capacidad de memoria de 1024 bytes, pueden almacenar informaci\u00f3n y datos necesarios de forma segura. La alta frecuencia de comunicaci\u00f3n de 13,56 MHz garantiza una transmisi\u00f3n de datos r\u00e1pida y confiable, lo que los hace adecuados para uso tanto en interiores como en exteriores.<\/p>\n<p>Se venden en c\u00f3modos paquetes de 100, lo que los hace rentables para empresas y organizaciones que necesitan una gran cantidad de tarjetas para sus sistemas de seguridad y gesti\u00f3n.<\/p>\n<p><strong>Caracter\u00edsticas y beneficios<\/strong>:<\/p>\n<ul>\n<li>Tecnolog\u00eda Legic incorporada para alta seguridad<\/li>\n<li>Perfecto para el control de acceso y la gesti\u00f3n del tiempo y la asistencia.<\/li>\n<li>Tama\u00f1o CR80 est\u00e1ndar (86 mm x 54 mm) para un uso f\u00e1cil<\/li>\n<li>Memoria: 1024 bytes para almacenamiento seguro de datos<\/li>\n<li>Frecuencia: 13,56 MHz para una comunicaci\u00f3n r\u00e1pida y confiable<\/li>\n<li>Se vende en paquetes de 100 para mayor rentabilidad.<\/li>\n<\/ul>\n<p><strong>Especificaciones t\u00e9cnicas<\/strong>:<\/p>\n<ul>\n<li><strong>Tipo de chip<\/strong>: Legic MIM 1024-ASIC<\/li>\n<li><strong>Memoria<\/strong>:1024 bytes<\/li>\n<li><strong>Frecuencia<\/strong>:13,56 MHz<\/li>\n<li><strong>Tama\u00f1o<\/strong>:CR80 est\u00e1ndar (86 mm x 54 mm)<\/li>\n<li><strong>Peso (embalaje)<\/strong>:0,56 kilogramos<\/li>\n<\/ul>","protected":false},"excerpt":{"rendered":"<p>Las tarjetas con chip de contacto Legic 1024 Prime MIM son tarjetas RFID con tecnolog\u00eda Legic incorporada, perfectas para control de acceso, tiempo y asistencia, estacionamiento y gesti\u00f3n log\u00edstica.<\/p>\n<p>Estas tarjetas tienen una capacidad de memoria de 1024 bytes y funcionan a una frecuencia de 13,56 MHz.<\/p>\n<p>Se vende en paquetes de 100.<\/p>","protected":false},"featured_media":138545,"template":"","meta":{"_acf_changed":false},"product_brand":[],"product_cat":[4232,1711],"product_tag":[4538,3077,3084,3069],"class_list":{"0":"post-87016","1":"product","2":"type-product","3":"status-publish","4":"has-post-thumbnail","6":"product_cat-rfid-kort-legic-pac-fm-5542","7":"product_cat-rfid-kort","8":"product_tag-100-pack-lopnummer-rfid-kort","9":"product_tag-rfid-desfire","10":"product_tag-trade-rfid-kort","11":"product_tag-trade-produkt","12":"product_shipping_class-postnord-varubrev","13":"pa_plastkort-teknik-legic","14":"tm-no-options","16":"first","17":"outofstock","18":"sale","19":"taxable","20":"shipping-taxable","21":"purchasable","22":"product-type-simple"},"acf":[],"_links":{"self":[{"href":"https:\/\/secureus.se\/es\/wp-json\/wp\/v2\/product\/87016","targetHints":{"allow":["GET"]}}],"collection":[{"href":"https:\/\/secureus.se\/es\/wp-json\/wp\/v2\/product"}],"about":[{"href":"https:\/\/secureus.se\/es\/wp-json\/wp\/v2\/types\/product"}],"wp:featuredmedia":[{"embeddable":true,"href":"https:\/\/secureus.se\/es\/wp-json\/wp\/v2\/media\/138545"}],"wp:attachment":[{"href":"https:\/\/secureus.se\/es\/wp-json\/wp\/v2\/media?parent=87016"}],"wp:term":[{"taxonomy":"product_brand","embeddable":true,"href":"https:\/\/secureus.se\/es\/wp-json\/wp\/v2\/product_brand?post=87016"},{"taxonomy":"product_cat","embeddable":true,"href":"https:\/\/secureus.se\/es\/wp-json\/wp\/v2\/product_cat?post=87016"},{"taxonomy":"product_tag","embeddable":true,"href":"https:\/\/secureus.se\/es\/wp-json\/wp\/v2\/product_tag?post=87016"}],"curies":[{"name":"wp","href":"https:\/\/api.w.org\/{rel}","templated":true}]}}