{"id":87024,"date":"2023-11-03T12:00:56","date_gmt":"2023-11-03T11:00:56","guid":{"rendered":"https:\/\/secureus.se\/?post_type=product&#038;p=87024"},"modified":"2025-08-15T20:31:17","modified_gmt":"2025-08-15T18:31:17","slug":"pac-mifare-kort-med-4-byte-uid-10-pack","status":"publish","type":"product","link":"https:\/\/secureus.se\/es\/pac-mifare-kort-med-4-byte-uid-10-pack\/","title":{"rendered":"Tarjeta Mifare PAC con UID de 4 bytes (paquete de 10)"},"content":{"rendered":"<h1>Tarjeta Mifare PAC con UID de 4 bytes (paquete de 10)<\/h1>\n<p>Las tarjetas PAC Mifare son tarjetas sin contacto imprimibles de alta calidad, dise\u00f1adas para usarse en una variedad de aplicaciones, incluidas tarjetas de identidad y control de acceso. Con un UID sin 4 bytes, estas tarjetas brindan una soluci\u00f3n flexible para uso personalizado y funcionan muy bien con la mayor\u00eda de las impresoras de tarjetas de pl\u00e1stico.<\/p>\n<p>Estas tarjetas operan a una frecuencia de 13,56 MHz, lo que garantiza una comunicaci\u00f3n r\u00e1pida y confiable. Con un rango de lectura de hasta 45 mm, son ideales tanto para uso en interiores como en exteriores. Con un tama\u00f1o CR80 est\u00e1ndar (86 mm x 54 mm), son adecuados para imprimir f\u00e1cilmente dise\u00f1os y logotipos personalizados.<\/p>\n<p>Se venden en paquetes de 10, lo que los hace rentables para empresas que necesitan tarjetas para diversos prop\u00f3sitos. Estas tarjetas tambi\u00e9n son una excelente alternativa a las tarjetas PAC 40090, lo que las convierte en una soluci\u00f3n vers\u00e1til para las necesidades de seguridad.<\/p>\n<p><strong>Caracter\u00edsticas y beneficios<\/strong>:<\/p>\n<ul>\n<li>Tarjetas Mifare imprimibles con 4 bytes sin UID<\/li>\n<li>Opera a una frecuencia de 13,56 MHz para una comunicaci\u00f3n r\u00e1pida.<\/li>\n<li>Compatible con la mayor\u00eda de impresoras de tarjetas de pl\u00e1stico.<\/li>\n<li>Rango de lectura de hasta 45 mm<\/li>\n<li>Tama\u00f1o CR80 est\u00e1ndar (86 mm x 54 mm) para facilitar la impresi\u00f3n<\/li>\n<li>Se vende en paquetes de 10 para mayor rentabilidad.<\/li>\n<\/ul>\n<p><strong>Especificaciones t\u00e9cnicas<\/strong>:<\/p>\n<ul>\n<li><strong>UID<\/strong>: 4 bytes sin UID<\/li>\n<li><strong>Frecuencia<\/strong>:13,56 MHz<\/li>\n<li><strong>Rango de lectura<\/strong>:Hasta 45 mm<\/li>\n<li><strong>Tama\u00f1o<\/strong>:CR80 est\u00e1ndar (86 mm x 54 mm)<\/li>\n<li><strong>Peso (embalaje)<\/strong>:0,06 kilogramos<\/li>\n<\/ul>","protected":false},"excerpt":{"rendered":"<p>Estas tarjetas PAC son tarjetas Mifare imprimibles con UID de 4 bytes y funcionan a una frecuencia de 13,56 MHz.<\/p>\n<p>La tarjeta es compatible con la mayor\u00eda de las impresoras de tarjetas de pl\u00e1stico y ofrece un rango de lectura de hasta 45 mm.<\/p>\n<p>Se venden en paquetes de 10 y son una excelente alternativa a las tarjetas PAC 40090.<\/p>","protected":false},"featured_media":138728,"template":"","meta":{"_acf_changed":false},"product_brand":[],"product_cat":[4232,1711],"product_tag":[3077,3084,3069],"class_list":{"0":"post-87024","1":"product","2":"type-product","3":"status-publish","4":"has-post-thumbnail","6":"product_cat-rfid-kort-legic-pac-fm-5542","7":"product_cat-rfid-kort","8":"product_tag-rfid-desfire","9":"product_tag-trade-rfid-kort","10":"product_tag-trade-produkt","11":"product_shipping_class-postnord-varubrev","12":"pa_plastkort-teknik-pac","13":"tm-no-options","15":"first","16":"instock","17":"sale","18":"taxable","19":"shipping-taxable","20":"purchasable","21":"product-type-simple"},"acf":[],"_links":{"self":[{"href":"https:\/\/secureus.se\/es\/wp-json\/wp\/v2\/product\/87024","targetHints":{"allow":["GET"]}}],"collection":[{"href":"https:\/\/secureus.se\/es\/wp-json\/wp\/v2\/product"}],"about":[{"href":"https:\/\/secureus.se\/es\/wp-json\/wp\/v2\/types\/product"}],"wp:featuredmedia":[{"embeddable":true,"href":"https:\/\/secureus.se\/es\/wp-json\/wp\/v2\/media\/138728"}],"wp:attachment":[{"href":"https:\/\/secureus.se\/es\/wp-json\/wp\/v2\/media?parent=87024"}],"wp:term":[{"taxonomy":"product_brand","embeddable":true,"href":"https:\/\/secureus.se\/es\/wp-json\/wp\/v2\/product_brand?post=87024"},{"taxonomy":"product_cat","embeddable":true,"href":"https:\/\/secureus.se\/es\/wp-json\/wp\/v2\/product_cat?post=87024"},{"taxonomy":"product_tag","embeddable":true,"href":"https:\/\/secureus.se\/es\/wp-json\/wp\/v2\/product_tag?post=87024"}],"curies":[{"name":"wp","href":"https:\/\/api.w.org\/{rel}","templated":true}]}}