{"id":87141,"date":"2023-11-03T12:01:10","date_gmt":"2023-11-03T11:01:10","guid":{"rendered":"https:\/\/secureus.se\/produkt\/mifare-classic-4k-nxp-ev1-cards-with-magnetic-stripe-pack-of-100\/"},"modified":"2026-04-23T12:34:26","modified_gmt":"2026-04-23T10:34:26","slug":"mifare-classic-4k-med-hi-co-magnetremsa-100-pack","status":"publish","type":"product","link":"https:\/\/secureus.se\/es\/mifare-classic-4k-med-hi-co-magnetremsa-100-pack\/","title":{"rendered":"Mifare Classic 4K con banda magn\u00e9tica HiCo (paquete de 100)"},"content":{"rendered":"<h1>Mifare Classic 4K con banda magn\u00e9tica Hi-Co (paquete de 100)<\/h1>\n<p>Las tarjetas Mifare Classic 4K NXP EV1 con banda magn\u00e9tica Hi-Co son la soluci\u00f3n perfecta para empresas y organizaciones que necesitan soluciones de identidad seguras y eficientes. Estas tarjetas est\u00e1n equipadas con un chip inteligente NXP original, que garantiza alta seguridad y confiabilidad en su uso. Con una capacidad de memoria de 4 KB, las tarjetas pueden almacenar una gran cantidad de informaci\u00f3n, lo que las hace ideales para diversas aplicaciones en identidad y control de acceso.<\/p>\n<p>La banda magn\u00e9tica de alta coercitividad (2750 Oersted) permite una f\u00e1cil codificaci\u00f3n de datos, haciendo posible el uso de las tarjetas para soluciones de venta de billetes y otros sistemas de pago. La frecuencia de 13,56 MHz de las tarjetas garantiza una comunicaci\u00f3n r\u00e1pida y segura, y cada tarjeta est\u00e1 programada individualmente con un n\u00famero NUID de 4 bytes para mayor seguridad y trazabilidad. Se venden en paquetes de 100, lo que los hace rentables para instalaciones y proyectos m\u00e1s grandes.<\/p>\n<p><strong>Caracter\u00edsticas y beneficios<\/strong>:<\/p>\n<ul>\n<li>Equipado con chip inteligente NXP genuino<\/li>\n<li>Banda magn\u00e9tica de alta coercitividad (2750 Oersted)<\/li>\n<li>Capacidad de memoria de 4 KB<\/li>\n<li>Opera en una frecuencia de 13,56 MHz<\/li>\n<li>Programado individualmente con n\u00fameros NUID de 4 bytes<\/li>\n<li>Se vende en paquetes de 100 para un uso rentable.<\/li>\n<\/ul>\n<p><strong>Especificaciones t\u00e9cnicas<\/strong>:<\/p>\n<ul>\n<li><strong>Capacidad de memoria<\/strong>:4 KB<\/li>\n<li><strong>Frecuencia<\/strong>:13,56 MHz<\/li>\n<li><strong>banda magn\u00e9tica<\/strong>:Alta coercitividad (2750 Oersted)<\/li>\n<li><strong>Tama\u00f1o<\/strong>: CR80 est\u00e1ndar<\/li>\n<li><strong>Peso (embalaje)<\/strong>:0,59 kilogramos<\/li>\n<\/ul>","protected":false},"excerpt":{"rendered":"<p>Este producto tiene chips certificados de NXP\u00ae, una empresa de tecnolog\u00eda global con sede en los Pa\u00edses Bajos. NXP\u00ae se especializa en RFID y NFC y ofrece una gama de productos en seguridad, conectividad y soluciones integradas.<\/p>\n<p>Las tarjetas Mifare Classic 4K NXP EV1 con banda magn\u00e9tica de alta coercitividad son tarjetas sin contacto equipadas con un chip inteligente NXP original.<\/p>\n<p>Con una capacidad de memoria de 4 KB y una banda magn\u00e9tica para codificaci\u00f3n de datos, estas tarjetas ofrecen una soluci\u00f3n confiable para el control de identidad y acceso.<\/p>\n<p>Se vende en paquetes de 100 para un uso rentable.<\/p>","protected":false},"featured_media":138496,"template":"","meta":{"_acf_changed":false},"product_brand":[],"product_cat":[4234,4226,1711],"product_tag":[4538,3077,3073,3084,3069],"class_list":{"0":"post-87141","1":"product","2":"type-product","3":"status-publish","4":"has-post-thumbnail","6":"product_cat-rfid-kort-magnet","7":"product_cat-rfid-kort-mifare-classic-4k","8":"product_cat-rfid-kort","9":"product_tag-100-pack-lopnummer-rfid-kort","10":"product_tag-rfid-desfire","11":"product_tag-rfid-mifare4k","12":"product_tag-trade-rfid-kort","13":"product_tag-trade-produkt","14":"product_shipping_class-postnord-varubrev","15":"pa_plastkort-teknik-mifare4k","16":"tm-has-options","18":"first","19":"instock","20":"sale","21":"taxable","22":"shipping-taxable","23":"purchasable","24":"product-type-simple"},"acf":[],"_links":{"self":[{"href":"https:\/\/secureus.se\/es\/wp-json\/wp\/v2\/product\/87141","targetHints":{"allow":["GET"]}}],"collection":[{"href":"https:\/\/secureus.se\/es\/wp-json\/wp\/v2\/product"}],"about":[{"href":"https:\/\/secureus.se\/es\/wp-json\/wp\/v2\/types\/product"}],"wp:featuredmedia":[{"embeddable":true,"href":"https:\/\/secureus.se\/es\/wp-json\/wp\/v2\/media\/138496"}],"wp:attachment":[{"href":"https:\/\/secureus.se\/es\/wp-json\/wp\/v2\/media?parent=87141"}],"wp:term":[{"taxonomy":"product_brand","embeddable":true,"href":"https:\/\/secureus.se\/es\/wp-json\/wp\/v2\/product_brand?post=87141"},{"taxonomy":"product_cat","embeddable":true,"href":"https:\/\/secureus.se\/es\/wp-json\/wp\/v2\/product_cat?post=87141"},{"taxonomy":"product_tag","embeddable":true,"href":"https:\/\/secureus.se\/es\/wp-json\/wp\/v2\/product_tag?post=87141"}],"curies":[{"name":"wp","href":"https:\/\/api.w.org\/{rel}","templated":true}]}}