{"id":87147,"date":"2023-11-03T12:01:14","date_gmt":"2023-11-03T11:01:14","guid":{"rendered":"https:\/\/secureus.se\/produkt\/salto-4k-blank-contactless-smartcard-pcm04kb-50-pack-of-100\/"},"modified":"2026-03-26T10:12:48","modified_gmt":"2026-03-26T09:12:48","slug":"blank-salto-4k-kort-100-pack","status":"publish","type":"product","link":"https:\/\/secureus.se\/es\/blank-salto-4k-kort-100-pack\/","title":{"rendered":"Tarjeta Salto 4K en blanco (paquete de 100, 13,56 MHz)"},"content":{"rendered":"<h1>Tarjeta Salto 4K en blanco (paquete de 100, 13,56 MHz)<\/h1>\n<p>Las tarjetas sin contacto Salto 4K en blanco son una opci\u00f3n vers\u00e1til para los sistemas de seguridad, especialmente dise\u00f1adas para la serie Salto E9. Con una capacidad de memoria de 4 KB y un tama\u00f1o de tarjeta de cr\u00e9dito CR80 est\u00e1ndar (85,60 x 53,98 mm), estas tarjetas RFID ofrecen una soluci\u00f3n confiable para la verificaci\u00f3n de identidad y el control de acceso. La frecuencia de 13,56 MHz de las tarjetas garantiza una comunicaci\u00f3n r\u00e1pida y segura, mientras que la superficie brillante facilita la personalizaci\u00f3n de las tarjetas con impresi\u00f3n para identificaci\u00f3n con fotograf\u00eda o uso de boletos. Son compatibles con SALTO Virtual Network (SVN), lo que los hace ideales para su uso en entornos de oficina y lugares p\u00fablicos. Se venden en paquetes de 100, lo que los hace rentables para proyectos e instalaciones m\u00e1s grandes.<\/p>\n<p><strong>Caracter\u00edsticas y beneficios<\/strong>:<\/p>\n<ul>\n<li>Tarjetas RFID adaptadas para el sistema de seguridad Salto E9<\/li>\n<li>Superficie brillante para impresi\u00f3n personalizada.<\/li>\n<li>Capacidad de memoria de 4 KB<\/li>\n<li>Tama\u00f1o est\u00e1ndar CR80 (85,60 x 53,98 mm)<\/li>\n<li>Opera en una frecuencia de 13,56 MHz<\/li>\n<li>Compatible con la red virtual SALTO (SVN)<\/li>\n<li>Se vende en paquetes de 100.<\/li>\n<\/ul>\n<p><strong>Especificaciones t\u00e9cnicas<\/strong>:<\/p>\n<ul>\n<li><strong>Capacidad de memoria<\/strong>:4 KB<\/li>\n<li><strong>Frecuencia<\/strong>:13,56 MHz<\/li>\n<li><strong>Tama\u00f1o<\/strong>:85,60 x 53,98 mm (CR80)<\/li>\n<li><strong>Peso (embalaje)<\/strong>:0,63 kilogramos<\/li>\n<\/ul>","protected":false},"excerpt":{"rendered":"<p>Las tarjetas sin contacto Salto 4K en blanco son tarjetas RFID que se adaptan perfectamente al sistema de seguridad de la serie Salto E9.<\/p>\n<p>El acabado brillante los hace ideales para la personalizaci\u00f3n, incluida la identificaci\u00f3n con fotograf\u00eda, los boletos y el control de acceso.<\/p>\n<p>Estas tarjetas se venden en paquetes de 100 y tienen una capacidad de memoria de 4 KB.<\/p>","protected":false},"featured_media":139156,"template":"","meta":{"_acf_changed":false},"product_brand":[],"product_cat":[1711,4231],"product_tag":[4538,3077,2151,3084,3069],"class_list":{"0":"post-87147","1":"product","2":"type-product","3":"status-publish","4":"has-post-thumbnail","6":"product_cat-rfid-kort","7":"product_cat-rfid-kort-salto","8":"product_tag-100-pack-lopnummer-rfid-kort","9":"product_tag-rfid-desfire","10":"product_tag-rfid-salto","11":"product_tag-trade-rfid-kort","12":"product_tag-trade-produkt","13":"product_shipping_class-postnord-varubrev","14":"pa_brands-salto","15":"pa_plastkort-teknik-salto","16":"tm-no-options","18":"first","19":"instock","20":"sale","21":"taxable","22":"shipping-taxable","23":"purchasable","24":"product-type-simple"},"acf":[],"_links":{"self":[{"href":"https:\/\/secureus.se\/es\/wp-json\/wp\/v2\/product\/87147","targetHints":{"allow":["GET"]}}],"collection":[{"href":"https:\/\/secureus.se\/es\/wp-json\/wp\/v2\/product"}],"about":[{"href":"https:\/\/secureus.se\/es\/wp-json\/wp\/v2\/types\/product"}],"wp:featuredmedia":[{"embeddable":true,"href":"https:\/\/secureus.se\/es\/wp-json\/wp\/v2\/media\/139156"}],"wp:attachment":[{"href":"https:\/\/secureus.se\/es\/wp-json\/wp\/v2\/media?parent=87147"}],"wp:term":[{"taxonomy":"product_brand","embeddable":true,"href":"https:\/\/secureus.se\/es\/wp-json\/wp\/v2\/product_brand?post=87147"},{"taxonomy":"product_cat","embeddable":true,"href":"https:\/\/secureus.se\/es\/wp-json\/wp\/v2\/product_cat?post=87147"},{"taxonomy":"product_tag","embeddable":true,"href":"https:\/\/secureus.se\/es\/wp-json\/wp\/v2\/product_tag?post=87147"}],"curies":[{"name":"wp","href":"https:\/\/api.w.org\/{rel}","templated":true}]}}