{"id":87161,"date":"2023-11-03T12:01:21","date_gmt":"2023-11-03T11:01:21","guid":{"rendered":"https:\/\/secureus.se\/produkt\/mifare-ultralight-nxp-ev1-cards-pack-of-100\/"},"modified":"2025-12-31T20:59:46","modified_gmt":"2025-12-31T19:59:46","slug":"mifare-ultralight-nxp-ev1-cards-pack-of-100","status":"publish","type":"product","link":"https:\/\/secureus.se\/es\/mifare-ultralight-nxp-ev1-cards-pack-of-100\/","title":{"rendered":"Tarjeta MIFARE Ultralight\u00ae NXP EV1 (paquete de 100 unidades)"},"content":{"rendered":"<p>Las tarjetas Mifare Ultralight 1k NXP EV1 son una alternativa econ\u00f3mica y sin complicaciones a la emisi\u00f3n de billetes en papel. Estas tarjetas sin contacto son ideales para usar en transporte p\u00fablico, aparcamientos y pases para eventos.<\/p>\n<ul>\n<li>Se vende en paquetes de 100.<\/li>\n<li>Contiene chip NXP EV1 genuino<\/li>\n<li>Contiene 48 bytes\/384 bits de memoria<\/li>\n<li>Velocidad de comunicaci\u00f3n de 106 kbit\/s<\/li>\n<li>La superficie de PVC blanco en blanco es ideal para la impresi\u00f3n personalizada.<\/li>\n<\/ul>\n<p>\n <strong><br \/>\n Peso del producto:<br \/>\n 0,50 kilogramos<br \/>\n <\/strong>\n <\/p>","protected":false},"excerpt":{"rendered":"<p>Este producto tiene chips certificados de NXP\u00ae, una empresa de tecnolog\u00eda global con sede en los Pa\u00edses Bajos. NXP\u00ae se especializa en RFID y NFC y ofrece una gama de productos en seguridad, conectividad y soluciones integradas.<\/p>","protected":false},"featured_media":139792,"template":"","meta":{"_acf_changed":false},"product_brand":[],"product_cat":[4228,1711],"product_tag":[4538,4146,3077,3079,3084,3069],"class_list":{"0":"post-87161","1":"product","2":"type-product","3":"status-publish","4":"has-post-thumbnail","6":"product_cat-rfid-kort-mifare-ultralight","7":"product_cat-rfid-kort","8":"product_tag-100-pack-lopnummer-rfid-kort","9":"product_tag-nxp","10":"product_tag-rfid-desfire","11":"product_tag-rfid-mifare-ultralight","12":"product_tag-trade-rfid-kort","13":"product_tag-trade-produkt","14":"product_shipping_class-postnord-varubrev","15":"pa_plastkort-teknik-mifare-ultralight","16":"tm-no-options","18":"first","19":"instock","20":"sale","21":"taxable","22":"shipping-taxable","23":"purchasable","24":"product-type-simple"},"acf":[],"_links":{"self":[{"href":"https:\/\/secureus.se\/es\/wp-json\/wp\/v2\/product\/87161","targetHints":{"allow":["GET"]}}],"collection":[{"href":"https:\/\/secureus.se\/es\/wp-json\/wp\/v2\/product"}],"about":[{"href":"https:\/\/secureus.se\/es\/wp-json\/wp\/v2\/types\/product"}],"wp:featuredmedia":[{"embeddable":true,"href":"https:\/\/secureus.se\/es\/wp-json\/wp\/v2\/media\/139792"}],"wp:attachment":[{"href":"https:\/\/secureus.se\/es\/wp-json\/wp\/v2\/media?parent=87161"}],"wp:term":[{"taxonomy":"product_brand","embeddable":true,"href":"https:\/\/secureus.se\/es\/wp-json\/wp\/v2\/product_brand?post=87161"},{"taxonomy":"product_cat","embeddable":true,"href":"https:\/\/secureus.se\/es\/wp-json\/wp\/v2\/product_cat?post=87161"},{"taxonomy":"product_tag","embeddable":true,"href":"https:\/\/secureus.se\/es\/wp-json\/wp\/v2\/product_tag?post=87161"}],"curies":[{"name":"wp","href":"https:\/\/api.w.org\/{rel}","templated":true}]}}