{"id":87181,"date":"2023-11-03T12:01:28","date_gmt":"2023-11-03T11:01:28","guid":{"rendered":"https:\/\/secureus.se\/produkt\/blank-salto-1k-contactless-cards-pack-of-100\/"},"modified":"2026-04-23T12:33:08","modified_gmt":"2026-04-23T10:33:08","slug":"salto-1k-rfid-kontaktlosa-kort-100-pack","status":"publish","type":"product","link":"https:\/\/secureus.se\/es\/salto-1k-rfid-kontaktlosa-kort-100-pack\/","title":{"rendered":"Tarjetas sin contacto RFID Salto 1K (paquete de 100) de 13,56 MHz"},"content":{"rendered":"<h1>Tarjetas sin contacto RFID Salto 1K (paquete de 100) de 13,56 MHz<\/h1>\n<p>Las tarjetas sin contacto Salto 1K son tarjetas RFID compatibles con el sistema de seguridad de la serie Salto E9 y ofrecen alta seguridad y flexibilidad para una variedad de aplicaciones. Con una capacidad de memoria de 1 KB y una frecuencia de 13,56 MHz, estas tarjetas se pueden utilizar para soluciones de control de acceso, identificaci\u00f3n con fotograf\u00eda y emisi\u00f3n de tickets. La superficie brillante permite personalizar las tarjetas con logotipos, fotos u otra informaci\u00f3n de identificaci\u00f3n, lo que es ideal para lugares de trabajo y eventos. Las tarjetas tambi\u00e9n son compatibles con SALTO Virtual Network (SVN), que proporciona funciones adicionales y gesti\u00f3n remota de permisos de acceso. Se vende en paquetes de 100 y en formato de tarjeta de cr\u00e9dito CR80 est\u00e1ndar (85,60 x 53,98 mm).<\/p>\n<p><strong>Caracter\u00edsticas y beneficios<\/strong>:<\/p>\n<ul>\n<li>Compatible con el sistema de seguridad Salto E9<\/li>\n<li>Capacidad de memoria de 1 KB<\/li>\n<li>Superficies en blanco para personalizaci\u00f3n (identificaci\u00f3n con foto, logotipos)<\/li>\n<li>Opera en una frecuencia de 13,56 MHz<\/li>\n<li>Compatible con la red virtual SALTO (SVN)<\/li>\n<li>Se vende en paquetes de 100.<\/li>\n<li>Tama\u00f1o de tarjeta de cr\u00e9dito CR80 est\u00e1ndar (85,60 x 53,98 mm)<\/li>\n<\/ul>\n<p><strong>Especificaciones t\u00e9cnicas<\/strong>:<\/p>\n<ul>\n<li style=\"list-style-type: none\">\n<ul>\n<li><strong>Capacidad de memoria<\/strong>: 1 KB<\/li>\n<li><strong>Frecuencia<\/strong>:13,56 MHz<\/li>\n<li><strong>Tama\u00f1o<\/strong>:85,60 x 53,98 mm (CR80)<\/li>\n<li><strong>Peso (embalaje)<\/strong>:0,63 kilogramos<\/li>\n<\/ul>\n<\/li>\n<\/ul>","protected":false},"excerpt":{"rendered":"<p>Las tarjetas RFID sin contacto Salto 1K est\u00e1n dise\u00f1adas para su uso con el sistema de seguridad de la serie Salto E9.<\/p>\n<p>Con una capacidad de memoria de 1 KB y una frecuencia de 13,56 MHz, estas tarjetas son perfectas para soluciones de control de acceso, identificaci\u00f3n con fotograf\u00eda y emisi\u00f3n de tickets.<\/p>\n<p>La superficie brillante le permite personalizar las tarjetas seg\u00fan sea necesario.<\/p>\n<p>Se vende en paquetes de 100 y tiene tama\u00f1o CR80 est\u00e1ndar.<\/p>","protected":false},"featured_media":139134,"template":"","meta":{"_acf_changed":false},"product_brand":[],"product_cat":[1711,4231],"product_tag":[4538,3077,2151,3084,3069],"class_list":{"0":"post-87181","1":"product","2":"type-product","3":"status-publish","4":"has-post-thumbnail","6":"product_cat-rfid-kort","7":"product_cat-rfid-kort-salto","8":"product_tag-100-pack-lopnummer-rfid-kort","9":"product_tag-rfid-desfire","10":"product_tag-rfid-salto","11":"product_tag-trade-rfid-kort","12":"product_tag-trade-produkt","13":"product_shipping_class-postnord-varubrev","14":"pa_brands-salto","15":"pa_plastkort-teknik-salto","16":"tm-no-options","18":"first","19":"instock","20":"sale","21":"taxable","22":"shipping-taxable","23":"purchasable","24":"product-type-simple"},"acf":[],"_links":{"self":[{"href":"https:\/\/secureus.se\/es\/wp-json\/wp\/v2\/product\/87181","targetHints":{"allow":["GET"]}}],"collection":[{"href":"https:\/\/secureus.se\/es\/wp-json\/wp\/v2\/product"}],"about":[{"href":"https:\/\/secureus.se\/es\/wp-json\/wp\/v2\/types\/product"}],"wp:featuredmedia":[{"embeddable":true,"href":"https:\/\/secureus.se\/es\/wp-json\/wp\/v2\/media\/139134"}],"wp:attachment":[{"href":"https:\/\/secureus.se\/es\/wp-json\/wp\/v2\/media?parent=87181"}],"wp:term":[{"taxonomy":"product_brand","embeddable":true,"href":"https:\/\/secureus.se\/es\/wp-json\/wp\/v2\/product_brand?post=87181"},{"taxonomy":"product_cat","embeddable":true,"href":"https:\/\/secureus.se\/es\/wp-json\/wp\/v2\/product_cat?post=87181"},{"taxonomy":"product_tag","embeddable":true,"href":"https:\/\/secureus.se\/es\/wp-json\/wp\/v2\/product_tag?post=87181"}],"curies":[{"name":"wp","href":"https:\/\/api.w.org\/{rel}","templated":true}]}}