{"id":87222,"date":"2022-03-10T15:47:00","date_gmt":"2022-03-10T14:47:00","guid":{"rendered":"https:\/\/secureus.se\/produkt\/optex-pir-cdx-am-15x15-meter-antimask-sbsc-klass-3\/"},"modified":"2026-04-01T13:29:00","modified_gmt":"2026-04-01T11:29:00","slug":"optex-pir-cdx-am-15x15-meter-antimask","status":"publish","type":"product","link":"https:\/\/secureus.se\/es\/optex-pir-cdx-am-15x15-meter-antimask\/","title":{"rendered":"Optex PIR CDX-AM 15\u00d715 metros Antimask Versi\u00f3n Pro"},"content":{"rendered":"<h1>El Optex PIR CDX-AM es uno de los detectores de microondas PIR m\u00e1s avanzados del mercado, desarrollado espec\u00edficamente para su uso en entornos de alta seguridad que requieren una detecci\u00f3n de intrusiones precisa y confiable.<\/h1>\n<p>Con una capacidad de detecci\u00f3n de 15\u00d715 metros, este detector es una excelente opci\u00f3n para aplicaciones comerciales e industriales donde la seguridad es de suma importancia.<\/p>\n<p>Una de las caracter\u00edsticas m\u00e1s destacadas de este detector es su funci\u00f3n antienmascaramiento, que lo hace resistente a los intentos de enmascarar o manipular el campo de detecci\u00f3n del detector.<\/p>\n<p>El detector utiliza tecnolog\u00eda anti-enmascaramiento IR activo que le permite detectar bloqueos o interferencias, aumentando la seguridad y reduciendo el riesgo de falsas alarmas.<\/p>\n<p>El detector tambi\u00e9n cuenta con una innovadora \u201cl\u00f3gica de zona cu\u00e1druple\u201d que le permite analizar m\u00faltiples zonas de detecci\u00f3n simult\u00e1neamente para garantizar una detecci\u00f3n precisa.<\/p>\n<p>Esto le permite distinguir entre el movimiento humano y los animales peque\u00f1os, haci\u00e9ndolo inmune a las mascotas m\u00e1s peque\u00f1as y reduciendo el riesgo de alarmas innecesarias.<\/p>\n<p>Para proporcionar un rendimiento \u00f3ptimo en todas las condiciones, el CDX-AM est\u00e1 equipado con blindaje de doble conducci\u00f3n que protege contra interferencias de luz brillante u ondas de radio, lo que garantiza una detecci\u00f3n constante y precisa.<\/p>\n<p>Adem\u00e1s, cuenta con alta sensibilidad y altura de instalaci\u00f3n ajustable entre 1,8 y 2,4 metros para adaptarse a diferentes necesidades y entornos de seguridad.<\/p>\n<p>Para su instalaci\u00f3n y uso, el CDX-AM es f\u00e1cil de conectar utilizando una fuente de alimentaci\u00f3n est\u00e1ndar de 9,5 a 18 VCC.<\/p>\n<p>Con un consumo de energ\u00eda de solo 20 mA, lo convierte en una soluci\u00f3n energ\u00e9ticamente eficiente para uso a largo plazo. Su robusta carcasa IP30 lo hace adecuado para instalaciones en interiores y lo protege contra el polvo y la suciedad.<\/p>\n<p>El detector tambi\u00e9n tiene un proceso de instalaci\u00f3n simple y flexible, donde los usuarios pueden elegir entre patrones de detecci\u00f3n amplios de 15\u00d715 metros o m\u00e1s estrechos de 24\u00d72 metros seg\u00fan las necesidades.<\/p>\n<p>Sus dimensiones compactas y su bajo peso facilitan su colocaci\u00f3n en el lugar deseado, manteniendo un alto nivel de detecci\u00f3n y fiabilidad.<\/p>\n<p><strong>Especificaciones t\u00e9cnicas<\/strong>:<\/p>\n<ul>\n<li><strong>\u00c1rea de detecci\u00f3n (LxAn)<\/strong>:15\u00d715 metros<\/li>\n<li><strong>Altura de montaje<\/strong>:1,8\u20132,4 metros<\/li>\n<li><strong>Consumo de energ\u00eda<\/strong>:20 mA<\/li>\n<li><strong>Voltaje<\/strong>:9,5\u201318 V CC<\/li>\n<li><strong>Rango de temperatura<\/strong>:-10\u00b0C a +50\u00b0C<\/li>\n<li><strong>Protecci\u00f3n de enmascaramiento<\/strong>:S\u00ed (antienmascaramiento IR activo)<\/li>\n<li><strong>Salida de alarma<\/strong>: NC 28 V CC 0,2 A m\u00e1x.<\/li>\n<li><strong>Salida de manipulaci\u00f3n<\/strong>: NC 28 V CC 0,1 A m\u00e1x.<\/li>\n<li><strong>Clase de recinto<\/strong>:IP30<\/li>\n<li><strong>Medida<\/strong>:140 x 70 x 52,3 mm<\/li>\n<li><strong>Peso<\/strong>: 180<\/li>\n<\/ul>","protected":false},"excerpt":{"rendered":"<p>El Optex PIR CDX-AM es un detector PIR avanzado con funci\u00f3n antienmascaramiento, dise\u00f1ado para ofrecer una detecci\u00f3n confiable.<\/p>\n<p>Ofrece un \u00e1rea de detecci\u00f3n de 15\u00d715 metros, protecci\u00f3n de enmascaramiento y alta resistencia a falsas alarmas.<\/p>","protected":false},"featured_media":145584,"template":"","meta":{"_acf_changed":false},"product_brand":[],"product_cat":[1325],"product_tag":[2145,3067,2466],"class_list":{"0":"post-87222","1":"product","2":"type-product","3":"status-publish","4":"has-post-thumbnail","6":"product_cat-larmgivare-skalskydd","7":"product_tag-rorelsedetektor-ir-detektorer","8":"product_tag-optex-cdx-outlet","9":"product_tag-sbsc-larmklass3","10":"product_shipping_class-postnord-varubrev","11":"pa_brands-optex","12":"tm-no-options","14":"first","15":"instock","16":"sale","17":"featured","18":"taxable","19":"shipping-taxable","20":"purchasable","21":"product-type-simple"},"acf":[],"_links":{"self":[{"href":"https:\/\/secureus.se\/es\/wp-json\/wp\/v2\/product\/87222","targetHints":{"allow":["GET"]}}],"collection":[{"href":"https:\/\/secureus.se\/es\/wp-json\/wp\/v2\/product"}],"about":[{"href":"https:\/\/secureus.se\/es\/wp-json\/wp\/v2\/types\/product"}],"wp:featuredmedia":[{"embeddable":true,"href":"https:\/\/secureus.se\/es\/wp-json\/wp\/v2\/media\/145584"}],"wp:attachment":[{"href":"https:\/\/secureus.se\/es\/wp-json\/wp\/v2\/media?parent=87222"}],"wp:term":[{"taxonomy":"product_brand","embeddable":true,"href":"https:\/\/secureus.se\/es\/wp-json\/wp\/v2\/product_brand?post=87222"},{"taxonomy":"product_cat","embeddable":true,"href":"https:\/\/secureus.se\/es\/wp-json\/wp\/v2\/product_cat?post=87222"},{"taxonomy":"product_tag","embeddable":true,"href":"https:\/\/secureus.se\/es\/wp-json\/wp\/v2\/product_tag?post=87222"}],"curies":[{"name":"wp","href":"https:\/\/api.w.org\/{rel}","templated":true}]}}