{"id":87293,"date":"2023-11-13T15:40:33","date_gmt":"2023-11-13T14:40:33","guid":{"rendered":"https:\/\/secureus.se\/?post_type=product&#038;p=87293"},"modified":"2026-03-30T12:28:05","modified_gmt":"2026-03-30T10:28:05","slug":"ajax-fireprotect-2-plus-rb-rok-co-och-temperatur-svart","status":"publish","type":"product","link":"https:\/\/secureus.se\/es\/ajax-fireprotect-2-plus-rb-rok-co-och-temperatur-svart\/","title":{"rendered":"Ajax FireProtect 2 Plus RB \u2013 Humo, CO y temperatura Negro"},"content":{"rendered":"<h3>Ajax FireProtect 2 Plus RB es la \u00faltima innovaci\u00f3n en seguridad contra incendios y establece un nuevo est\u00e1ndar para las alarmas de humo.<\/h3>\n<p>Con su capacidad de detectar humo, temperatura y mon\u00f3xido de carbono (CO), este dispositivo ofrece un nivel superior de seguridad tanto para hogares como para empresas. FireProtect 2 Plus RB tiene una c\u00e1mara de humo avanzada que elimina la necesidad de limpieza y reduce eficazmente el riesgo de falsas alarmas, que pueden ser causadas por factores como la humedad, el fr\u00edo, el polvo y los insectos.<\/p>\n<p><strong>Detecci\u00f3n precisa y confiable<\/strong><br \/>\nEl innovador sensor de doble espectro del Ajax FireProtect 2 Plus RB distingue entre humo y vapor, lo que le permite responder r\u00e1pidamente a incendios que involucran materiales sint\u00e9ticos y elimina el riesgo de activar la alarma en situaciones no relacionadas con incendios.<\/p>\n<p>Esta capacidad de distinguir entre humo y vapor hace que el FireProtect 2 Plus RB sea un detector de humo muy preciso y confiable.<\/p>\n<p><strong>Bater\u00eda de larga duraci\u00f3n y f\u00e1cil reemplazo<\/strong><br \/>\nEl FireProtect 2 Plus RB est\u00e1 equipado con dos bater\u00edas CR123A que tienen una vida \u00fatil prolongada de hasta 7 a\u00f1os.<\/p>\n<p>Cuando es necesario reemplazar las bater\u00edas, la aplicaci\u00f3n Ajax le recuerda al usuario, lo que facilita mantener el dispositivo en \u00f3ptimas condiciones. Para garantizar que la alarma de humo funcione correctamente en todo momento, hay una notificaci\u00f3n que indica cu\u00e1ndo es el momento de cambiar la bater\u00eda.<\/p>\n<p><strong>Compatibilidad y f\u00e1cil instalaci\u00f3n<\/strong><br \/>\nAjax FireProtect 2 Plus RB funciona perfectamente con el sistema de alarma Ajax y se puede integrar f\u00e1cilmente a trav\u00e9s de la aplicaci\u00f3n Ajax.<\/p>\n<p>El alcance inal\u00e1mbrico de hasta 1700 metros hace que la instalaci\u00f3n sea flexible y sencilla. Tambi\u00e9n funciona como un dispositivo independiente, lo que significa que no necesita estar conectado a ning\u00fan sistema para funcionar, lo que brinda al usuario la m\u00e1xima flexibilidad.<\/p>\n<p><strong>Niveles y caracter\u00edsticas de seguridad<\/strong><br \/>\nFireProtect 2 Plus RB tiene un nivel de sonido de 85 dB a una distancia de 3 metros, lo que es suficiente para garantizar que el usuario escuche la alarma incluso en entornos ruidosos.<\/p>\n<p>El umbral de alarma de temperatura es de 64\u00b0C o un aumento de 10\u00b0C durante un minuto, lo que permite responder r\u00e1pidamente ante eventos de incendio. Con su clasificaci\u00f3n IP20, el detector de humo est\u00e1 protegido contra la suciedad y el polvo, pero no est\u00e1 dise\u00f1ado para uso en exteriores.<\/p>\n<p><strong>Especificaciones t\u00e9cnicas<\/strong>:<\/p>\n<ul>\n<li><strong>Compatibilidad<\/strong>: Hub Plus, Hub 2, Hub 2 Plus, Hub H\u00edbrido, ReX, ReX 2<\/li>\n<li><strong>Alcance inal\u00e1mbrico<\/strong>:Hasta 1700 metros en terreno abierto<\/li>\n<li><strong>Tipo de bater\u00eda<\/strong>: 2 pilas CR123A<\/li>\n<li><strong>Duraci\u00f3n de la bater\u00eda<\/strong>:Hasta 7 a\u00f1os<\/li>\n<li><strong>Rango de temperatura<\/strong>: 0\u00b0C a +50\u00b0C<\/li>\n<li><strong>Humedad<\/strong>:Hasta 80%<\/li>\n<li><strong>Clase de IP<\/strong>:IP20<\/li>\n<li><strong>Nivel de sonido<\/strong>:85 dB (3 metros)<\/li>\n<li><strong>Umbral de alarma<\/strong>: +64\u00b0C o aumentar 10\u00b0C durante menos de 1 minuto<\/li>\n<\/ul>\n<p><strong>El paquete contiene<\/strong>:<\/p>\n<ul>\n<li>1 x Ajax FireProtect 2 Plus RB<\/li>\n<li>2 pilas CR123A<\/li>\n<li>1 x Kit de montaje<\/li>\n<\/ul>\n<p><strong>Conclusi\u00f3n<\/strong>:<br \/>\nAjax FireProtect 2 Plus RB es una innovadora soluci\u00f3n de seguridad contra incendios que ofrece detecci\u00f3n precisa de humo, cambios de temperatura y mon\u00f3xido de carbono.<\/p>\n<p>Con su dise\u00f1o innovador y tecnolog\u00eda avanzada, es confiable y eficiente, lo que lo convierte en una excelente opci\u00f3n para quienes buscan protecci\u00f3n contra incendios de alta calidad en su hogar o negocio.<\/p>","protected":false},"excerpt":{"rendered":"<p>Ajax FireProtect 2 Plus RB es un detector de humo avanzado con capacidad para detectar humo, cambios de temperatura y mon\u00f3xido de carbono.<\/p>\n<p>Equipado con una innovadora c\u00e1mara de humo y sensores de doble espectro, minimiza el riesgo de falsas alarmas y ofrece seguridad confiable para su hogar o negocio.<\/p>\n<p>Con una bater\u00eda de larga duraci\u00f3n y una integraci\u00f3n perfecta en el sistema de alarma Ajax, es la soluci\u00f3n ideal para la seguridad contra incendios.<\/p>","protected":false},"featured_media":156026,"template":"","meta":{"_acf_changed":false},"product_brand":[],"product_cat":[3159,1319],"product_tag":[3152,3127,4863],"class_list":{"0":"post-87293","1":"product","2":"type-product","3":"status-publish","4":"has-post-thumbnail","6":"product_cat-brandvarnare","7":"product_cat-ajax-larm","8":"product_tag-cr123-tillbehor","9":"product_tag-kontrollprodukt","10":"product_tag-pf","11":"product_shipping_class-tunga-paket","12":"pa_brands-ajax-systems","13":"pa_farg-svart","14":"tm-no-options","16":"first","17":"instock","18":"sale","19":"featured","20":"taxable","21":"shipping-taxable","22":"purchasable","23":"product-type-simple"},"acf":[],"_links":{"self":[{"href":"https:\/\/secureus.se\/es\/wp-json\/wp\/v2\/product\/87293","targetHints":{"allow":["GET"]}}],"collection":[{"href":"https:\/\/secureus.se\/es\/wp-json\/wp\/v2\/product"}],"about":[{"href":"https:\/\/secureus.se\/es\/wp-json\/wp\/v2\/types\/product"}],"wp:featuredmedia":[{"embeddable":true,"href":"https:\/\/secureus.se\/es\/wp-json\/wp\/v2\/media\/156026"}],"wp:attachment":[{"href":"https:\/\/secureus.se\/es\/wp-json\/wp\/v2\/media?parent=87293"}],"wp:term":[{"taxonomy":"product_brand","embeddable":true,"href":"https:\/\/secureus.se\/es\/wp-json\/wp\/v2\/product_brand?post=87293"},{"taxonomy":"product_cat","embeddable":true,"href":"https:\/\/secureus.se\/es\/wp-json\/wp\/v2\/product_cat?post=87293"},{"taxonomy":"product_tag","embeddable":true,"href":"https:\/\/secureus.se\/es\/wp-json\/wp\/v2\/product_tag?post=87293"}],"curies":[{"name":"wp","href":"https:\/\/api.w.org\/{rel}","templated":true}]}}