{"id":87451,"date":"2023-11-22T17:06:13","date_gmt":"2023-11-22T16:06:13","guid":{"rendered":"https:\/\/secureus.se\/?post_type=product&#038;p=87451"},"modified":"2026-04-14T11:23:02","modified_gmt":"2026-04-14T09:23:02","slug":"tagg-laddbricka-mifare-pro","status":"publish","type":"product","link":"https:\/\/secureus.se\/es\/tagg-laddbricka-mifare-pro\/","title":{"rendered":"Etiqueta de carga Mifare\u00ae \u2013 Pro"},"content":{"rendered":"<h1>Almohadilla de carga para etiquetas RFID Mifare<\/h1>\n<p>Simplifique la carga de su veh\u00edculo el\u00e9ctrico y aumente el nivel de seguridad con nuestras etiquetas RFID y almohadillas de carga, dise\u00f1adas para el est\u00e1ndar MIFARE y compatibles con cajas de carga de marcas l\u00edderes como Easee y Zaptec.<\/p>\n<h3><strong>Caracter\u00edsticas principales:<\/strong><\/h3>\n<ol>\n<li><strong>F\u00e1cil control de acceso:<\/strong>\n<ul>\n<li>Utilice nuestra etiqueta RFID para bloquear f\u00e1cilmente su caja de carga y regular el acceso de los usuarios. Perfecto para limitar el uso en lugares desatendidos, como casas de verano.<\/li>\n<\/ul>\n<\/li>\n<li><strong>La seguridad en el punto de mira:<\/strong>\n<ul>\n<li>Proteja su caja de carga con nuestra etiqueta RFID est\u00e1ndar MIFARE, ideal para usuarios que priorizan la seguridad, especialmente en lugares donde la caja de carga est\u00e1 expuesta a per\u00edodos prolongados de uso desatendido.<\/li>\n<\/ul>\n<\/li>\n<li><strong>Instalaci\u00f3n suave:<\/strong>\n<ul>\n<li>Integre la etiqueta RFID f\u00e1cilmente siguiendo instrucciones claras en la aplicaci\u00f3n de su caja de carga. Ning\u00fan proceso complicado, s\u00f3lo un uso simple y fluido.<\/li>\n<\/ul>\n<\/li>\n<li><strong>Eficiencia \u00f3ptima con la bandeja de carga:<\/strong>\n<ul>\n<li>Aumente la velocidad de carga hasta en 40% con nuestra eficiente plataforma de carga, lo que da como resultado una carga m\u00e1s r\u00e1pida y rentable para su autom\u00f3vil el\u00e9ctrico.<\/li>\n<\/ul>\n<\/li>\n<\/ol>\n<h3><strong>\u00c1reas de uso:<\/strong><\/h3>\n<ul>\n<li><strong>Carga de ocio:<\/strong>\n<ul>\n<li>Perfecto para casas de verano o lugares donde la caja de carga puede quedar desatendida. La etiqueta RFID le permite controlar el uso de la caja de carga y aumenta la seguridad.<\/li>\n<\/ul>\n<\/li>\n<li><strong>Carga corporativa segura:<\/strong>\n<ul>\n<li>Ideal para empresas que necesitan garantizar que s\u00f3lo los usuarios autorizados tengan acceso a la infraestructura de carga.<\/li>\n<\/ul>\n<\/li>\n<\/ul>\n<p>Optimice la carga de su veh\u00edculo el\u00e9ctrico con nuestras confiables etiquetas RFID y almohadillas de carga. \u00a1Haga su pedido hoy para disfrutar de una experiencia de carga m\u00e1s segura y fluida con Easee!<\/p>\n<h3 class=\"title3_container__95KRM\"><strong>Zaptec<\/strong><\/h3>\n<ol>\n<li>\n<p class=\"editorial-body_container__B1_Rn\">Abra la aplicaci\u00f3n Zaptec<\/p>\n<\/li>\n<li>\n<p class=\"editorial-body_container__B1_Rn\">Ir a\u00a0<strong>Mis llaveros<\/strong><\/p>\n<\/li>\n<li>\n<p class=\"editorial-body_container__B1_Rn\">Seleccionar\u00a0<strong>A\u00f1adir nuevo<\/strong><\/p>\n<\/li>\n<\/ol>\n<h3 class=\"title3_container__95KRM\"><strong>Easee<\/strong><\/h3>\n<ol>\n<li>\n<p class=\"editorial-body_container__B1_Rn\">Abra la aplicaci\u00f3n Easee<\/p>\n<\/li>\n<li>\n<p class=\"editorial-body_container__B1_Rn\">Abra el men\u00fa en la esquina superior izquierda.<\/p>\n<\/li>\n<li>\n<p class=\"editorial-body_container__B1_Rn\">Seleccionar\u00a0<strong>Teclas Easee<\/strong> y bueno\u00a0<strong>Agregar<\/strong> desde la esquina superior derecha<\/p>\n<\/li>\n<li>\n<p class=\"editorial-body_container__B1_Rn\">Elige tu caja de carga<\/p>\n<\/li>\n<li>\n<p class=\"editorial-body_container__B1_Rn\">Sostenga su etiqueta RFID contra la marca en la caja de carga o escan\u00e9ela con su tel\u00e9fono<\/p>\n<\/li>\n<li>\n<p class=\"editorial-body_container__B1_Rn\">Nombre su etiqueta RFID, por ejemplo, \u201cEtiqueta de carga\u201d.<\/p>\n<\/li>\n<\/ol>","protected":false},"excerpt":{"rendered":"<p>Etiqueta RFID\/plataforma de carga negra. La etiqueta cumple con el est\u00e1ndar MIFARE y es compatible con todas las cajas de carga compatibles con MIFARE, incluyendo Easee y Zaptec. Este producto cuenta con un chip certificado por NXP\u00ae.<\/p>\n<p>Si desea un n\u00famero en la etiqueta para a\u00f1adirla f\u00e1cilmente a su aplicaci\u00f3n, haga clic en &quot;Personalizar producto&quot; y seleccione &quot;ID de chip&quot;. Grabaremos el n\u00famero de clave \u00fanico que encontrar\u00e1 en la etiqueta antes de la entrega.<\/p>","protected":false},"featured_media":158677,"template":"","meta":{"_acf_changed":false},"product_brand":[],"product_cat":[3091,4815,4784,4814],"product_tag":[3090,4146],"class_list":{"0":"post-87451","1":"product","2":"type-product","3":"status-publish","4":"has-post-thumbnail","6":"product_cat-elbilsladdning","7":"product_cat-easee-taggar","8":"product_cat-mifare1k","9":"product_cat-zaptec-taggar","10":"product_tag-laddbricka","11":"product_tag-nxp","12":"product_shipping_class-postnord-varubrev","13":"pa_brands-stonehouse-security","14":"pa_chip-teknik-mifare1k","15":"tm-has-options","17":"first","18":"instock","19":"taxable","20":"shipping-taxable","21":"purchasable","22":"product-type-simple"},"acf":[],"_links":{"self":[{"href":"https:\/\/secureus.se\/es\/wp-json\/wp\/v2\/product\/87451","targetHints":{"allow":["GET"]}}],"collection":[{"href":"https:\/\/secureus.se\/es\/wp-json\/wp\/v2\/product"}],"about":[{"href":"https:\/\/secureus.se\/es\/wp-json\/wp\/v2\/types\/product"}],"wp:featuredmedia":[{"embeddable":true,"href":"https:\/\/secureus.se\/es\/wp-json\/wp\/v2\/media\/158677"}],"wp:attachment":[{"href":"https:\/\/secureus.se\/es\/wp-json\/wp\/v2\/media?parent=87451"}],"wp:term":[{"taxonomy":"product_brand","embeddable":true,"href":"https:\/\/secureus.se\/es\/wp-json\/wp\/v2\/product_brand?post=87451"},{"taxonomy":"product_cat","embeddable":true,"href":"https:\/\/secureus.se\/es\/wp-json\/wp\/v2\/product_cat?post=87451"},{"taxonomy":"product_tag","embeddable":true,"href":"https:\/\/secureus.se\/es\/wp-json\/wp\/v2\/product_tag?post=87451"}],"curies":[{"name":"wp","href":"https:\/\/api.w.org\/{rel}","templated":true}]}}