{"id":87636,"date":"2023-11-28T17:19:34","date_gmt":"2023-11-28T16:19:34","guid":{"rendered":"https:\/\/secureus.se\/produkt\/detektorsockel-b401rm1000\/"},"modified":"2025-12-31T21:02:19","modified_gmt":"2025-12-31T20:02:19","slug":"detektorsockel-b401rm1000","status":"publish","type":"product","link":"https:\/\/secureus.se\/es\/detektorsockel-b401rm1000\/","title":{"rendered":"BASE DEL DETECTOR B401RM1000"},"content":{"rendered":"<p>Base de detector para montaje junto con detectores de la serie System Sensor 300.<br \/>\nB401RM tambi\u00e9n tiene una salida para indicaci\u00f3n externa.<\/p>\n<p><span class=\"produkt-egenskap\"><span class=\"label\">Pintar:\u00a0<\/span><span class=\"value\">Blanco<\/span><\/span><\/p>\n<p><span class=\"produkt-egenskap\"><span class=\"label\">Altura: 20<\/span><span class=\"value\">\u00a0etc.<\/span><\/span><\/p>\n<p><span class=\"produkt-egenskap\"><span class=\"label\">Di\u00e1metro:\u00a0<\/span><span class=\"value\">102 mm<\/span><\/span><\/p>","protected":false},"excerpt":{"rendered":"<p>Base de detector para montaje junto con detectores de la serie System Sensor 300. B401RM tambi\u00e9n tiene una salida para indicaci\u00f3n externa. Color: Blanco Alto: 20 mm Di\u00e1metro: 102 mm<\/p>","protected":false},"featured_media":139013,"template":"","meta":{"_acf_changed":false},"product_brand":[],"product_cat":[4754],"product_tag":[],"class_list":{"0":"post-87636","1":"product","2":"type-product","3":"status-publish","4":"has-post-thumbnail","6":"product_cat-system-sensor-300-serien","7":"product_shipping_class-postnord-varubrev","8":"pa_brands-system-sensor","9":"tm-no-options","11":"first","12":"instock","13":"sale","14":"featured","15":"taxable","16":"shipping-taxable","17":"purchasable","18":"product-type-simple"},"acf":[],"_links":{"self":[{"href":"https:\/\/secureus.se\/es\/wp-json\/wp\/v2\/product\/87636","targetHints":{"allow":["GET"]}}],"collection":[{"href":"https:\/\/secureus.se\/es\/wp-json\/wp\/v2\/product"}],"about":[{"href":"https:\/\/secureus.se\/es\/wp-json\/wp\/v2\/types\/product"}],"wp:featuredmedia":[{"embeddable":true,"href":"https:\/\/secureus.se\/es\/wp-json\/wp\/v2\/media\/139013"}],"wp:attachment":[{"href":"https:\/\/secureus.se\/es\/wp-json\/wp\/v2\/media?parent=87636"}],"wp:term":[{"taxonomy":"product_brand","embeddable":true,"href":"https:\/\/secureus.se\/es\/wp-json\/wp\/v2\/product_brand?post=87636"},{"taxonomy":"product_cat","embeddable":true,"href":"https:\/\/secureus.se\/es\/wp-json\/wp\/v2\/product_cat?post=87636"},{"taxonomy":"product_tag","embeddable":true,"href":"https:\/\/secureus.se\/es\/wp-json\/wp\/v2\/product_tag?post=87636"}],"curies":[{"name":"wp","href":"https:\/\/api.w.org\/{rel}","templated":true}]}}