{"id":87759,"date":"2023-03-28T14:23:51","date_gmt":"2023-03-28T12:23:51","guid":{"rendered":"https:\/\/secureus.se\/produkt\/apollo-pp2526-discovery-brandknapp-inomhusbruk-en-54-11-certifierad-rod\/"},"modified":"2026-04-23T13:30:10","modified_gmt":"2026-04-23T11:30:10","slug":"apollo-pp2526-discovery-brandknapp-inomhusbruk-en-54-11-certifierad-rod","status":"publish","type":"product","link":"https:\/\/secureus.se\/es\/apollo-pp2526-discovery-brandknapp-inomhusbruk-en-54-11-certifierad-rod\/","title":{"rendered":"Pulsador de incendio Apollo PP2526 Discovery, para uso en interiores, con certificaci\u00f3n EN 54-11, color rojo"},"content":{"rendered":"<h1>Pulsador de incendio Apollo PP2526 Discovery, para uso en interiores, con certificaci\u00f3n EN 54-11, color rojo<\/h1>\n<p class=\"\" data-start=\"396\" data-end=\"765\">El punto de llamada manual inteligente Apollo PP2526 Discovery est\u00e1 dise\u00f1ado para activar f\u00e1cilmente una alarma contra incendios presionando el bot\u00f3n reiniciable.<\/p>\n<p class=\"\" data-start=\"396\" data-end=\"765\">Cuando se activa, proporciona un LED rojo fijo para el estado de alarma, mientras que parpadea en verde para el estado de sondeo y en amarillo para falla.<\/p>\n<p class=\"\" data-start=\"396\" data-end=\"765\">Esto hace que sea f\u00e1cil monitorear y verificar la funcionalidad del dispositivo.<\/p>\n<p class=\"\" data-start=\"767\" data-end=\"1208\">Este pulsador de llamada manual es adecuado tanto para montaje semiempotrado como para montaje en superficie y tiene una clasificaci\u00f3n IP44 de protecci\u00f3n contra la suciedad y la humedad.<\/p>\n<p class=\"\" data-start=\"767\" data-end=\"1208\">Con un voltaje de 17\u201335 V DC y compatibilidad con los sistemas XP95, Discovery y CoreProtocol, este dispositivo ofrece alto rendimiento y confiabilidad.<\/p>\n<p class=\"\" data-start=\"767\" data-end=\"1208\">Viene con una conexi\u00f3n \u201cPlug and Play\u201d para una instalaci\u00f3n r\u00e1pida y sencilla y un enlace de continuidad para probar los cables antes de la instalaci\u00f3n.<\/p>\n<p class=\"\" data-start=\"1210\" data-end=\"1343\">Con una garant\u00eda de 10 a\u00f1os y una robusta carcasa de policarbonato, este punto de llamada manual es una soluci\u00f3n duradera y segura para los sistemas de alarma contra incendios.<\/p>","protected":false},"excerpt":{"rendered":"<p>El punto de llamada manual inteligente Apollo PP2526 Discovery se utiliza para iniciar manualmente una alarma en el sistema de detecci\u00f3n de incendios.<\/p>\n<p>Dispone de funci\u00f3n reseteable, LED visible 170\u00b0 y est\u00e1 certificado seg\u00fan EN 54-11.<\/p>","protected":false},"featured_media":140460,"template":"","meta":{"_acf_changed":false},"product_brand":[],"product_cat":[4748],"product_tag":[],"class_list":{"0":"post-87759","1":"product","2":"type-product","3":"status-publish","4":"has-post-thumbnail","6":"product_cat-discovery-serien","7":"product_shipping_class-postnord-varubrev","8":"pa_brands-apollo-fire-detectors","9":"tm-no-options","11":"first","12":"instock","13":"sale","14":"featured","15":"taxable","16":"shipping-taxable","17":"purchasable","18":"product-type-simple"},"acf":[],"_links":{"self":[{"href":"https:\/\/secureus.se\/es\/wp-json\/wp\/v2\/product\/87759","targetHints":{"allow":["GET"]}}],"collection":[{"href":"https:\/\/secureus.se\/es\/wp-json\/wp\/v2\/product"}],"about":[{"href":"https:\/\/secureus.se\/es\/wp-json\/wp\/v2\/types\/product"}],"wp:featuredmedia":[{"embeddable":true,"href":"https:\/\/secureus.se\/es\/wp-json\/wp\/v2\/media\/140460"}],"wp:attachment":[{"href":"https:\/\/secureus.se\/es\/wp-json\/wp\/v2\/media?parent=87759"}],"wp:term":[{"taxonomy":"product_brand","embeddable":true,"href":"https:\/\/secureus.se\/es\/wp-json\/wp\/v2\/product_brand?post=87759"},{"taxonomy":"product_cat","embeddable":true,"href":"https:\/\/secureus.se\/es\/wp-json\/wp\/v2\/product_cat?post=87759"},{"taxonomy":"product_tag","embeddable":true,"href":"https:\/\/secureus.se\/es\/wp-json\/wp\/v2\/product_tag?post=87759"}],"curies":[{"name":"wp","href":"https:\/\/api.w.org\/{rel}","templated":true}]}}