{"id":87773,"date":"2023-03-28T14:23:31","date_gmt":"2023-03-28T12:23:31","guid":{"rendered":"https:\/\/secureus.se\/produkt\/apollo-xp95-serien-isolerande-manuell-callpoint-larmknapp\/"},"modified":"2026-03-27T10:30:36","modified_gmt":"2026-03-27T09:30:36","slug":"apollo-55100-908sca-xp95-series-isolerande-manuell-anropspunkt","status":"publish","type":"product","link":"https:\/\/secureus.se\/es\/apollo-55100-908sca-xp95-series-isolerande-manuell-anropspunkt\/","title":{"rendered":"Pulsador de llamada manual de aislamiento Apollo 55100-908SCA serie XP95, certificado EN 54-11, color rojo"},"content":{"rendered":"<h1>Pulsador de llamada manual de aislamiento Apollo 55100-908SCA serie XP95, certificado EN 54-11, color rojo<\/h1>\n<p class=\"\" data-start=\"458\" data-end=\"816\">El punto de llamada manual de aislamiento Apollo 55100-908SCA serie XP95 est\u00e1 dise\u00f1ado para proporcionar una activaci\u00f3n de alarma contra incendios r\u00e1pida y eficiente.<\/p>\n<p class=\"\" data-start=\"458\" data-end=\"816\">El dispositivo est\u00e1 equipado con un elemento reiniciable que permite reiniciar el dispositivo despu\u00e9s de su uso.<\/p>\n<p class=\"\" data-start=\"458\" data-end=\"816\">Tambi\u00e9n tiene un LED bicolor que se ilumina en rojo cuando se activa la alarma y en amarillo cuando hay un cortocircuito.<\/p>\n<p class=\"\" data-start=\"818\" data-end=\"1120\">Las conexiones \u201cPlug and Play\u201d facilitan la instalaci\u00f3n y reducen el tiempo de instalaci\u00f3n.<\/p>\n<p class=\"\" data-start=\"818\" data-end=\"1120\">Un enlace de continuidad permite probar el cable antes de la instalaci\u00f3n, garantizando as\u00ed que el sistema funcione correctamente antes de ponerse en servicio.<\/p>\n<p class=\"\" data-start=\"818\" data-end=\"1120\">Tambi\u00e9n existe la opci\u00f3n de montaje tanto semiempotrado como en superficie.<\/p>\n<p data-start=\"818\" data-end=\"1120\">Este punto de llamada es compatible con los sistemas XP95, Discovery y CoreProtocol y tiene una garant\u00eda de 10 a\u00f1os.<\/p>\n<p data-start=\"818\" data-end=\"1120\">El dispositivo tiene clasificaci\u00f3n IP45 y funciona en un rango de temperatura de -20 \u00b0C a +60 \u00b0C, lo que lo convierte en una soluci\u00f3n confiable para uso en interiores.<\/p>","protected":false},"excerpt":{"rendered":"<p>El punto de llamada manual de aislamiento Apollo 55100-908SCA serie XP95 se utiliza para iniciar manualmente una alarma en el sistema de detecci\u00f3n de incendios.<\/p>\n<p>Dispone de funci\u00f3n reseteable, conexiones de terminales \u201cPlug and Play\u201d para una r\u00e1pida instalaci\u00f3n y cuenta con certificaci\u00f3n EN 54-11.<\/p>","protected":false},"featured_media":140673,"template":"","meta":{"_acf_changed":false},"product_brand":[],"product_cat":[4748,4751],"product_tag":[3045,3046],"class_list":{"0":"post-87773","1":"product","2":"type-product","3":"status-publish","4":"has-post-thumbnail","6":"product_cat-discovery-serien","7":"product_cat-xp95-serien","8":"product_tag-apollo-discovery","9":"product_tag-apollo-xp95","10":"product_shipping_class-tunga-paket","11":"pa_brands-apollo-fire-detectors","12":"tm-no-options","14":"first","15":"outofstock","16":"sale","17":"featured","18":"taxable","19":"shipping-taxable","20":"purchasable","21":"product-type-simple"},"acf":[],"_links":{"self":[{"href":"https:\/\/secureus.se\/es\/wp-json\/wp\/v2\/product\/87773","targetHints":{"allow":["GET"]}}],"collection":[{"href":"https:\/\/secureus.se\/es\/wp-json\/wp\/v2\/product"}],"about":[{"href":"https:\/\/secureus.se\/es\/wp-json\/wp\/v2\/types\/product"}],"wp:featuredmedia":[{"embeddable":true,"href":"https:\/\/secureus.se\/es\/wp-json\/wp\/v2\/media\/140673"}],"wp:attachment":[{"href":"https:\/\/secureus.se\/es\/wp-json\/wp\/v2\/media?parent=87773"}],"wp:term":[{"taxonomy":"product_brand","embeddable":true,"href":"https:\/\/secureus.se\/es\/wp-json\/wp\/v2\/product_brand?post=87773"},{"taxonomy":"product_cat","embeddable":true,"href":"https:\/\/secureus.se\/es\/wp-json\/wp\/v2\/product_cat?post=87773"},{"taxonomy":"product_tag","embeddable":true,"href":"https:\/\/secureus.se\/es\/wp-json\/wp\/v2\/product_tag?post=87773"}],"curies":[{"name":"wp","href":"https:\/\/api.w.org\/{rel}","templated":true}]}}