{"id":89262,"date":"2024-01-04T15:43:16","date_gmt":"2024-01-04T14:43:16","guid":{"rendered":"https:\/\/secureus.se\/produkt\/fonsterbroms-160s-4-l1100mm-vanster\/"},"modified":"2026-04-13T16:21:48","modified_gmt":"2026-04-13T14:21:48","slug":"fonsterbroms-dorrbroms-160s-4-l1100mm-vanster","status":"publish","type":"product","link":"https:\/\/secureus.se\/es\/fonsterbroms-dorrbroms-160s-4-l1100mm-vanster\/","title":{"rendered":"Freno de ventana\/puerta ASSA Fix 160S\/4 \u2013 Izquierdo \u2013 452 mm"},"content":{"rendered":"<div>ASSA ABLOY 160S es un freno de ventana para ventanas y puertas francesas junto con falleba que tiene una transmisi\u00f3n (designada con F en la Descripci\u00f3n). Generalmente se utiliza para ventanas y puertas francesas junto con la falleba ASSA\/FIX que tiene una transmisi\u00f3n para el freno de la puerta. 160S est\u00e1 homologado como dispositivo de bloqueo a prueba de ni\u00f1os seg\u00fan el Reglamento de Construcci\u00f3n de la Junta Nacional Sueca de Vivienda, Construcci\u00f3n y Planificaci\u00f3n, BBR; esto se aplica cuando se retira la llave del pomo de control 4570 (se compra por separado). Se utiliza para mantener ventanas y puertas de patio abiertas en la posici\u00f3n de ventilaci\u00f3n deseada. El freno de ventana 160S tiene un soporte de marco desmontable y se monta con el soporte de marco 5580 o 5550T, que se compra por separado.<\/div>\n<div><b><br \/>\nCaracter\u00edsticas:<\/b><\/div>\n<div>\n<ul>\n<li>Dispositivo de bloqueo a prueba de ni\u00f1os homologado seg\u00fan BBR<\/li>\n<li>Se aplica si se retira la llave de la perilla de control 4570<\/li>\n<li>Con soporte de marco desmontable (150 y 150S tienen soporte fijo)<\/li>\n<li>Para ventanas y puertas francesas que deben tener herrajes de seguridad.<\/li>\n<li>Se acciona con la manija de falleba.<\/li>\n<li>Con la manija en la posici\u00f3n cerrada, la hoja se mantiene en la posici\u00f3n de ventilaci\u00f3n deseada mediante fricci\u00f3n.<\/li>\n<li>Para proteger el marco y las bisagras, el freno de la ventana se desliza cuando se sobrecarga.<\/li>\n<li>Con el mango en posici\u00f3n abierta, el arco tiene libre movimiento.<\/li>\n<li>La fricci\u00f3n de sujeci\u00f3n aumenta a medida que el \u00e1ngulo de apertura es mayor.<\/li>\n<li>La decisi\u00f3n de derecha o izquierda se toma en funci\u00f3n de la falleba y del colgado de la puerta.<\/li>\n<\/ul>\n<\/div>\n<div><b><br \/>\nFunci\u00f3n:<\/b><\/div>\n<div>\n<ul>\n<li>Pist\u00f3n de bloqueo que limita la apertura a la posici\u00f3n de ventilaci\u00f3n permitida para la seguridad de los ni\u00f1os (m\u00e1x. 100 mm de apertura).<\/li>\n<li>Para abrir m\u00e1s all\u00e1 de la posici\u00f3n de bloqueo, se debe insertar la llave extra\u00edble y abrirla.<\/li>\n<li>La llave se gira antes de que la hoja alcance la posici\u00f3n de pestillo, cuando la hoja se abre.<\/li>\n<li>La funci\u00f3n de bloqueo se reanuda autom\u00e1ticamente cuando se cierra la hoja y se retira la llave.<\/li>\n<\/ul>\n<\/div>\n<div><b><br \/>\nDimensiones talla 160S\/4:<\/b><\/div>\n<div>\n<ul>\n<li>Ancho del arco: 801-1100 mm<\/li>\n<li>Longitud del eje de bloqueo con ancho de arco m\u00e1ximo: 907 mm.<\/li>\n<li>Longitud caja de freno: 452 mm.<\/li>\n<li>Longitud del brazo: 450 mm.<\/li>\n<li>Ancho: 20 mm<\/li>\n<\/ul>\n<p><strong>Vea las im\u00e1genes para saber qu\u00e9 modelo necesita. La primera imagen de la presentaci\u00f3n de diapositivas siempre muestra el freno espec\u00edfico en el que se encuentra actualmente.\u00a0<\/strong><\/p>\n<p><strong>El hecho de que el producto se llame \u201cDerecho\u201d o \u201cIzquierdo\u201d no tiene nada que ver con si su puerta abre hacia la izquierda o hacia la derecha. Por ejemplo, \u201cIzquierda\u201d significa que el brazo del freno est\u00e1 en el lado izquierdo dentro de la caja\/cofre del freno cuando el lado abierto de la caja est\u00e1 hacia arriba.\u00a0<\/strong><\/p>\n<p><strong>Mucha gente pide el producto equivocado de este tipo, por lo que si no est\u00e1s seguro de si el que tienes en casa coincide con la imagen, te pedimos que tengas mucho cuidado.<\/strong><\/p>\n<\/div>","protected":false},"excerpt":{"rendered":"<div style=\"background: #f6f8fa;padding: 14px;border-radius: 6px;margin: 15px 0\">\n<p><strong>\u2714 Este modelo es IZQUIERDO<\/strong><\/p>\n<p>Verifique su freno de ventana existente antes de realizar el pedido. Cuando sostenga la caja del freno con la abertura hacia arriba y el lado corto hacia usted, <strong>El pasador del freno est\u00e1 en el lado izquierdo.<\/strong>.<\/p>\n<p><img decoding=\"async\" style=\"max-width: 300px;width: 100%;margin-top: 10px;border-radius: 6px\" src=\"https:\/\/secureus.se\/wp-content\/uploads\/2026\/03\/hoger-vanster-enkel.jpg\" alt=\"Gu\u00eda del freno de la ventana izquierda o derecha\" \/><\/p>\n<\/div>","protected":false},"featured_media":138544,"template":"","meta":{"_acf_changed":false},"product_brand":[],"product_cat":[3126,4795],"product_tag":[4100,4108,4863,4099],"class_list":{"0":"post-89262","1":"product","2":"type-product","3":"status-publish","4":"has-post-thumbnail","6":"product_cat-fonsterbroms","7":"product_cat-assa-fix-160s","8":"product_tag-4100","9":"product_tag-4108","10":"product_tag-pf","11":"product_tag-vanster","12":"product_shipping_class-tunga-paket","13":"pa_brands-abloy","14":"tm-no-options","16":"first","17":"instock","18":"sale","19":"taxable","20":"shipping-taxable","21":"purchasable","22":"product-type-simple"},"acf":[],"_links":{"self":[{"href":"https:\/\/secureus.se\/es\/wp-json\/wp\/v2\/product\/89262","targetHints":{"allow":["GET"]}}],"collection":[{"href":"https:\/\/secureus.se\/es\/wp-json\/wp\/v2\/product"}],"about":[{"href":"https:\/\/secureus.se\/es\/wp-json\/wp\/v2\/types\/product"}],"wp:featuredmedia":[{"embeddable":true,"href":"https:\/\/secureus.se\/es\/wp-json\/wp\/v2\/media\/138544"}],"wp:attachment":[{"href":"https:\/\/secureus.se\/es\/wp-json\/wp\/v2\/media?parent=89262"}],"wp:term":[{"taxonomy":"product_brand","embeddable":true,"href":"https:\/\/secureus.se\/es\/wp-json\/wp\/v2\/product_brand?post=89262"},{"taxonomy":"product_cat","embeddable":true,"href":"https:\/\/secureus.se\/es\/wp-json\/wp\/v2\/product_cat?post=89262"},{"taxonomy":"product_tag","embeddable":true,"href":"https:\/\/secureus.se\/es\/wp-json\/wp\/v2\/product_tag?post=89262"}],"curies":[{"name":"wp","href":"https:\/\/api.w.org\/{rel}","templated":true}]}}