{"id":89282,"date":"2024-01-04T15:43:22","date_gmt":"2024-01-04T14:43:22","guid":{"rendered":"https:\/\/secureus.se\/produkt\/fonsterbroms-160-2-l550mm-vanster\/"},"modified":"2026-04-09T10:34:04","modified_gmt":"2026-04-09T08:34:04","slug":"fonsterbroms-dorrbroms-160-2-l550mm-vanster","status":"publish","type":"product","link":"https:\/\/secureus.se\/es\/fonsterbroms-dorrbroms-160-2-l550mm-vanster\/","title":{"rendered":"Freno de ventana\/puerta ASSA Fix 160\/2 \u2013 Izquierdo \u2013 252 mm"},"content":{"rendered":"<p><strong>ASSA Fix 160\/2<\/strong> es un <strong>Freno para ventanas y puertas de patio<\/strong> que se utiliza junto con <strong>ASSA\/FIX espagnolette con transferencia<\/strong>. El freno permite que la puerta o ventana permanezca en una posici\u00f3n de ventilaci\u00f3n abierta en lugar de cerrarse de golpe o abrirse por completo.<\/p>\n<p>Se acciona mediante la manilla tipo espagnolette y crea fricci\u00f3n en la varilla del freno para que la puerta pueda mantenerse en la posici\u00f3n deseada.<\/p>\n<p>Modelo <strong>160<\/strong> tiene <strong>soporte de marco desmontable<\/strong> y se monta junto con el soporte del bastidor <strong>5580<\/strong> o <strong>5550T<\/strong> que se compran por separado.<\/p>\n<h3>Caracter\u00edsticas<\/h3>\n<ul>\n<li>Soporte de bastidor desmontable (los modelos 150 y 150S tienen soporte fijo).<\/li>\n<li>Se utiliza junto con la espagnolette ASSA\/FIX con transferencia<\/li>\n<li>Se adapta a ventanas y puertas francesas.<\/li>\n<li>Se acciona mediante el mango de espagnolette.<\/li>\n<li>Mantiene la puerta en posici\u00f3n de ventilaci\u00f3n.<\/li>\n<li>Se desliza cuando est\u00e1 sobrecargado para proteger las bisagras y los herrajes.<\/li>\n<li>Juego libre en posici\u00f3n de mango abierto<\/li>\n<li>La fricci\u00f3n de sujeci\u00f3n aumenta con un \u00e1ngulo de apertura mayor.<\/li>\n<\/ul>\n<h3>M\u00e5tt \u2013 ASSA Fix 160\/2<\/h3>\n<ul>\n<li>Para un ancho de arco de 401 a 550 mm.<\/li>\n<li>Longitud del eje de bloqueo con el arco m\u00e1ximo: 457 mm<\/li>\n<li>Longitud de la caja de freno: 252 mm<\/li>\n<li>Longitud del brazo: 205 mm<\/li>\n<li>Ancho de la caja de freno: 20 mm<\/li>\n<\/ul>\n<h3>Importante sobre izquierda y derecha<\/h3>\n<p>El nombre <strong>izquierda o derecha<\/strong> No tiene nada que ver con si la puerta se abre hacia la izquierda o hacia la derecha.<br \/>\nLa variante est\u00e1 determinada en cambio por <strong>Posici\u00f3n del pasador de freno dentro de la caja de freno<\/strong>.<\/p>\n<p>\u2022 Pasador en el lado izquierdo = modelo izquierdo<br \/>\n\u2022 El pasador del lado derecho = modelo derecho<\/p>\n<p>Al comprobar esto, sujete la caja de frenos con la abertura hacia arriba y el lado corto frente a usted.<\/p>\n<div style=\"background: #f6f8fa;padding: 14px;border-radius: 6px;margin: 18px 0\">\n<p><strong>\u00bfNo est\u00e1s seguro de qu\u00e9 modelo necesitas?<\/strong><br \/>\nCompare su freno actual con las im\u00e1genes del producto o vea toda la gama.<br \/>\n<a style=\"font-weight: bold\" href=\"https:\/\/secureus.se\/es\/fonsterbroms\/\"><br \/>\nVea aqu\u00ed todos los frenos de ventana \u2192<\/a><\/p>\n<\/div>","protected":false},"excerpt":{"rendered":"<div style=\"background: #f6f8fa;padding: 14px;border-radius: 6px;margin: 15px 0\">\n<p><strong>\u2714 Este modelo es IZQUIERDO<\/strong><\/p>\n<p>Verifique su freno de ventana existente antes de realizar el pedido. Cuando sostenga la caja del freno con la abertura hacia arriba y el lado corto hacia usted, <strong>El pasador del freno est\u00e1 en el lado izquierdo.<\/strong>.<\/p>\n<p><img decoding=\"async\" style=\"max-width: 300px;width: 100%;margin-top: 10px;border-radius: 6px\" src=\"https:\/\/secureus.se\/wp-content\/uploads\/2026\/03\/hoger-vanster-enkel.jpg\" alt=\"Gu\u00eda del freno de la ventana izquierda o derecha\" \/><\/p>\n<\/div>","protected":false},"featured_media":138525,"template":"","meta":{"_acf_changed":false},"product_brand":[],"product_cat":[3126,4794],"product_tag":[4100,4107,4863,4099],"class_list":{"0":"post-89282","1":"product","2":"type-product","3":"status-publish","4":"has-post-thumbnail","6":"product_cat-fonsterbroms","7":"product_cat-assa-fix-160","8":"product_tag-4100","9":"product_tag-4107","10":"product_tag-pf","11":"product_tag-vanster","12":"product_shipping_class-tunga-paket","13":"pa_brands-abloy","14":"tm-no-options","16":"first","17":"instock","18":"sale","19":"taxable","20":"shipping-taxable","21":"purchasable","22":"product-type-simple"},"acf":[],"_links":{"self":[{"href":"https:\/\/secureus.se\/es\/wp-json\/wp\/v2\/product\/89282","targetHints":{"allow":["GET"]}}],"collection":[{"href":"https:\/\/secureus.se\/es\/wp-json\/wp\/v2\/product"}],"about":[{"href":"https:\/\/secureus.se\/es\/wp-json\/wp\/v2\/types\/product"}],"wp:featuredmedia":[{"embeddable":true,"href":"https:\/\/secureus.se\/es\/wp-json\/wp\/v2\/media\/138525"}],"wp:attachment":[{"href":"https:\/\/secureus.se\/es\/wp-json\/wp\/v2\/media?parent=89282"}],"wp:term":[{"taxonomy":"product_brand","embeddable":true,"href":"https:\/\/secureus.se\/es\/wp-json\/wp\/v2\/product_brand?post=89282"},{"taxonomy":"product_cat","embeddable":true,"href":"https:\/\/secureus.se\/es\/wp-json\/wp\/v2\/product_cat?post=89282"},{"taxonomy":"product_tag","embeddable":true,"href":"https:\/\/secureus.se\/es\/wp-json\/wp\/v2\/product_tag?post=89282"}],"curies":[{"name":"wp","href":"https:\/\/api.w.org\/{rel}","templated":true}]}}