{"id":89293,"date":"2024-01-04T15:43:25","date_gmt":"2024-01-04T14:43:25","guid":{"rendered":"https:\/\/secureus.se\/produkt\/fonsterbroms-160-4-l1100mm-vanster\/"},"modified":"2026-05-07T13:30:11","modified_gmt":"2026-05-07T11:30:11","slug":"fonsterbroms-dorrbroms-160-4-l1100mm-vanster","status":"publish","type":"product","link":"https:\/\/secureus.se\/es\/fonsterbroms-dorrbroms-160-4-l1100mm-vanster\/","title":{"rendered":"Freno de ventana\/puerta ASSA Fix 160\/4 \u2013 Izquierdo \u2013 452 mm"},"content":{"rendered":"<p><strong>ASSA Fix 160\/4<\/strong> es un robusto <strong>Freno para ventanas, puertas de balc\u00f3n y puertas de patio.<\/strong>. Se utiliza junto con <strong>ASSA\/FIX espagnolette con transferencia<\/strong> y permite mantener la puerta o ventana abierta de forma controlada. <strong>modo de ventilaci\u00f3n<\/strong>.<\/p>\n<p>Cuando la manija est\u00e1 cerrada, se genera fricci\u00f3n en el freno que mantiene la ventana o puerta en la posici\u00f3n de ventilaci\u00f3n deseada. Al abrir la manija, la hoja se mueve libremente. El dise\u00f1o permite que el freno se deslice al sobrecargarse para proteger tanto las bisagras como los herrajes.<\/p>\n<p>Modelo <strong>160<\/strong> est\u00e1 equipado con <strong>soporte de marco desmontable<\/strong> y se monta junto con el soporte del bastidor <strong>5580<\/strong> o <strong>5550T<\/strong> que se compran por separado.<\/p>\n<h3>Caracter\u00edsticas<\/h3>\n<ul>\n<li>Freno de ventana\/freno de puerta para ventanas y puertas de patio.<\/li>\n<li>Soporte de marco desmontable<\/li>\n<li>Se utiliza junto con la espagnolette ASSA\/FIX con transferencia<\/li>\n<li>Se adapta a ventanas y puertas francesas con herrajes de seguridad.<\/li>\n<li>Se acciona mediante el mango de espagnolette.<\/li>\n<li>Mantiene la puerta o ventana en posici\u00f3n de ventilaci\u00f3n.<\/li>\n<li>Se desliza cuando est\u00e1 sobrecargado para proteger las bisagras y los herrajes.<\/li>\n<li>La fricci\u00f3n de sujeci\u00f3n aumenta con un \u00e1ngulo de apertura mayor.<\/li>\n<li>Juego libre en posici\u00f3n de mango abierto<\/li>\n<\/ul>\n<h3>Dimensiones \u2013 ASSA Fix 160\/4<\/h3>\n<ul>\n<li>Para un ancho de arco de 801 a 1100 mm.<\/li>\n<li>Longitud del eje de la cerradura con el arco al ancho m\u00e1ximo: 907 mm<\/li>\n<li>Longitud de la caja de freno: 452 mm<\/li>\n<li>Longitud del brazo: 450 mm<\/li>\n<li>Ancho de la caja de freno: 20 mm<\/li>\n<\/ul>\n<h3>Importante sobre izquierda y derecha<\/h3>\n<p>El nombre <strong>izquierda o derecha<\/strong> no tiene nada que ver con si la puerta se abre hacia la izquierda o hacia la derecha. La variante se determina en cambio por <strong>Posici\u00f3n del pasador de freno dentro de la caja de freno<\/strong>.<\/p>\n<p>\u2022 Pasador en el lado izquierdo = modelo izquierdo<br \/>\n\u2022 El pasador del lado derecho = modelo derecho<\/p>\n<p>Al comprobar esto, sujete la caja de frenos con la abertura hacia arriba y el lado corto frente a usted.<\/p>\n<div style=\"background: #f6f8fa;padding: 14px;border-radius: 6px;margin: 18px 0\"><strong>\u00bfNo est\u00e1s seguro de qu\u00e9 tipo de freno de ventana necesitas?<\/strong><br \/>\nCompare su freno actual con las im\u00e1genes del producto o vea toda la gama.<a style=\"font-weight: bold\" href=\"https:\/\/secureus.se\/es\/fonsterbroms\/\">Vea aqu\u00ed todos los frenos de ventana \u2192<\/a><\/div>","protected":false},"excerpt":{"rendered":"<div style=\"background: #f6f8fa;padding: 14px;border-radius: 6px;margin: 15px 0\">\n<p><strong>\u2714 Este modelo es IZQUIERDO<\/strong><\/p>\n<p>Por favor, compruebe el freno de su ventana actual antes de realizar el pedido.<br \/>\nComprueba tambi\u00e9n que <strong>Longitud de la caja de freno y soporte<\/strong> Se adapta a tu freno actual.<\/p>\n<p>Para comprobar derecha\/izquierda: comience desde <strong>parte inferior de la caja de freno<\/strong> e imag\u00ednate que <strong>El palo apunta en direcci\u00f3n contraria a ti.<\/strong>.<br \/>\nLuego, revise la caja de frenos.<\/p>\n<p>Al adquirir este modelo, <strong>El pasador del freno est\u00e1 en el lado izquierdo.<\/strong>.<\/p>\n<p><strong>Lado izquierdo = modelo izquierdo<\/strong><br \/>\n<strong>Lado derecho = modelo derecho<\/strong><\/p>\n<p><strong>Consejos si el freno est\u00e1 instalado:<\/strong><br \/>\nObserva la caja de frenos desde abajo e imagina que la palanca apunta en direcci\u00f3n opuesta a ti.<\/p>\n<p style=\"margin-bottom: 0\"><strong>Importante:<\/strong> No mires desde la direcci\u00f3n del palo, porque entonces la izquierda y la derecha se invertir\u00e1n.<\/p>\n<p><img decoding=\"async\" style=\"max-width: 300px;width: 100%;margin-top: 12px;border-radius: 6px\" src=\"https:\/\/secureus.se\/wp-content\/uploads\/2026\/03\/hoger-vanster-enkel.jpg\" alt=\"Gu\u00eda del freno de la ventana izquierda o derecha\" \/><\/p>\n<\/div>","protected":false},"featured_media":139502,"template":"","meta":{"_acf_changed":false},"product_brand":[],"product_cat":[3126,4794],"product_tag":[4100,4108,3850,4863,4099],"class_list":{"0":"post-89293","1":"product","2":"type-product","3":"status-publish","4":"has-post-thumbnail","6":"product_cat-fonsterbroms","7":"product_cat-assa-fix-160","8":"product_tag-4100","9":"product_tag-4108","10":"product_tag-bastsaljare","11":"product_tag-pf","12":"product_tag-vanster","13":"product_shipping_class-tunga-paket","14":"pa_brands-abloy","15":"tm-no-options","17":"first","18":"instock","19":"sale","20":"taxable","21":"shipping-taxable","22":"purchasable","23":"product-type-simple"},"acf":[],"_links":{"self":[{"href":"https:\/\/secureus.se\/es\/wp-json\/wp\/v2\/product\/89293","targetHints":{"allow":["GET"]}}],"collection":[{"href":"https:\/\/secureus.se\/es\/wp-json\/wp\/v2\/product"}],"about":[{"href":"https:\/\/secureus.se\/es\/wp-json\/wp\/v2\/types\/product"}],"wp:featuredmedia":[{"embeddable":true,"href":"https:\/\/secureus.se\/es\/wp-json\/wp\/v2\/media\/139502"}],"wp:attachment":[{"href":"https:\/\/secureus.se\/es\/wp-json\/wp\/v2\/media?parent=89293"}],"wp:term":[{"taxonomy":"product_brand","embeddable":true,"href":"https:\/\/secureus.se\/es\/wp-json\/wp\/v2\/product_brand?post=89293"},{"taxonomy":"product_cat","embeddable":true,"href":"https:\/\/secureus.se\/es\/wp-json\/wp\/v2\/product_cat?post=89293"},{"taxonomy":"product_tag","embeddable":true,"href":"https:\/\/secureus.se\/es\/wp-json\/wp\/v2\/product_tag?post=89293"}],"curies":[{"name":"wp","href":"https:\/\/api.w.org\/{rel}","templated":true}]}}