{"id":89321,"date":"2024-01-09T12:15:26","date_gmt":"2024-01-09T11:15:26","guid":{"rendered":"https:\/\/secureus.se\/produkt\/testare-for-glaskrossdetektor-indigo\/"},"modified":"2026-01-06T21:06:28","modified_gmt":"2026-01-06T20:06:28","slug":"testare-for-glaskrossdetektor-indigo","status":"publish","type":"product","link":"https:\/\/secureus.se\/es\/testare-for-glaskrossdetektor-indigo\/","title":{"rendered":"Probador de detector de rotura de cristales Indigo"},"content":{"rendered":"<h1>Detector de rotura de cristales INDIGO: precisi\u00f3n para sistemas de seguridad<\/h1>\n<p>Con el comprobador de detector de rotura de cristales INDIGO de Satel se asegurar\u00e1 de que sus detectores ac\u00fasticos de rotura de cristales funcionen de forma \u00f3ptima.<\/p>\n<p>La herramienta simula el sonido del vidrio roto para probar y ajustar los detectores antes de la instalaci\u00f3n final.<\/p>\n<h5>Caracter\u00edsticas principales<\/h5>\n<ul>\n<li><strong>Imita el sonido del cristal rompi\u00e9ndose<\/strong>:Tres tipos de se\u00f1ales para vidrio regular, templado y laminado.<\/li>\n<li><strong>Dise\u00f1o f\u00e1cil de usar<\/strong>:Dispositivo de seguridad para evitar activaci\u00f3n accidental e indicador de bater\u00eda baja.<\/li>\n<li><strong>Pruebas flexibles<\/strong>:Le permite ajustar los detectores para obtener el mejor rendimiento.<\/li>\n<li><strong>Alimentado por bater\u00eda<\/strong>:Funciona con una sola pila alcalina 6LR61 de 9 V para un uso f\u00e1cil.<\/li>\n<\/ul>\n<h5>Beneficios<\/h5>\n<ul>\n<li><strong>Ajuste preciso<\/strong>:Ayuda a elegir la mejor ubicaci\u00f3n para los detectores durante la instalaci\u00f3n.<\/li>\n<li><strong>Uso seguro<\/strong>:Las funciones de seguridad integradas protegen la audici\u00f3n durante las pruebas.<\/li>\n<li><strong>Larga vida \u00fatil<\/strong>:Dise\u00f1o robusto y confiable para el uso diario.<\/li>\n<\/ul>\n<h5>\u00c1reas de uso<\/h5>\n<ul>\n<li><strong>Vivienda y Negocios<\/strong>:Perfecto para optimizar la seguridad en diversas propiedades.<\/li>\n<li><strong>Locales comerciales<\/strong>:Aseg\u00farese de que todos los detectores funcionen correctamente en tiendas y oficinas.<\/li>\n<li><strong>Propiedades industriales<\/strong>:Proteja las \u00e1reas sensibles probando los sistemas de seguridad.<\/li>\n<\/ul>\n<p>Con <strong>PRUEBAS \u00cdNDIGO<\/strong> Obtendr\u00e1 una soluci\u00f3n confiable y eficaz para optimizar la seguridad y el funcionamiento de los detectores ac\u00fasticos de rotura de vidrios.<\/p>","protected":false},"excerpt":{"rendered":"<p>INDIGO TESTER de Satel es una herramienta para simular sonidos de rotura de vidrios y garantizar el funcionamiento \u00f3ptimo de los detectores ac\u00fasticos de rotura de vidrios.<\/p>","protected":false},"featured_media":138811,"template":"","meta":{"_acf_changed":false},"product_brand":[],"product_cat":[3085],"product_tag":[2280],"class_list":{"0":"post-89321","1":"product","2":"type-product","3":"status-publish","4":"has-post-thumbnail","6":"product_cat-vibationsdetektorer-glaskrossdetektorer","7":"product_tag-glaskross-testare","8":"product_shipping_class-postnord-varubrev","9":"pa_brands-satel","10":"tm-no-options","12":"first","13":"onbackorder","14":"sale","15":"featured","16":"taxable","17":"shipping-taxable","18":"purchasable","19":"product-type-simple"},"acf":[],"_links":{"self":[{"href":"https:\/\/secureus.se\/es\/wp-json\/wp\/v2\/product\/89321","targetHints":{"allow":["GET"]}}],"collection":[{"href":"https:\/\/secureus.se\/es\/wp-json\/wp\/v2\/product"}],"about":[{"href":"https:\/\/secureus.se\/es\/wp-json\/wp\/v2\/types\/product"}],"wp:featuredmedia":[{"embeddable":true,"href":"https:\/\/secureus.se\/es\/wp-json\/wp\/v2\/media\/138811"}],"wp:attachment":[{"href":"https:\/\/secureus.se\/es\/wp-json\/wp\/v2\/media?parent=89321"}],"wp:term":[{"taxonomy":"product_brand","embeddable":true,"href":"https:\/\/secureus.se\/es\/wp-json\/wp\/v2\/product_brand?post=89321"},{"taxonomy":"product_cat","embeddable":true,"href":"https:\/\/secureus.se\/es\/wp-json\/wp\/v2\/product_cat?post=89321"},{"taxonomy":"product_tag","embeddable":true,"href":"https:\/\/secureus.se\/es\/wp-json\/wp\/v2\/product_tag?post=89321"}],"curies":[{"name":"wp","href":"https:\/\/api.w.org\/{rel}","templated":true}]}}