{"id":89401,"date":"2023-11-28T10:38:57","date_gmt":"2023-11-28T09:38:57","guid":{"rendered":"https:\/\/secureus.se\/produkt\/rokdetektor-optisk-4-trad\/"},"modified":"2026-03-31T12:30:41","modified_gmt":"2026-03-31T10:30:41","slug":"rokdetektor-optisk-4-trad","status":"publish","type":"product","link":"https:\/\/secureus.se\/es\/rokdetektor-optisk-4-trad\/","title":{"rendered":"Detector de humo \u00f3ptico 4 hilos 9-35V Universal para todas las alarmas \u2013 EN54-7 \u2013 Completo, Toma incluida"},"content":{"rendered":"<h1>Detector de humo \u00f3ptico de 4 hilos 9-35 V Certificado TUV EN54-7 \u2013 <strong>Completo, Base incluida.<\/strong><\/h1>\n<p>El detector de humo de 4 cables con voltaje de funcionamiento de CC 9 V-35 V es una soluci\u00f3n de seguridad confiable y avanzada para proteger su hogar o negocio contra incendios.<\/p>\n<p>El detector de humo \u00f3ptico de 4 hilos est\u00e1 dise\u00f1ado para detectar humo de forma temprana y advertir r\u00e1pidamente de situaciones peligrosas.<\/p>\n<p>Con una corriente de espera baja de menos de 80 uA, es energ\u00e9ticamente eficiente y vigila constantemente su espacio.<\/p>\n<p>Hecho de material ABS de alta calidad, garantiza durabilidad y larga vida \u00fatil.<\/p>\n<p>El detector de humo proporciona una clara indicaci\u00f3n de alarma a trav\u00e9s de su luz LED roja y se reinicia manualmente apag\u00e1ndolo o autom\u00e1ticamente, lo que proporciona un manejo sencillo y un rendimiento confiable.<\/p>\n<p>Su impresionante sensibilidad de 0,08-0,16 dB\/m (\u00b10,1 dB\/m) garantiza una detecci\u00f3n temprana del humo, lo que le brinda tiempo suficiente para actuar y proteger su hogar o negocio.<\/p>\n<p>Este detector de humo est\u00e1 certificado seg\u00fan EN54-7 por el laboratorio TUV, lo que le brinda la seguridad de que cumple con altos est\u00e1ndares de seguridad.<\/p>\n<p>Invierta en seguridad y confiabilidad con este detector de humo fotoel\u00e9ctrico de 4 cables y garantice una respuesta r\u00e1pida ante cualquier peligro de incendio.<\/p>\n<h3>Detector de humo \u00f3ptico de 4 hilos<\/h3>\n<p>\u2022 Voltaje de funcionamiento: CC: 9-35 V<br \/>\n\u2022 Corriente en espera: &lt;80uA<br \/>\n\u2022 Material: ABS<br \/>\n\u2022 Indicaci\u00f3n de alarma: Luz LED roja<br \/>\n\u2022 Reinicio: Apagado o reinicio autom\u00e1tico<br \/>\n\u2022 Sensibilidad: 0,08-0,16 dB\/m (\u00b10,1 dB\/m)<br \/>\n\u2022 Certificado: EN54-7 del laboratorio TUV<\/p>\n<p><a href=\"https:\/\/en.wikipedia.org\/wiki\/EN_54\" target=\"_blank\" rel=\"noopener\"><span style=\"text-decoration: underline;\"><strong>Aqu\u00ed puede leer m\u00e1s sobre la Certificaci\u00f3n EN54<\/strong><\/span><\/a><\/p>\n<h3><img decoding=\"async\" class=\"alignnone size-full wp-image-123511602\" style=\"font-size: 16px;\" src=\"https:\/\/securityonline.se\/wp-content\/uploads\/2023\/11\/SD_605_Rokdetektor-2.png\" alt=\"Detector de humo de 4 cables\" width=\"720\" height=\"397\" \/><\/h3>\n<p><img decoding=\"async\" class=\"alignnone size-full wp-image-123511604\" src=\"https:\/\/securityonline.se\/wp-content\/uploads\/2023\/11\/SD_605_Rokdetektor-4.png\" alt=\"\" width=\"720\" height=\"481\" \/><\/p>\n<h3><img decoding=\"async\" class=\"alignnone wp-image-123511605\" style=\"font-size: 16px;\" src=\"https:\/\/securityonline.se\/wp-content\/uploads\/2023\/11\/SD_605_Rokdetektor-5.png\" alt=\"\" width=\"719\" height=\"802\" \/><\/h3>\n<p><img decoding=\"async\" class=\"alignnone size-full wp-image-123511606\" src=\"https:\/\/securityonline.se\/wp-content\/uploads\/2023\/11\/SD_605_Rokdetektor-6.png\" alt=\"\" width=\"720\" height=\"710\" \/><\/p>\n<p>&nbsp;<\/p>\n<p>,<\/p>","protected":false},"excerpt":{"rendered":"<p>Detector de humo para sistemas de alarma contra robo o incendio que requieren 4 cables. <strong>Completo, Base incluida.<\/strong><\/p>\n<p>El detector de humo indica una alarma activada a trav\u00e9s de un diodo rojo y se reinicia cortando el voltaje durante unos segundos.<\/p>\n<p>Pruebe siempre los detectores de humo con gas de prueba para mantener el funcionamiento, no utilice papel u otros materiales para crear humo ya que pueden contener part\u00edculas de holl\u00edn, etc. que ensucian la c\u00e1mara de humo.<\/p>\n<p>Alimentado por 9-35 voltios y equipado con rel\u00e9 de alarma C\/NO.<\/p>\n<p>&nbsp;<\/p>","protected":false},"featured_media":139032,"template":"","meta":{"_acf_changed":false},"product_brand":[],"product_cat":[3373,1756],"product_tag":[2959],"class_list":{"0":"post-89401","1":"product","2":"type-product","3":"status-publish","4":"has-post-thumbnail","6":"product_cat-rokdetektorer","7":"product_cat-rokdetektorer-kolmonoxid","8":"product_tag-certifierad-en54","9":"product_shipping_class-postnord-varubrev","10":"tm-no-options","12":"first","13":"instock","14":"sale","15":"taxable","16":"shipping-taxable","17":"purchasable","18":"product-type-simple"},"acf":[],"_links":{"self":[{"href":"https:\/\/secureus.se\/es\/wp-json\/wp\/v2\/product\/89401","targetHints":{"allow":["GET"]}}],"collection":[{"href":"https:\/\/secureus.se\/es\/wp-json\/wp\/v2\/product"}],"about":[{"href":"https:\/\/secureus.se\/es\/wp-json\/wp\/v2\/types\/product"}],"wp:featuredmedia":[{"embeddable":true,"href":"https:\/\/secureus.se\/es\/wp-json\/wp\/v2\/media\/139032"}],"wp:attachment":[{"href":"https:\/\/secureus.se\/es\/wp-json\/wp\/v2\/media?parent=89401"}],"wp:term":[{"taxonomy":"product_brand","embeddable":true,"href":"https:\/\/secureus.se\/es\/wp-json\/wp\/v2\/product_brand?post=89401"},{"taxonomy":"product_cat","embeddable":true,"href":"https:\/\/secureus.se\/es\/wp-json\/wp\/v2\/product_cat?post=89401"},{"taxonomy":"product_tag","embeddable":true,"href":"https:\/\/secureus.se\/es\/wp-json\/wp\/v2\/product_tag?post=89401"}],"curies":[{"name":"wp","href":"https:\/\/api.w.org\/{rel}","templated":true}]}}