{"id":89646,"date":"2024-01-31T16:34:29","date_gmt":"2024-01-31T15:34:29","guid":{"rendered":"https:\/\/secureus.se\/produkt\/transformator-200ma\/"},"modified":"2026-04-08T16:50:20","modified_gmt":"2026-04-08T14:50:20","slug":"transformator-200ma","status":"publish","type":"product","link":"https:\/\/secureus.se\/es\/transformator-200ma\/","title":{"rendered":"TRANSFORMADOR 200MA"},"content":{"rendered":"<p>Transformador para instalaci\u00f3n en caja de dispositivo con distancia entre tornillos de montaje de 60 mm o montaje en superficie en un marco de extensi\u00f3n.<\/p>\n<p>Especificaci\u00f3n t\u00e9cnica Voltaje Primario 230V, 5VA, 50Hz.<\/p>\n<p>Tensi\u00f3n secundaria 24V. Corriente m\u00e1xima 200mA.<\/p>\n<p>Protecci\u00f3n de temperatura autom\u00e1tica.<\/p>\n<p>Fusible Primario 50mA.<\/p>\n<p>Distancia de aislamiento primario\/secundario 25mm.<\/p>\n<p>Profundidad de montaje 32 mm.<\/p>\n<p>Color: blanco monta\u00f1a<\/p>","protected":false},"excerpt":{"rendered":"<p>Transformador para instalaci\u00f3n en caja de dispositivo con distancia entre tornillos de montaje de 60 mm o montaje en superficie en un marco de extensi\u00f3n. Especificaci\u00f3n t\u00e9cnica Voltaje Primario 230V, 5VA, 50Hz. Tensi\u00f3n secundaria 24V. Corriente m\u00e1xima 200mA. Protecci\u00f3n de temperatura autom\u00e1tica. Fusible Primario 50mA.<\/p>","protected":false},"featured_media":139164,"template":"","meta":{"_acf_changed":false},"product_brand":[],"product_cat":[1604],"product_tag":[],"class_list":{"0":"post-89646","1":"product","2":"type-product","3":"status-publish","4":"has-post-thumbnail","6":"product_cat-stromforsorjning-till-rwc-larm","7":"product_shipping_class-tunga-paket","8":"tm-no-options","10":"first","11":"instock","12":"sale","13":"taxable","14":"shipping-taxable","15":"purchasable","16":"product-type-simple"},"acf":[],"_links":{"self":[{"href":"https:\/\/secureus.se\/es\/wp-json\/wp\/v2\/product\/89646","targetHints":{"allow":["GET"]}}],"collection":[{"href":"https:\/\/secureus.se\/es\/wp-json\/wp\/v2\/product"}],"about":[{"href":"https:\/\/secureus.se\/es\/wp-json\/wp\/v2\/types\/product"}],"wp:featuredmedia":[{"embeddable":true,"href":"https:\/\/secureus.se\/es\/wp-json\/wp\/v2\/media\/139164"}],"wp:attachment":[{"href":"https:\/\/secureus.se\/es\/wp-json\/wp\/v2\/media?parent=89646"}],"wp:term":[{"taxonomy":"product_brand","embeddable":true,"href":"https:\/\/secureus.se\/es\/wp-json\/wp\/v2\/product_brand?post=89646"},{"taxonomy":"product_cat","embeddable":true,"href":"https:\/\/secureus.se\/es\/wp-json\/wp\/v2\/product_cat?post=89646"},{"taxonomy":"product_tag","embeddable":true,"href":"https:\/\/secureus.se\/es\/wp-json\/wp\/v2\/product_tag?post=89646"}],"curies":[{"name":"wp","href":"https:\/\/api.w.org\/{rel}","templated":true}]}}