{"id":89685,"date":"2024-02-05T16:21:34","date_gmt":"2024-02-05T15:21:34","guid":{"rendered":"https:\/\/secureus.se\/produkt\/ajax-nvr-8-kanaler-vit-videolagring\/"},"modified":"2026-04-15T14:36:06","modified_gmt":"2026-04-15T12:36:06","slug":"aajax-nvr-8-kanaler-vit-videolagring","status":"publish","type":"product","link":"https:\/\/secureus.se\/es\/aajax-nvr-8-kanaler-vit-videolagring\/","title":{"rendered":"NVR Ajax de 8 canales, color blanco - Almacenamiento de v\u00eddeo"},"content":{"rendered":"<h3>Ajax NVR 8 canales Blanco es una potente soluci\u00f3n de almacenamiento de video que le permite integrar f\u00e1cilmente c\u00e1maras de vigilancia en su sistema de alarma Ajax.<\/h3>\n<p>Este dispositivo ofrece una interfaz intuitiva para la videovigilancia y el almacenamiento de secuencias de v\u00eddeo de alta calidad.<\/p>\n<p>El NVR graba localmente en el dispositivo y le permite revisar las transmisiones de video a trav\u00e9s de la aplicaci\u00f3n Ajax, lo que le brinda control total sobre su seguridad.<\/p>\n<p>El NVR es compatible con c\u00e1maras que admiten los protocolos Onvif o RTSP y puede manejar hasta 8 c\u00e1maras simult\u00e1neamente, lo que lo hace perfecto para sistemas de vigilancia peque\u00f1os y medianos.<\/p>\n<p><strong>F\u00e1cil instalaci\u00f3n y flexibilidad<\/strong><br \/>\nEl NVR Ajax de 8 canales est\u00e1 dise\u00f1ado para ser f\u00e1cil de instalar y configurar.<\/p>\n<p>Una vez instalado el sistema, puedes monitorear las c\u00e1maras a trav\u00e9s de una aplicaci\u00f3n m\u00f3vil o una aplicaci\u00f3n web, lo que significa que siempre tendr\u00e1s acceso a las im\u00e1genes de tu c\u00e1mara, sin importar d\u00f3nde est\u00e9s.<\/p>\n<p>Esta flexibilidad hace que el Ajax NVR de 8 canales sea una soluci\u00f3n perfecta tanto para hogares como para empresas que necesitan almacenamiento de v\u00eddeo de alta definici\u00f3n.<\/p>\n<p><strong>Escenarios de grabaci\u00f3n<\/strong><br \/>\nCon Ajax NVR de 8 canales, puedes configurar escenarios de grabaci\u00f3n para grabar solo cuando se activan las alarmas. Por ejemplo, las c\u00e1maras pueden comenzar a grabar si se activa una alarma antirrobo o de incendio.<\/p>\n<p>Esto hace que sea m\u00e1s f\u00e1cil encontrar secuencias de v\u00eddeo relevantes sin tener que revisar grandes cantidades de material. El sistema tambi\u00e9n se puede configurar para grabar de forma continua o en momentos espec\u00edficos, proporcionando una soluci\u00f3n flexible para todo tipo de necesidades de vigilancia.<\/p>\n<p><strong>Compatibilidad y almacenamiento<\/strong><br \/>\nEl NVR Ajax de 8 canales se puede conectar a cualquier c\u00e1mara que admita Onvif o RTSP y est\u00e9 instalada en la misma red. Para almacenar secuencias de v\u00eddeo, el NVR admite discos duros de hasta 16 TB.<\/p>\n<p>Esto le permite almacenar grandes cantidades de material de v\u00eddeo de forma segura y organizada. Tambi\u00e9n puede realizar una copia de seguridad de los datos de v\u00eddeo o utilizar redundancia para protegerse contra la p\u00e9rdida de datos.<\/p>\n<p><strong>Alta seguridad y cifrado<\/strong><br \/>\nAjax NVR de 8 canales utiliza tecnolog\u00eda JetSparrow para una transferencia de datos segura y r\u00e1pida, lo que garantiza que sus transmisiones de video est\u00e9n protegidas contra accesos no autorizados.<\/p>\n<p>El sistema tambi\u00e9n cumple con la NDAA y ha sido sometido a rigurosas pruebas de ciberseguridad, lo que proporciona un alto nivel de seguridad.<\/p>\n<p><strong>Acceso remoto y comprobaci\u00f3n del estado<\/strong><br \/>\nAjax NVR 8 canales le permite monitorear la salud del sistema a trav\u00e9s de la aplicaci\u00f3n, donde puede obtener informaci\u00f3n sobre el espacio del disco duro, la temperatura, la carga de la CPU y el uso de RAM.<\/p>\n<p>La aplicaci\u00f3n f\u00e1cil de usar permite realizar un seguimiento del sistema y garantizar que funcione correctamente.<\/p>\n<p><strong>Especificaciones t\u00e9cnicas<\/strong>:<\/p>\n<ul>\n<li><strong>N\u00famero de canales<\/strong>: 8<\/li>\n<li><strong>Almacenamiento<\/strong>:Hasta 16 TB (disco duro no incluido)<\/li>\n<li><strong>Compatibilidad<\/strong>:C\u00e1maras compatibles con Onvif o RTSP<\/li>\n<li><strong>Grabaci\u00f3n<\/strong>:Video almacenado localmente, acceso remoto a trav\u00e9s de la aplicaci\u00f3n<\/li>\n<li><strong>Seguridad<\/strong>: Cifrado mediante tecnolog\u00eda JetSparrow, compatible con NDAA<\/li>\n<li><strong>Acceso remoto<\/strong>:Aplicaci\u00f3n web y aplicaci\u00f3n m\u00f3vil<\/li>\n<li><strong>Fuente de alimentaci\u00f3n<\/strong>: 12 V CC, PoE (opcional)<\/li>\n<li><strong>Conexi\u00f3n<\/strong>:Ethernet, RS232 para comunicaci\u00f3n<\/li>\n<\/ul>\n<p><strong>El paquete contiene<\/strong>:<\/p>\n<ul>\n<li>1 x Ajax NVR 8 canales<\/li>\n<li>1 panel de montaje SmartBracket<\/li>\n<li>1 x cable de alimentaci\u00f3n<\/li>\n<li>1 cable Ethernet<\/li>\n<li>1 x Kit de instalaci\u00f3n<\/li>\n<li>1 x Gu\u00eda de inicio r\u00e1pido<\/li>\n<\/ul>\n<p><strong>Conclusi\u00f3n<\/strong>:<br \/>\nEl NVR Ajax de 8 canales ofrece una soluci\u00f3n confiable y flexible para el almacenamiento y vigilancia de video.<\/p>\n<p>Con f\u00e1cil instalaci\u00f3n, alta seguridad y la capacidad de gestionar hasta 8 c\u00e1maras, es perfecto para cualquier persona que desee un control total sobre su vigilancia.<\/p>\n<p>Ya sea que necesite almacenar im\u00e1genes localmente o monitorear el sistema de forma remota a trav\u00e9s de la aplicaci\u00f3n, el Ajax NVR de 8 canales ofrece la mejor soluci\u00f3n posible para sistemas de vigilancia peque\u00f1os y medianos.<\/p>","protected":false},"excerpt":{"rendered":"<p>El NVR Ajax de 8 canales ofrece una soluci\u00f3n simple y flexible para el almacenamiento de video.<\/p>\n<p>Grabe y almacene secuencias de video de hasta 8 c\u00e1maras con hasta 16 TB de capacidad de almacenamiento.<\/p>\n<p>El acceso remoto a trav\u00e9s de la aplicaci\u00f3n facilita la gesti\u00f3n y revisi\u00f3n del material grabado.<\/p>","protected":false},"featured_media":155630,"template":"","meta":{"_acf_changed":false},"product_brand":[],"product_cat":[1319,4011,3358],"product_tag":[4863],"class_list":{"0":"post-89685","1":"product","2":"type-product","3":"status-publish","4":"has-post-thumbnail","6":"product_cat-ajax-larm","7":"product_cat-ajax-kameror","8":"product_cat-nvr-network-video-recorder","9":"product_tag-pf","10":"product_shipping_class-tunga-paket","11":"pa_brands-ajax-systems","12":"pa_farg-vit","13":"tm-no-options","15":"first","16":"instock","17":"sale","18":"taxable","19":"shipping-taxable","20":"purchasable","21":"product-type-simple"},"acf":[],"_links":{"self":[{"href":"https:\/\/secureus.se\/es\/wp-json\/wp\/v2\/product\/89685","targetHints":{"allow":["GET"]}}],"collection":[{"href":"https:\/\/secureus.se\/es\/wp-json\/wp\/v2\/product"}],"about":[{"href":"https:\/\/secureus.se\/es\/wp-json\/wp\/v2\/types\/product"}],"wp:featuredmedia":[{"embeddable":true,"href":"https:\/\/secureus.se\/es\/wp-json\/wp\/v2\/media\/155630"}],"wp:attachment":[{"href":"https:\/\/secureus.se\/es\/wp-json\/wp\/v2\/media?parent=89685"}],"wp:term":[{"taxonomy":"product_brand","embeddable":true,"href":"https:\/\/secureus.se\/es\/wp-json\/wp\/v2\/product_brand?post=89685"},{"taxonomy":"product_cat","embeddable":true,"href":"https:\/\/secureus.se\/es\/wp-json\/wp\/v2\/product_cat?post=89685"},{"taxonomy":"product_tag","embeddable":true,"href":"https:\/\/secureus.se\/es\/wp-json\/wp\/v2\/product_tag?post=89685"}],"curies":[{"name":"wp","href":"https:\/\/api.w.org\/{rel}","templated":true}]}}