{"id":89816,"date":"2024-02-20T14:23:38","date_gmt":"2024-02-20T13:23:38","guid":{"rendered":"https:\/\/secureus.se\/produkt\/magicard-3633-0054-printer-cleaning-roller-kit-pack-of-5\/"},"modified":"2026-04-08T16:21:47","modified_gmt":"2026-04-08T14:21:47","slug":"magicard-3633-0054-printer-cleaning-roller-kit-pack-of-5","status":"publish","type":"product","link":"https:\/\/secureus.se\/es\/magicard-3633-0054-printer-cleaning-roller-kit-pack-of-5\/","title":{"rendered":"Rodillos de limpieza para impresora de tarjetas Magicard 3633-0054 \u2013 Paquete de 5"},"content":{"rendered":"<p>Se ha comprobado que el kit de rodillos de limpieza de impresora Magicard 3633-0054 elimina el polvo, la suciedad y los residuos de tinta que pueden da\u00f1ar las piezas cruciales de la impresora. La limpieza regular es la forma m\u00e1s f\u00e1cil de mantener el rendimiento de su impresora y producir resultados de impresi\u00f3n de alta calidad.<\/p>\n<ul>\n<li>Incluye cinco tarjetas con fundas para rodillos de limpieza y una barra de rodillo reutilizable.<\/li>\n<li>El fabricante recomienda el uso de un kit de limpieza en cada reemplazo de cinta.<\/li>\n<li>Vida \u00fatil de hasta un a\u00f1o cuando se almacena en condiciones adecuadas N\u00famero de pieza del fabricante: 3633-0054<\/li>\n<\/ul>","protected":false},"excerpt":{"rendered":"<p>Se ha comprobado que el kit de rodillos de limpieza de impresora Magicard 3633-0054 elimina el polvo, la suciedad y los residuos de tinta que pueden da\u00f1ar las piezas cruciales de la impresora. La limpieza regular es la forma m\u00e1s f\u00e1cil de mantener<\/p>","protected":false},"featured_media":139075,"template":"","meta":{"_acf_changed":false},"product_brand":[],"product_cat":[4807],"product_tag":[3174,3182,4863],"class_list":{"0":"post-89816","1":"product","2":"type-product","3":"status-publish","4":"has-post-thumbnail","6":"product_cat-rengoringskit","7":"product_tag-magicard","8":"product_tag-magicard-tillbehor","9":"product_tag-pf","10":"product_shipping_class-postnord-varubrev","11":"pa_brands-magicard","12":"tm-no-options","14":"first","15":"instock","16":"taxable","17":"shipping-taxable","18":"purchasable","19":"product-type-simple"},"acf":[],"_links":{"self":[{"href":"https:\/\/secureus.se\/es\/wp-json\/wp\/v2\/product\/89816","targetHints":{"allow":["GET"]}}],"collection":[{"href":"https:\/\/secureus.se\/es\/wp-json\/wp\/v2\/product"}],"about":[{"href":"https:\/\/secureus.se\/es\/wp-json\/wp\/v2\/types\/product"}],"wp:featuredmedia":[{"embeddable":true,"href":"https:\/\/secureus.se\/es\/wp-json\/wp\/v2\/media\/139075"}],"wp:attachment":[{"href":"https:\/\/secureus.se\/es\/wp-json\/wp\/v2\/media?parent=89816"}],"wp:term":[{"taxonomy":"product_brand","embeddable":true,"href":"https:\/\/secureus.se\/es\/wp-json\/wp\/v2\/product_brand?post=89816"},{"taxonomy":"product_cat","embeddable":true,"href":"https:\/\/secureus.se\/es\/wp-json\/wp\/v2\/product_cat?post=89816"},{"taxonomy":"product_tag","embeddable":true,"href":"https:\/\/secureus.se\/es\/wp-json\/wp\/v2\/product_tag?post=89816"}],"curies":[{"name":"wp","href":"https:\/\/api.w.org\/{rel}","templated":true}]}}