{"id":89831,"date":"2024-02-21T15:15:56","date_gmt":"2024-02-21T14:15:56","guid":{"rendered":"https:\/\/secureus.se\/produkt\/cardpresso-xxs-card-design-software-cp1000-usb-dongle-s-cpxxs\/"},"modified":"2026-04-22T15:47:13","modified_gmt":"2026-04-22T13:47:13","slug":"cardpresso-xxs-card-design-software-cp1000-usb-dongle-s-cpxxs","status":"publish","type":"product","link":"https:\/\/secureus.se\/es\/cardpresso-xxs-card-design-software-cp1000-usb-dongle-s-cpxxs\/","title":{"rendered":"cardPresso XXS Card Design Software, CP1000 &#8211; USB Dongle [S-CPXXS]"},"content":{"rendered":"<p><strong>Dise\u00f1o de tarjetas eficiente con cardPresso XXS:<\/strong> cardPresso XXS es un software intuitivo ideal tanto para principiantes como para usuarios experimentados en la impresi\u00f3n de tarjetas. Con una variedad de funciones y herramientas, es perfecto para crear tarjetas de identificaci\u00f3n, tarjetas de membres\u00eda y otros tipos de productos de tarjetas de alta calidad.<\/p>\n<p><strong>Caracter\u00edsticas y beneficios:<\/strong><\/p>\n<ul>\n<li><strong>Dise\u00f1o f\u00e1cil de usar:<\/strong> La interfaz intuitiva facilita el dise\u00f1o y la personalizaci\u00f3n de tarjetas con una variedad de plantillas y elementos gr\u00e1ficos.<\/li>\n<li><strong>Base de datos interna:<\/strong> La base de datos incorporada puede manejar una cantidad ilimitada de registros y tiene un conector de fotos para incluir im\u00e1genes f\u00e1cilmente en las tarjetas.<\/li>\n<li><strong>Compatibilidad:<\/strong> cardPresso XXS es compatible con MacOS y Windows, lo que lo hace flexible para diferentes entornos de usuario.<\/li>\n<li><strong>Herramientas gr\u00e1ficas:<\/strong> Incluye herramientas de dise\u00f1o gr\u00e1fico y personalizaci\u00f3n, permiti\u00e9ndote crear tarjetas personalizadas para diferentes necesidades.<\/li>\n<\/ul>\n<p><strong>Opciones de actualizaci\u00f3n:<\/strong> El software ofrece una ruta de actualizaci\u00f3n flexible con cinco versiones disponibles que agregan m\u00e1s funciones, como c\u00f3digos QR, conexiones de bases de datos y opciones de codificaci\u00f3n m\u00e1s avanzadas. Puede personalizar f\u00e1cilmente el software seg\u00fan sus necesidades espec\u00edficas.<\/p>\n<p><strong>Requisitos del sistema:<\/strong> cardPresso XXS requiere una Mac con Intel o una PC con Microsoft\u00ae Windows\u00ae XP o posterior, con un m\u00ednimo de 512 MB de RAM y 500 MB de espacio libre en el disco duro.<\/p>\n<p>Elija cardPresso XXS para optimizar su proceso de dise\u00f1o e impresi\u00f3n de tarjetas. Este software es una herramienta poderosa para cualquiera que quiera crear tarjetas profesionales de forma f\u00e1cil y r\u00e1pida.<\/p>","protected":false},"excerpt":{"rendered":"<p>El software de dise\u00f1o de tarjetas cardPresso XXS simplifica la producci\u00f3n de tarjetas con su interfaz f\u00e1cil de usar y plantillas de tarjetas integradas.<\/p>\n<p>El software es perfecto para la impresi\u00f3n de tarjetas internamente y ofrece una ruta de actualizaci\u00f3n flexible para adaptarse a diferentes necesidades de impresi\u00f3n.<\/p>\n<p>Es compatible tanto con MacOS como con Windows e incluye herramientas de dise\u00f1o gr\u00e1fico y personalizaci\u00f3n.<\/p>","protected":false},"featured_media":139014,"template":"","meta":{"_acf_changed":false},"product_brand":[],"product_cat":[3211],"product_tag":[4863],"class_list":{"0":"post-89831","1":"product","2":"type-product","3":"status-publish","4":"has-post-thumbnail","6":"product_cat-software-programvara","7":"product_tag-pf","8":"product_shipping_class-postnord-varubrev","9":"tm-no-options","11":"first","12":"onbackorder","13":"sale","14":"taxable","15":"shipping-taxable","16":"purchasable","17":"product-type-simple"},"acf":[],"_links":{"self":[{"href":"https:\/\/secureus.se\/es\/wp-json\/wp\/v2\/product\/89831","targetHints":{"allow":["GET"]}}],"collection":[{"href":"https:\/\/secureus.se\/es\/wp-json\/wp\/v2\/product"}],"about":[{"href":"https:\/\/secureus.se\/es\/wp-json\/wp\/v2\/types\/product"}],"wp:featuredmedia":[{"embeddable":true,"href":"https:\/\/secureus.se\/es\/wp-json\/wp\/v2\/media\/139014"}],"wp:attachment":[{"href":"https:\/\/secureus.se\/es\/wp-json\/wp\/v2\/media?parent=89831"}],"wp:term":[{"taxonomy":"product_brand","embeddable":true,"href":"https:\/\/secureus.se\/es\/wp-json\/wp\/v2\/product_brand?post=89831"},{"taxonomy":"product_cat","embeddable":true,"href":"https:\/\/secureus.se\/es\/wp-json\/wp\/v2\/product_cat?post=89831"},{"taxonomy":"product_tag","embeddable":true,"href":"https:\/\/secureus.se\/es\/wp-json\/wp\/v2\/product_tag?post=89831"}],"curies":[{"name":"wp","href":"https:\/\/api.w.org\/{rel}","templated":true}]}}