{"id":89902,"date":"2024-02-27T13:54:14","date_gmt":"2024-02-27T12:54:14","guid":{"rendered":"https:\/\/secureus.se\/produkt\/batteribackup-24v-5a\/"},"modified":"2026-02-02T15:03:28","modified_gmt":"2026-02-02T14:03:28","slug":"batteribackup-24v-5a","status":"publish","type":"product","link":"https:\/\/secureus.se\/es\/batteribackup-24v-5a\/","title":{"rendered":"Bater\u00eda de respaldo 24V 5A"},"content":{"rendered":"<h1>Bater\u00eda de respaldo de 24 V y 5 A: para un funcionamiento fiable y continuo<\/h1>\n<p>Mantenga sus sistemas cr\u00edticos en funcionamiento incluso durante cortes de energ\u00eda con <strong>Bater\u00eda de respaldo 24V 5A<\/strong>.<\/p>\n<p>Esta potente unidad es perfecta para sistemas de bajo voltaje en hogares, oficinas e industrias.<\/p>\n<p>Con espacio para dos bater\u00edas de 18 Ah, construcci\u00f3n robusta y caracter\u00edsticas de protecci\u00f3n avanzadas, ofrece alta seguridad y confiabilidad.<\/p>\n<h5>Caracter\u00edsticas principales<\/h5>\n<ul>\n<li><strong>Fuente de alimentaci\u00f3n eficiente<\/strong>:Corriente de salida de 5 A a 27,6 V CC con capacidad de carga flexible.<\/li>\n<li><strong>Caracter\u00edsticas de protecci\u00f3n<\/strong>: Protecci\u00f3n contra cortocircuitos (SCP), protecci\u00f3n contra sobrecargas (OLP), protecci\u00f3n contra sobretensiones (OVP) y protecci\u00f3n contra descargas profundas (UVP).<\/li>\n<li><strong>Uso flexible de la bater\u00eda<\/strong>:Dise\u00f1ado para dos bater\u00edas de 18 Ah para proporcionar un funcionamiento a largo plazo durante cortes de energ\u00eda.<\/li>\n<li><strong>Indicaci\u00f3n \u00f3ptica<\/strong>:Las luces LED indican el estado de la bater\u00eda, la fuente de alimentaci\u00f3n y cualquier error.<\/li>\n<li><strong>Dise\u00f1o sostenible<\/strong>:Fabricado en metal robusto en acabado blanco RAL9003 con grado de protecci\u00f3n IP20.<\/li>\n<\/ul>\n<h5>Beneficios<\/h5>\n<ul>\n<li><strong>Seguridad y estabilidad<\/strong>:Garantiza el funcionamiento ininterrumpido de sistemas cr\u00edticos.<\/li>\n<li><strong>Instalaci\u00f3n f\u00e1cil de usar<\/strong>:F\u00e1cil de instalar con dise\u00f1o de montaje en superficie y cierre atornillado.<\/li>\n<li><strong>Larga vida \u00fatil<\/strong>:Dise\u00f1o duradero con garant\u00eda de dos a\u00f1os.<\/li>\n<\/ul>\n<h5>Presupuesto<\/h5>\n<ul>\n<li><strong>Tensi\u00f3n de alimentaci\u00f3n<\/strong>:200-240 V CA<\/li>\n<li><strong>Voltaje de salida<\/strong>:27,6 V CC<\/li>\n<li><strong>Eficiencia<\/strong>: 90%<\/li>\n<li><strong>Capacidad de la bater\u00eda<\/strong>: 2 x 18 Ah<\/li>\n<li><strong>Dimensiones<\/strong>:330 x 380 x 173 mm<\/li>\n<\/ul>\n<p>Comprar <strong>Bater\u00eda de respaldo 24V 5A<\/strong> para una soluci\u00f3n segura y estable que proteja sus sistemas m\u00e1s importantes contra cortes de energ\u00eda.<\/p>\n<h4><img decoding=\"async\" class=\"alignnone size-medium wp-image-123514569\" src=\"https:\/\/securityonline.se\/wp-content\/uploads\/2024\/02\/HPSB-24V5A-C-300x206.png\" alt=\"\" width=\"300\" height=\"206\" \/><\/h4>","protected":false},"excerpt":{"rendered":"<p>Bater\u00eda de respaldo eficiente de 24V 5A, dise\u00f1ada para sistemas de bajo voltaje.<\/p>\n<p>Garantiza un funcionamiento continuo con espacio para dos bater\u00edas de 18 Ah y funciones de protecci\u00f3n avanzadas.<\/p>","protected":false},"featured_media":138925,"template":"","meta":{"_acf_changed":false},"product_brand":[],"product_cat":[2721],"product_tag":[3197,3195],"class_list":{"0":"post-89902","1":"product","2":"type-product","3":"status-publish","4":"has-post-thumbnail","6":"product_cat-batteribackuper","7":"product_tag-backup-24v","8":"product_tag-batteribackup-hpsb-12-24v-serie","9":"product_shipping_class-tunga-paket","10":"pa_brands-pulsar","11":"tm-no-options","13":"first","14":"onbackorder","15":"featured","16":"taxable","17":"shipping-taxable","18":"purchasable","19":"product-type-simple"},"acf":[],"_links":{"self":[{"href":"https:\/\/secureus.se\/es\/wp-json\/wp\/v2\/product\/89902","targetHints":{"allow":["GET"]}}],"collection":[{"href":"https:\/\/secureus.se\/es\/wp-json\/wp\/v2\/product"}],"about":[{"href":"https:\/\/secureus.se\/es\/wp-json\/wp\/v2\/types\/product"}],"wp:featuredmedia":[{"embeddable":true,"href":"https:\/\/secureus.se\/es\/wp-json\/wp\/v2\/media\/138925"}],"wp:attachment":[{"href":"https:\/\/secureus.se\/es\/wp-json\/wp\/v2\/media?parent=89902"}],"wp:term":[{"taxonomy":"product_brand","embeddable":true,"href":"https:\/\/secureus.se\/es\/wp-json\/wp\/v2\/product_brand?post=89902"},{"taxonomy":"product_cat","embeddable":true,"href":"https:\/\/secureus.se\/es\/wp-json\/wp\/v2\/product_cat?post=89902"},{"taxonomy":"product_tag","embeddable":true,"href":"https:\/\/secureus.se\/es\/wp-json\/wp\/v2\/product_tag?post=89902"}],"curies":[{"name":"wp","href":"https:\/\/api.w.org\/{rel}","templated":true}]}}