{"id":89904,"date":"2024-02-27T12:40:39","date_gmt":"2024-02-27T11:40:39","guid":{"rendered":"https:\/\/secureus.se\/produkt\/batteribackup-12v-2a\/"},"modified":"2026-03-30T15:32:32","modified_gmt":"2026-03-30T13:32:32","slug":"batteribackup-12v-2a","status":"publish","type":"product","link":"https:\/\/secureus.se\/es\/batteribackup-12v-2a\/","title":{"rendered":"Bater\u00eda de respaldo 12V 2A"},"content":{"rendered":"<h1>Bater\u00eda de respaldo de 12 V y 2 A: fuente de alimentaci\u00f3n estable para sistemas cr\u00edticos<\/h1>\n<p>Proteja sus sistemas con <strong>Bater\u00eda de respaldo 12V 2A<\/strong> que proporciona un suministro de energ\u00eda estable y un funcionamiento ininterrumpido incluso durante cortes de energ\u00eda.<\/p>\n<p>Con espacio para una bater\u00eda de 7Ah, esta unidad es ideal para hogares, oficinas y negocios.<\/p>\n<h5>Caracter\u00edsticas principales<\/h5>\n<ul>\n<li><strong>Fuente de alimentaci\u00f3n eficiente<\/strong>:Suministra una corriente de salida de 2,5 A a 13,8 V CC e incluye carga de bater\u00eda.<\/li>\n<li><strong>Funciones de protecci\u00f3n avanzadas<\/strong>: Protecci\u00f3n contra cortocircuito (SCP), sobrecarga (OLP), sobrecalentamiento (OHP) y descarga profunda (UVP).<\/li>\n<li><strong>Dise\u00f1o flexible<\/strong>:Espacio para una bater\u00eda de 7Ah con espacio optimizado y opciones de montaje.<\/li>\n<li><strong>Indicaci\u00f3n LED<\/strong>:LED \u00f3pticos para monitorizaci\u00f3n del estado e indicaci\u00f3n de errores.<\/li>\n<li><strong>Construcci\u00f3n robusta<\/strong>:Fabricado en metal duradero de color blanco RAL9003 con clasificaci\u00f3n IP20.<\/li>\n<\/ul>\n<h5>Beneficios<\/h5>\n<ul>\n<li><strong>Seguridad y estabilidad<\/strong>:Garantiza el funcionamiento ininterrumpido de sistemas sensibles.<\/li>\n<li><strong>Instalaci\u00f3n f\u00e1cil de usar<\/strong>:Dise\u00f1o compacto con montaje en superficie y f\u00e1cil conexi\u00f3n.<\/li>\n<li><strong>Larga vida \u00fatil<\/strong>Dise\u00f1ado para durar, con garant\u00eda de dos a\u00f1os.<\/li>\n<\/ul>\n<h5>Presupuesto<\/h5>\n<ul>\n<li><strong>Tensi\u00f3n de alimentaci\u00f3n<\/strong>:200-240 V CA<\/li>\n<li><strong>Voltaje de salida<\/strong>:13,8 V CC<\/li>\n<li><strong>Capacidad de la bater\u00eda<\/strong>: 1 x 7 Ah<\/li>\n<li><strong>Eficiencia<\/strong>: 87%<\/li>\n<li><strong>Dimensiones<\/strong>:170 x 180 x 82 mm<\/li>\n<\/ul>\n<p>Comprar <strong>Bater\u00eda de respaldo 12V 2A<\/strong> para garantizar un suministro de energ\u00eda estable y proteger sus sistemas m\u00e1s importantes.<\/p>\n<p><img decoding=\"async\" class=\"alignnone size-medium wp-image-123514570\" src=\"https:\/\/securityonline.se\/wp-content\/uploads\/2024\/02\/HPSB-12V2A-B-300x206.png\" alt=\"\" width=\"300\" height=\"206\" \/><\/p>","protected":false},"excerpt":{"rendered":"<p>Bater\u00eda de respaldo compacta y eficiente de 12V 2A con espacio para una bater\u00eda de 7Ah.<\/p>\n<p>Protege sus sistemas con funciones de protecci\u00f3n avanzadas y un funcionamiento estable.<\/p>","protected":false},"featured_media":138866,"template":"","meta":{"_acf_changed":false},"product_brand":[],"product_cat":[2721],"product_tag":[3196,3195],"class_list":{"0":"post-89904","1":"product","2":"type-product","3":"status-publish","4":"has-post-thumbnail","6":"product_cat-batteribackuper","7":"product_tag-backup-12v","8":"product_tag-batteribackup-hpsb-12-24v-serie","9":"product_shipping_class-tunga-paket","10":"pa_brands-pulsar","11":"tm-no-options","13":"first","14":"onbackorder","15":"featured","16":"taxable","17":"shipping-taxable","18":"purchasable","19":"product-type-simple"},"acf":[],"_links":{"self":[{"href":"https:\/\/secureus.se\/es\/wp-json\/wp\/v2\/product\/89904","targetHints":{"allow":["GET"]}}],"collection":[{"href":"https:\/\/secureus.se\/es\/wp-json\/wp\/v2\/product"}],"about":[{"href":"https:\/\/secureus.se\/es\/wp-json\/wp\/v2\/types\/product"}],"wp:featuredmedia":[{"embeddable":true,"href":"https:\/\/secureus.se\/es\/wp-json\/wp\/v2\/media\/138866"}],"wp:attachment":[{"href":"https:\/\/secureus.se\/es\/wp-json\/wp\/v2\/media?parent=89904"}],"wp:term":[{"taxonomy":"product_brand","embeddable":true,"href":"https:\/\/secureus.se\/es\/wp-json\/wp\/v2\/product_brand?post=89904"},{"taxonomy":"product_cat","embeddable":true,"href":"https:\/\/secureus.se\/es\/wp-json\/wp\/v2\/product_cat?post=89904"},{"taxonomy":"product_tag","embeddable":true,"href":"https:\/\/secureus.se\/es\/wp-json\/wp\/v2\/product_tag?post=89904"}],"curies":[{"name":"wp","href":"https:\/\/api.w.org\/{rel}","templated":true}]}}