{"id":89959,"date":"2024-03-04T14:28:01","date_gmt":"2024-03-04T13:28:01","guid":{"rendered":"https:\/\/secureus.se\/produkt\/fargo-84912-ymckk-colour-ribbon-600-prints\/"},"modified":"2026-04-08T16:59:21","modified_gmt":"2026-04-08T14:59:21","slug":"fargo-84912-ymckk-colour-ribbon-600-prints","status":"publish","type":"product","link":"https:\/\/secureus.se\/es\/fargo-84912-ymckk-colour-ribbon-600-prints\/","title":{"rendered":"Cinta Fargo YMCKK \u2013 84912 (600 copias)"},"content":{"rendered":"<h1>Cinta<br \/>\n  Fargo YMCKK &#8211; 84912 (600 utskrifter)<\/h1>\n<p>F\u00e4rgband Fargo YMCKK &#8211; 84912 (600 utskrifter) \u00e4r ett f\u00e4rgband f\u00f6r<br \/>\n  Impresi\u00f3n de tarjetas de pl\u00e1stico con colores n\u00edtidos, texto claro y buena calidad.<br \/>\n  El tipo de cinta YMCKK proporciona la combinaci\u00f3n correcta de paneles de color para<br \/>\n  Impresi\u00f3n profesional de tarjetas.<\/p>\n<p>Adecuado para tarjetas de identificaci\u00f3n, tarjetas de acceso, tarjetas de membres\u00eda y otras.<br \/>\n  tarjetas de pl\u00e1stico donde se requiere alta calidad de impresi\u00f3n y confiabilidad<br \/>\n  importante.<\/p>\n<ul>\n<li>Capacidad: hasta 600 impresiones<\/li>\n<li>Tipo de cinta: YMCKK<\/li>\n<li>Adecuado para impresi\u00f3n de tarjetas a doble cara<\/li>\n<li>N\u00famero de art\u00edculo: \u2013<\/li>\n<\/ul>","protected":false},"excerpt":{"rendered":"<p>F\u00e4rgband Fargo YMCKK &#8211; 84912 (600 utskrifter) F\u00e4rgband Fargo YMCKK &#8211; 84912 (600 utskrifter) \u00e4r ett f\u00e4rgband f\u00f6r utskrift av plastkort med skarpa f\u00e4rger, tydlig text och bra detalj\u00e5tergivning. Bandtypen<\/p>","protected":false},"featured_media":138578,"template":"","meta":{"_acf_changed":false},"product_brand":[],"product_cat":[3214,4852],"product_tag":[3201,4863],"class_list":{"0":"post-89959","1":"product","2":"type-product","3":"status-publish","4":"has-post-thumbnail","6":"product_cat-fargo-fargband-retransfer","7":"product_cat-hdp6600-band","8":"product_tag-fargo-tillbehor","9":"product_tag-pf","10":"product_shipping_class-tunga-paket","11":"pa_brands-fargo","12":"tm-has-options","14":"first","15":"outofstock","16":"sale","17":"taxable","18":"shipping-taxable","19":"purchasable","20":"product-type-simple"},"acf":[],"_links":{"self":[{"href":"https:\/\/secureus.se\/es\/wp-json\/wp\/v2\/product\/89959","targetHints":{"allow":["GET"]}}],"collection":[{"href":"https:\/\/secureus.se\/es\/wp-json\/wp\/v2\/product"}],"about":[{"href":"https:\/\/secureus.se\/es\/wp-json\/wp\/v2\/types\/product"}],"wp:featuredmedia":[{"embeddable":true,"href":"https:\/\/secureus.se\/es\/wp-json\/wp\/v2\/media\/138578"}],"wp:attachment":[{"href":"https:\/\/secureus.se\/es\/wp-json\/wp\/v2\/media?parent=89959"}],"wp:term":[{"taxonomy":"product_brand","embeddable":true,"href":"https:\/\/secureus.se\/es\/wp-json\/wp\/v2\/product_brand?post=89959"},{"taxonomy":"product_cat","embeddable":true,"href":"https:\/\/secureus.se\/es\/wp-json\/wp\/v2\/product_cat?post=89959"},{"taxonomy":"product_tag","embeddable":true,"href":"https:\/\/secureus.se\/es\/wp-json\/wp\/v2\/product_tag?post=89959"}],"curies":[{"name":"wp","href":"https:\/\/api.w.org\/{rel}","templated":true}]}}