{"id":90020,"date":"2024-03-04T14:24:03","date_gmt":"2024-03-04T13:24:03","guid":{"rendered":"https:\/\/secureus.se\/produkt\/magicard-ultima-he1000rt-retransfer-film-1000-prints\/"},"modified":"2026-04-08T16:58:41","modified_gmt":"2026-04-08T14:58:41","slug":"magicard-ultima-he1000rt-retransfer-film-1000-prints","status":"publish","type":"product","link":"https:\/\/secureus.se\/es\/magicard-ultima-he1000rt-retransfer-film-1000-prints\/","title":{"rendered":"Pel\u00edcula de retransferencia Magicard \u2013 Ultima (1000 copias)"},"content":{"rendered":"<h1>Pel\u00edcula de retransferencia<br \/>\n  Magicard \u2013 Ultima (1000 copias)<\/h1>\n<p>La pel\u00edcula de retransferencia Magicard \u2013 Ultima (1000 copias) es una cinta de tinta.<br \/>\n  para imprimir tarjetas de pl\u00e1stico con colores n\u00edtidos, texto claro y buena calidad<br \/>\n  reproducci\u00f3n de detalles. El tipo de cinta YMCK proporciona la combinaci\u00f3n correcta de paneles de color para<br \/>\n  Impresi\u00f3n profesional de tarjetas.<\/p>\n<p>Adecuado para tarjetas de identificaci\u00f3n, tarjetas de acceso, tarjetas de membres\u00eda y otras.<br \/>\n  Tarjetas de pl\u00e1stico donde la alta calidad de impresi\u00f3n y la fiabilidad son importantes.<\/p>\n<ul>\n<li>Capacidad: hasta 1.000 impresiones<\/li>\n<li>Tipo de cinta: YMCK<\/li>\n<li>N\u00famero de art\u00edculo: HE1000RT<\/li>\n<\/ul>","protected":false},"excerpt":{"rendered":"<p>Retransferfilm Magicard &#8211; Ultima (1000 utskrifter) Retransferfilm Magicard &#8211; Ultima (1000 utskrifter) \u00e4r ett f\u00e4rgband f\u00f6r utskrift av plastkort med skarpa f\u00e4rger, tydlig text och bra detalj\u00e5tergivning. Bandtypen YMCK ger<\/p>","protected":false},"featured_media":138780,"template":"","meta":{"_acf_changed":false},"product_brand":[],"product_cat":[3216,4831],"product_tag":[3182,4863],"class_list":{"0":"post-90020","1":"product","2":"type-product","3":"status-publish","4":"has-post-thumbnail","6":"product_cat-magicard-fargband-retransfer","7":"product_cat-magicard-ultima-ribbons","8":"product_tag-magicard-tillbehor","9":"product_tag-pf","10":"product_shipping_class-tunga-paket","11":"pa_brands-magicard","12":"tm-has-options","14":"first","15":"instock","16":"sale","17":"taxable","18":"shipping-taxable","19":"purchasable","20":"product-type-simple"},"acf":[],"_links":{"self":[{"href":"https:\/\/secureus.se\/es\/wp-json\/wp\/v2\/product\/90020","targetHints":{"allow":["GET"]}}],"collection":[{"href":"https:\/\/secureus.se\/es\/wp-json\/wp\/v2\/product"}],"about":[{"href":"https:\/\/secureus.se\/es\/wp-json\/wp\/v2\/types\/product"}],"wp:featuredmedia":[{"embeddable":true,"href":"https:\/\/secureus.se\/es\/wp-json\/wp\/v2\/media\/138780"}],"wp:attachment":[{"href":"https:\/\/secureus.se\/es\/wp-json\/wp\/v2\/media?parent=90020"}],"wp:term":[{"taxonomy":"product_brand","embeddable":true,"href":"https:\/\/secureus.se\/es\/wp-json\/wp\/v2\/product_brand?post=90020"},{"taxonomy":"product_cat","embeddable":true,"href":"https:\/\/secureus.se\/es\/wp-json\/wp\/v2\/product_cat?post=90020"},{"taxonomy":"product_tag","embeddable":true,"href":"https:\/\/secureus.se\/es\/wp-json\/wp\/v2\/product_tag?post=90020"}],"curies":[{"name":"wp","href":"https:\/\/api.w.org\/{rel}","templated":true}]}}