{"id":90024,"date":"2024-03-04T14:24:01","date_gmt":"2024-03-04T13:24:01","guid":{"rendered":"https:\/\/secureus.se\/produkt\/magicard-ultima-he1000-ymck-full-colour-dye-film-1000-prints\/"},"modified":"2026-04-08T16:58:14","modified_gmt":"2026-04-08T14:58:14","slug":"magicard-ultima-he1000-ymck-full-colour-dye-film-1000-prints","status":"publish","type":"product","link":"https:\/\/secureus.se\/es\/magicard-ultima-he1000-ymck-full-colour-dye-film-1000-prints\/","title":{"rendered":"Magicard \u2013 Ultima, a todo color (1000 copias)"},"content":{"rendered":"<h1>Tarjeta m\u00e1gica<br \/>\n  \u2013 Ultima, a todo color (1000 copias)<\/h1>\n<p>Magicard \u2013 Ultima, a todo color (1000 impresiones) es una cinta para<br \/>\n  Impresi\u00f3n de tarjetas de pl\u00e1stico con colores n\u00edtidos, texto claro y buena calidad.<br \/>\n  reproducci\u00f3n de detalles. El tipo de cinta YMCK proporciona la combinaci\u00f3n correcta de paneles de color para<br \/>\n  Impresi\u00f3n profesional de tarjetas.<\/p>\n<p>Adecuado para tarjetas de identificaci\u00f3n, tarjetas de acceso, tarjetas de membres\u00eda y otras.<br \/>\n  tarjetas de pl\u00e1stico donde se requiere alta calidad de impresi\u00f3n y confiabilidad<br \/>\n  importante.<\/p>\n<ul>\n<li>Capacidad: hasta 1.000 impresiones<\/li>\n<li>Tipo de cinta: YMCK<\/li>\n<li>N\u00famero de art\u00edculo: HE1000YMCK<\/li>\n<\/ul>","protected":false},"excerpt":{"rendered":"<p>Magicard &#8211; Ultima, fullf\u00e4rg (1000 utskrifter) Magicard &#8211; Ultima, fullf\u00e4rg (1000 utskrifter) \u00e4r ett f\u00e4rgband f\u00f6r utskrift av plastkort med skarpa f\u00e4rger, tydlig text och bra detalj\u00e5tergivning. Bandtypen YMCK ger<\/p>","protected":false},"featured_media":138805,"template":"","meta":{"_acf_changed":false},"product_brand":[],"product_cat":[3216,4831],"product_tag":[3182,4863],"class_list":{"0":"post-90024","1":"product","2":"type-product","3":"status-publish","4":"has-post-thumbnail","6":"product_cat-magicard-fargband-retransfer","7":"product_cat-magicard-ultima-ribbons","8":"product_tag-magicard-tillbehor","9":"product_tag-pf","10":"product_shipping_class-tunga-paket","11":"pa_brands-magicard","12":"tm-has-options","14":"first","15":"instock","16":"sale","17":"taxable","18":"shipping-taxable","19":"purchasable","20":"product-type-simple"},"acf":[],"_links":{"self":[{"href":"https:\/\/secureus.se\/es\/wp-json\/wp\/v2\/product\/90024","targetHints":{"allow":["GET"]}}],"collection":[{"href":"https:\/\/secureus.se\/es\/wp-json\/wp\/v2\/product"}],"about":[{"href":"https:\/\/secureus.se\/es\/wp-json\/wp\/v2\/types\/product"}],"wp:featuredmedia":[{"embeddable":true,"href":"https:\/\/secureus.se\/es\/wp-json\/wp\/v2\/media\/138805"}],"wp:attachment":[{"href":"https:\/\/secureus.se\/es\/wp-json\/wp\/v2\/media?parent=90024"}],"wp:term":[{"taxonomy":"product_brand","embeddable":true,"href":"https:\/\/secureus.se\/es\/wp-json\/wp\/v2\/product_brand?post=90024"},{"taxonomy":"product_cat","embeddable":true,"href":"https:\/\/secureus.se\/es\/wp-json\/wp\/v2\/product_cat?post=90024"},{"taxonomy":"product_tag","embeddable":true,"href":"https:\/\/secureus.se\/es\/wp-json\/wp\/v2\/product_tag?post=90024"}],"curies":[{"name":"wp","href":"https:\/\/api.w.org\/{rel}","templated":true}]}}