{"id":90164,"date":"2024-03-12T10:37:31","date_gmt":"2024-03-12T09:37:31","guid":{"rendered":"https:\/\/secureus.se\/?post_type=product&#038;p=90164"},"modified":"2026-04-21T12:59:15","modified_gmt":"2026-04-21T10:59:15","slug":"risco-wifi-2mp-cube-camera","status":"publish","type":"product","link":"https:\/\/secureus.se\/es\/risco-wifi-2mp-cube-camera\/","title":{"rendered":"C\u00e1mara c\u00fabica Risco WiFi de 2 MP"},"content":{"rendered":"<h1>C\u00e1mara c\u00fabica Risco WiFi de 2 MP<\/h1>\n<p data-start=\"341\" data-end=\"630\">La c\u00e1mara Risco WiFi 2MP Cube est\u00e1 dise\u00f1ada para proporcionar videovigilancia de alta calidad con su sensor de imagen CMOS progresivo de 2 megap\u00edxeles.<\/p>\n<p data-start=\"341\" data-end=\"630\">La c\u00e1mara tiene una distancia focal de 2,8 mm y admite visibilidad IR de hasta 10 metros, lo que la hace adecuada para uso tanto en interiores como en exteriores.<\/p>\n<p data-start=\"632\" data-end=\"951\">Est\u00e1 equipado con un altavoz y un micr\u00f3fono integrados para comunicaci\u00f3n bidireccional, lo que permite al usuario escuchar y hablar a trav\u00e9s de la c\u00e1mara.<\/p>\n<p data-start=\"632\" data-end=\"951\">WDR (DWDR) garantiza una buena calidad de imagen incluso en condiciones de iluminaci\u00f3n dif\u00edciles.<\/p>\n<p data-start=\"632\" data-end=\"951\">La c\u00e1mara tambi\u00e9n admite tarjetas Micro SD con capacidad de hasta 256 GB para almacenamiento de v\u00eddeo local.<\/p>\n<p data-start=\"953\" data-end=\"1101\">Con una potencia de salida WiFi de 20dBm y soporte para frecuencias WiFi de 2,4 GHz, es f\u00e1cil de instalar e integrar en su sistema de seguridad existente.<\/p>\n<p data-start=\"1103\" data-end=\"1132\"><strong data-start=\"1103\" data-end=\"1132\">Especificaciones t\u00e9cnicas:<\/strong><\/p>\n<ul data-start=\"1133\" data-end=\"1475\">\n<li data-start=\"1133\" data-end=\"1169\">\n<p data-start=\"1135\" data-end=\"1169\">Modelo: C\u00e1mara c\u00fabica Risco WiFi 2MP<\/p>\n<\/li>\n<li data-start=\"1170\" data-end=\"1218\">\n<p data-start=\"1172\" data-end=\"1218\">Sensor de imagen: CMOS progresivo de 2 megap\u00edxeles y 1\/2,7\u201d<\/p>\n<\/li>\n<li data-start=\"1219\" data-end=\"1241\">\n<p data-start=\"1221\" data-end=\"1241\">Distancia IR: 10 metros<\/p>\n<\/li>\n<li data-start=\"1242\" data-end=\"1261\">\n<p data-start=\"1244\" data-end=\"1261\">Distancia focal: 2,8 mm<\/p>\n<\/li>\n<li data-start=\"1262\" data-end=\"1288\">\n<p data-start=\"1264\" data-end=\"1288\">Fuente de alimentaci\u00f3n: 12 V CC<\/p>\n<\/li>\n<li data-start=\"1289\" data-end=\"1314\">\n<p data-start=\"1291\" data-end=\"1314\">Consumo de energ\u00eda: &lt;3,5 W<\/p>\n<\/li>\n<li data-start=\"1315\" data-end=\"1347\">\n<p data-start=\"1317\" data-end=\"1347\">Potencia de salida Wi-Fi: 20dBm m\u00e1x.<\/p>\n<\/li>\n<li data-start=\"1348\" data-end=\"1373\">\n<p data-start=\"1350\" data-end=\"1373\">Frecuencia Wi-Fi: 2,4 GHz<\/p>\n<\/li>\n<li data-start=\"1374\" data-end=\"1406\">\n<p data-start=\"1376\" data-end=\"1406\">Altavoz y micr\u00f3fono incorporados<\/p>\n<\/li>\n<li data-start=\"1407\" data-end=\"1447\">\n<p data-start=\"1409\" data-end=\"1447\">WDR: DWDR (amplio rango din\u00e1mico digital)<\/p>\n<\/li>\n<li data-start=\"1448\" data-end=\"1475\">\n<p data-start=\"1450\" data-end=\"1475\">Tarjeta Micro SD, M\u00e1x. 256 GB<\/p>\n<\/li>\n<\/ul>","protected":false},"excerpt":{"rendered":"<p>La c\u00e1mara Risco WiFi 2MP Cube es una c\u00e1mara de seguridad compacta con un sensor de imagen de 2 megap\u00edxeles y soporte para conectividad WiFi.<\/p>\n<p>Ofrece visibilidad IR de hasta 10 metros y tiene un altavoz y micr\u00f3fono incorporados para comunicaci\u00f3n bidireccional.<\/p>","protected":false},"featured_media":137905,"template":"","meta":{"_acf_changed":false},"product_brand":[],"product_cat":[3192],"product_tag":[],"class_list":{"0":"post-90164","1":"product","2":"type-product","3":"status-publish","4":"has-post-thumbnail","6":"product_cat-risco-ip-kamera","7":"product_shipping_class-tunga-paket","8":"pa_brands-4risco","9":"tm-no-options","11":"first","12":"instock","13":"sale","14":"taxable","15":"shipping-taxable","16":"purchasable","17":"product-type-simple"},"acf":[],"_links":{"self":[{"href":"https:\/\/secureus.se\/es\/wp-json\/wp\/v2\/product\/90164","targetHints":{"allow":["GET"]}}],"collection":[{"href":"https:\/\/secureus.se\/es\/wp-json\/wp\/v2\/product"}],"about":[{"href":"https:\/\/secureus.se\/es\/wp-json\/wp\/v2\/types\/product"}],"wp:featuredmedia":[{"embeddable":true,"href":"https:\/\/secureus.se\/es\/wp-json\/wp\/v2\/media\/137905"}],"wp:attachment":[{"href":"https:\/\/secureus.se\/es\/wp-json\/wp\/v2\/media?parent=90164"}],"wp:term":[{"taxonomy":"product_brand","embeddable":true,"href":"https:\/\/secureus.se\/es\/wp-json\/wp\/v2\/product_brand?post=90164"},{"taxonomy":"product_cat","embeddable":true,"href":"https:\/\/secureus.se\/es\/wp-json\/wp\/v2\/product_cat?post=90164"},{"taxonomy":"product_tag","embeddable":true,"href":"https:\/\/secureus.se\/es\/wp-json\/wp\/v2\/product_tag?post=90164"}],"curies":[{"name":"wp","href":"https:\/\/api.w.org\/{rel}","templated":true}]}}