{"id":90166,"date":"2024-03-12T10:37:30","date_gmt":"2024-03-12T09:37:30","guid":{"rendered":"https:\/\/secureus.se\/?post_type=product&#038;p=90166"},"modified":"2025-12-31T21:01:14","modified_gmt":"2025-12-31T20:01:14","slug":"risco-wifi-2mp-pan-tilt-camera","status":"publish","type":"product","link":"https:\/\/secureus.se\/es\/risco-wifi-2mp-pan-tilt-camera\/","title":{"rendered":"C\u00e1mara panor\u00e1mica e inclinable Risco WiFi de 2 MP"},"content":{"rendered":"<h1>C\u00e1mara panor\u00e1mica e inclinable Risco WiFi de 2 MP<\/h1>\n<p data-start=\"369\" data-end=\"676\">La c\u00e1mara panor\u00e1mica e inclinable WiFi de 2 MP de Risco ofrece seguridad de alta definici\u00f3n con su sensor de imagen CMOS progresivo de 2 megap\u00edxeles.<\/p>\n<p data-start=\"369\" data-end=\"676\">La c\u00e1mara tiene una distancia focal ajustable de 3,6 mm y permite al usuario realizar un movimiento panor\u00e1mico de 355\u00b0 y una inclinaci\u00f3n de entre 0\u00b0 y 90\u00b0, proporcionando una visi\u00f3n completa del \u00e1rea de vigilancia.<\/p>\n<p data-start=\"678\" data-end=\"1008\">Con una visibilidad IR de hasta 10 metros, la c\u00e1mara es ideal tanto para vigilancia diurna como nocturna. Para una mejor interactividad y seguridad, la c\u00e1mara tiene un altavoz y un micr\u00f3fono integrados para comunicaci\u00f3n bidireccional.<\/p>\n<p data-start=\"678\" data-end=\"1008\">Est\u00e1 equipado con Wi-Fi para una f\u00e1cil configuraci\u00f3n y conexi\u00f3n a su red y tiene una potencia de salida Wi-Fi de hasta 20 dBm.<\/p>\n<p data-start=\"1010\" data-end=\"1137\">La c\u00e1mara panor\u00e1mica e inclinable WiFi de 2 MP de Risco tambi\u00e9n admite tarjetas Micro SD con capacidad de hasta 128 GB para el almacenamiento local de material de video.<\/p>\n<p data-start=\"1139\" data-end=\"1168\"><strong data-start=\"1139\" data-end=\"1168\">Especificaciones t\u00e9cnicas:<\/strong><\/p>\n<ul data-start=\"1169\" data-end=\"1556\">\n<li data-start=\"1169\" data-end=\"1209\">\n<p data-start=\"1171\" data-end=\"1209\">Modelo: C\u00e1mara Risco WiFi de 2 MP con movimiento horizontal y vertical<\/p>\n<\/li>\n<li data-start=\"1210\" data-end=\"1257\">\n<p data-start=\"1212\" data-end=\"1257\">Sensor de imagen: CMOS progresivo de 1\/2,7\u201d y 2 megap\u00edxeles<\/p>\n<\/li>\n<li data-start=\"1258\" data-end=\"1280\">\n<p data-start=\"1260\" data-end=\"1280\">Distancia IR: 10 metros<\/p>\n<\/li>\n<li data-start=\"1281\" data-end=\"1300\">\n<p data-start=\"1283\" data-end=\"1300\">Distancia focal: 3,6 mm<\/p>\n<\/li>\n<li data-start=\"1301\" data-end=\"1336\">\n<p data-start=\"1303\" data-end=\"1336\">Panor\u00e1mica\/inclinaci\u00f3n: Panor\u00e1mica de 355\u00b0 e inclinaci\u00f3n de 0 a 90\u00b0<\/p>\n<\/li>\n<li data-start=\"1337\" data-end=\"1369\">\n<p data-start=\"1339\" data-end=\"1369\">Fuente de alimentaci\u00f3n: 5 V\/1,5 A CC<\/p>\n<\/li>\n<li data-start=\"1370\" data-end=\"1394\">\n<p data-start=\"1372\" data-end=\"1394\">Consumo de energ\u00eda: 5,5 W<\/p>\n<\/li>\n<li data-start=\"1395\" data-end=\"1427\">\n<p data-start=\"1397\" data-end=\"1427\">Potencia de salida Wi-Fi: 20dBm m\u00e1x.<\/p>\n<\/li>\n<li data-start=\"1428\" data-end=\"1453\">\n<p data-start=\"1430\" data-end=\"1453\">Frecuencia Wi-Fi: 2,4 GHz<\/p>\n<\/li>\n<li data-start=\"1454\" data-end=\"1493\">\n<p data-start=\"1456\" data-end=\"1493\">Funciones: Panor\u00e1mica \/ Inclinaci\u00f3n \/ Zoom digital<\/p>\n<\/li>\n<li data-start=\"1494\" data-end=\"1524\">\n<p data-start=\"1496\" data-end=\"1524\">Altavoz y micr\u00f3fono integrados<\/p>\n<\/li>\n<li data-start=\"1525\" data-end=\"1556\">\n<p data-start=\"1527\" data-end=\"1556\">Almacenamiento: Micro SD, M\u00e1x. 128 GB<\/p>\n<\/li>\n<\/ul>","protected":false},"excerpt":{"rendered":"<p>La c\u00e1mara panor\u00e1mica e inclinable WiFi de 2 MP de Risco es una c\u00e1mara de seguridad flexible con un sensor de imagen de 2 megap\u00edxeles, visibilidad IR de hasta 10 metros y funci\u00f3n de panor\u00e1mica de 355\u00b0 e inclinaci\u00f3n de 0 a 90\u00b0.<\/p>\n<p>Perfecto para vigilancia con conexi\u00f3n Wi-Fi y altavoz y micr\u00f3fono incorporados.<\/p>","protected":false},"featured_media":138324,"template":"","meta":{"_acf_changed":false},"product_brand":[],"product_cat":[3192],"product_tag":[],"class_list":{"0":"post-90166","1":"product","2":"type-product","3":"status-publish","4":"has-post-thumbnail","6":"product_cat-risco-ip-kamera","7":"product_shipping_class-tunga-paket","8":"pa_brands-4risco","9":"tm-no-options","11":"first","12":"onbackorder","13":"sale","14":"taxable","15":"shipping-taxable","16":"purchasable","17":"product-type-simple"},"acf":[],"_links":{"self":[{"href":"https:\/\/secureus.se\/es\/wp-json\/wp\/v2\/product\/90166","targetHints":{"allow":["GET"]}}],"collection":[{"href":"https:\/\/secureus.se\/es\/wp-json\/wp\/v2\/product"}],"about":[{"href":"https:\/\/secureus.se\/es\/wp-json\/wp\/v2\/types\/product"}],"wp:featuredmedia":[{"embeddable":true,"href":"https:\/\/secureus.se\/es\/wp-json\/wp\/v2\/media\/138324"}],"wp:attachment":[{"href":"https:\/\/secureus.se\/es\/wp-json\/wp\/v2\/media?parent=90166"}],"wp:term":[{"taxonomy":"product_brand","embeddable":true,"href":"https:\/\/secureus.se\/es\/wp-json\/wp\/v2\/product_brand?post=90166"},{"taxonomy":"product_cat","embeddable":true,"href":"https:\/\/secureus.se\/es\/wp-json\/wp\/v2\/product_cat?post=90166"},{"taxonomy":"product_tag","embeddable":true,"href":"https:\/\/secureus.se\/es\/wp-json\/wp\/v2\/product_tag?post=90166"}],"curies":[{"name":"wp","href":"https:\/\/api.w.org\/{rel}","templated":true}]}}