{"id":90168,"date":"2024-03-12T10:37:30","date_gmt":"2024-03-12T09:37:30","guid":{"rendered":"https:\/\/secureus.se\/?post_type=product&#038;p=90168"},"modified":"2025-12-31T21:01:19","modified_gmt":"2025-12-31T20:01:19","slug":"risco-wifi-2mp-eyeball-camera","status":"publish","type":"product","link":"https:\/\/secureus.se\/es\/risco-wifi-2mp-eyeball-camera\/","title":{"rendered":"C\u00e1mara de globo ocular WiFi de 2 MP de Risco"},"content":{"rendered":"<h1>C\u00e1mara de globo ocular WiFi de 2 MP de Risco<\/h1>\n<p data-start=\"355\" data-end=\"728\">La c\u00e1mara Eyeball WiFi 2MP de Risco ofrece un sensor de imagen CMOS progresivo de 2 megap\u00edxeles de alta resoluci\u00f3n que brinda una calidad de imagen clara y detallada.<\/p>\n<p data-start=\"355\" data-end=\"728\">La c\u00e1mara tiene una distancia IR de hasta 20 metros, lo que la hace ideal tanto para vigilancia diurna como nocturna.<\/p>\n<p data-start=\"355\" data-end=\"728\">Con una distancia focal de 2,8 mm, la c\u00e1mara captura un amplio campo de visi\u00f3n y es perfecta para monitorear \u00e1reas m\u00e1s grandes.<\/p>\n<p data-start=\"730\" data-end=\"974\">La c\u00e1mara tiene certificaci\u00f3n IP67, lo que la hace resistente al agua y al polvo, lo que la hace adecuada para uso tanto en interiores como en exteriores.<\/p>\n<p data-start=\"730\" data-end=\"974\">Tambi\u00e9n admite tarjetas Micro SD con capacidad de hasta 128 GB para el almacenamiento local de material de v\u00eddeo.<\/p>\n<p data-start=\"976\" data-end=\"1223\">La c\u00e1mara Eyeball WiFi 2MP de Risco tiene conectividad Wi-Fi, lo que simplifica la instalaci\u00f3n y brinda flexibilidad para colocar la c\u00e1mara donde se necesita sin necesidad de cables.<\/p>\n<p data-start=\"976\" data-end=\"1223\">Admite una potencia de salida Wi-Fi de hasta 20dBm y funciona en la frecuencia de 2,4 GHz.<\/p>\n<p data-start=\"1225\" data-end=\"1254\"><strong data-start=\"1225\" data-end=\"1254\">Especificaciones t\u00e9cnicas:<\/strong><\/p>\n<ul data-start=\"1255\" data-end=\"1696\">\n<li data-start=\"1255\" data-end=\"1276\">\n<p data-start=\"1257\" data-end=\"1276\">Modelo: RVCM32W1600<\/p>\n<\/li>\n<li data-start=\"1277\" data-end=\"1325\">\n<p data-start=\"1279\" data-end=\"1325\">Sensor de imagen: CMOS progresivo de 2 megap\u00edxeles y 1\/2,7\u201d<\/p>\n<\/li>\n<li data-start=\"1326\" data-end=\"1348\">\n<p data-start=\"1328\" data-end=\"1348\">Distancia IR: 20 metros<\/p>\n<\/li>\n<li data-start=\"1349\" data-end=\"1368\">\n<p data-start=\"1351\" data-end=\"1368\">Distancia focal: 2,8 mm<\/p>\n<\/li>\n<li data-start=\"1369\" data-end=\"1399\">\n<p data-start=\"1371\" data-end=\"1399\">Fuente de alimentaci\u00f3n: 12 V CC, 1 A<\/p>\n<\/li>\n<li data-start=\"1400\" data-end=\"1425\">\n<p data-start=\"1402\" data-end=\"1425\">Consumo de energ\u00eda: &lt;4,7 W<\/p>\n<\/li>\n<li data-start=\"1426\" data-end=\"1462\">\n<p data-start=\"1428\" data-end=\"1462\">Potencia de salida de Wi-Fi: M\u00e1xima 20 dBm<\/p>\n<\/li>\n<li data-start=\"1463\" data-end=\"1488\">\n<p data-start=\"1465\" data-end=\"1488\">Frecuencia Wi-Fi: 2,4 GHz<\/p>\n<\/li>\n<li data-start=\"1489\" data-end=\"1565\">\n<p data-start=\"1491\" data-end=\"1565\">Condiciones de funcionamiento: -20 \u00b0C a 45 \u00b0C (-4 \u00b0F a 113 \u00b0F), \u2264 95% humedad<\/p>\n<\/li>\n<li data-start=\"1566\" data-end=\"1615\">\n<p data-start=\"1568\" data-end=\"1615\">Clase de protecci\u00f3n: IP67 (resistente al agua y al polvo)<\/p>\n<\/li>\n<li data-start=\"1616\" data-end=\"1647\">\n<p data-start=\"1618\" data-end=\"1647\">Almacenamiento: Micro SD, M\u00e1x. 128 GB<\/p>\n<\/li>\n<li data-start=\"1648\" data-end=\"1696\">\n<p data-start=\"1650\" data-end=\"1696\">Caracter\u00edsticas: ICR d\u00eda\/noche (con filtro infrarrojo)<\/p>\n<\/li>\n<\/ul>","protected":false},"excerpt":{"rendered":"<p>La c\u00e1mara Risco WiFi 2MP Eyeball es una c\u00e1mara de seguridad de 2 megap\u00edxeles con visibilidad IR de hasta 20 metros.<\/p>\n<p>Tiene certificaci\u00f3n IP67 y ofrece videovigilancia de alta calidad con una distancia focal de 2,8 mm y conectividad Wi-Fi para una f\u00e1cil instalaci\u00f3n.<\/p>","protected":false},"featured_media":138328,"template":"","meta":{"_acf_changed":false},"product_brand":[],"product_cat":[3192],"product_tag":[],"class_list":{"0":"post-90168","1":"product","2":"type-product","3":"status-publish","4":"has-post-thumbnail","6":"product_cat-risco-ip-kamera","7":"product_shipping_class-tunga-paket","8":"pa_brands-4risco","9":"tm-no-options","11":"first","12":"onbackorder","13":"sale","14":"taxable","15":"shipping-taxable","16":"purchasable","17":"product-type-simple"},"acf":[],"_links":{"self":[{"href":"https:\/\/secureus.se\/es\/wp-json\/wp\/v2\/product\/90168","targetHints":{"allow":["GET"]}}],"collection":[{"href":"https:\/\/secureus.se\/es\/wp-json\/wp\/v2\/product"}],"about":[{"href":"https:\/\/secureus.se\/es\/wp-json\/wp\/v2\/types\/product"}],"wp:featuredmedia":[{"embeddable":true,"href":"https:\/\/secureus.se\/es\/wp-json\/wp\/v2\/media\/138328"}],"wp:attachment":[{"href":"https:\/\/secureus.se\/es\/wp-json\/wp\/v2\/media?parent=90168"}],"wp:term":[{"taxonomy":"product_brand","embeddable":true,"href":"https:\/\/secureus.se\/es\/wp-json\/wp\/v2\/product_brand?post=90168"},{"taxonomy":"product_cat","embeddable":true,"href":"https:\/\/secureus.se\/es\/wp-json\/wp\/v2\/product_cat?post=90168"},{"taxonomy":"product_tag","embeddable":true,"href":"https:\/\/secureus.se\/es\/wp-json\/wp\/v2\/product_tag?post=90168"}],"curies":[{"name":"wp","href":"https:\/\/api.w.org\/{rel}","templated":true}]}}