{"id":90170,"date":"2024-03-12T10:37:30","date_gmt":"2024-03-12T09:37:30","guid":{"rendered":"https:\/\/secureus.se\/?post_type=product&#038;p=90170"},"modified":"2026-04-21T14:51:50","modified_gmt":"2026-04-21T12:51:50","slug":"risco-poe-4mp-eyeball-camera","status":"publish","type":"product","link":"https:\/\/secureus.se\/es\/risco-poe-4mp-eyeball-camera\/","title":{"rendered":"C\u00e1mara ocular Risco PoE de 4 MP"},"content":{"rendered":"<h1><strong>C\u00e1mara ocular Risco PoE de 4 MP<\/strong><\/h1>\n<p data-start=\"380\" data-end=\"742\">La c\u00e1mara Eyeball PoE 4MP de Risco es una potente soluci\u00f3n de seguridad que ofrece im\u00e1genes n\u00edtidas con su sensor de imagen CMOS progresivo de 4 megap\u00edxeles.<\/p>\n<p data-start=\"380\" data-end=\"742\">La c\u00e1mara ofrece una distancia IR de hasta 30 metros, lo que la hace adecuada tanto para vigilancia diurna como nocturna.<\/p>\n<p data-start=\"380\" data-end=\"742\">Con WDR (amplio rango din\u00e1mico) de 120 dB, obtendr\u00e1s una buena imagen incluso en condiciones de iluminaci\u00f3n dif\u00edciles.<\/p>\n<p data-start=\"744\" data-end=\"1039\">Para la instalaci\u00f3n, conecte la c\u00e1mara mediante un cable Ethernet a un enrutador o puerto PoE NVR.<\/p>\n<p data-start=\"744\" data-end=\"1039\">Si no se utiliza PoE, alimente la c\u00e1mara con un adaptador de corriente adecuado.<\/p>\n<p data-start=\"744\" data-end=\"1039\">La c\u00e1mara solo se puede conectar a RISCO Cloud a trav\u00e9s de VUpoint NVR y debe configurarse como una c\u00e1mara \u201cRISCO Pro\u201d para funcionar correctamente.<\/p>\n<p data-start=\"1041\" data-end=\"1196\">La c\u00e1mara Eyeball PoE 4MP de Risco tiene un micr\u00f3fono incorporado y cuenta con certificaci\u00f3n IP67 para resistir tanto el polvo como el agua, lo que la hace perfecta para uso en exteriores.<\/p>\n<p data-start=\"1198\" data-end=\"1227\"><strong data-start=\"1198\" data-end=\"1227\">Especificaciones t\u00e9cnicas:<\/strong><\/p>\n<ul data-start=\"1228\" data-end=\"1767\">\n<li data-start=\"1228\" data-end=\"1249\">\n<p data-start=\"1230\" data-end=\"1249\">Modelo: RVCM72P2100<\/p>\n<\/li>\n<li data-start=\"1250\" data-end=\"1296\">\n<p data-start=\"1252\" data-end=\"1296\">Sensor de imagen: CMOS progresivo de 1\/3\u201d y 4 megap\u00edxeles<\/p>\n<\/li>\n<li data-start=\"1297\" data-end=\"1319\">\n<p data-start=\"1299\" data-end=\"1319\">Distancia IR: 30 metros<\/p>\n<\/li>\n<li data-start=\"1320\" data-end=\"1339\">\n<p data-start=\"1322\" data-end=\"1339\">Distancia focal: 2,8 mm<\/p>\n<\/li>\n<li data-start=\"1340\" data-end=\"1374\">\n<p data-start=\"1342\" data-end=\"1374\">WDR: 120 dB (amplio rango din\u00e1mico)<\/p>\n<\/li>\n<li data-start=\"1375\" data-end=\"1426\">\n<p data-start=\"1377\" data-end=\"1426\">Actualizaci\u00f3n de firmware: a trav\u00e9s de la interfaz web de la c\u00e1mara<\/p>\n<\/li>\n<li data-start=\"1427\" data-end=\"1457\">\n<p data-start=\"1429\" data-end=\"1457\">Fuente de alimentaci\u00f3n: 12 V CC\/POE<\/p>\n<\/li>\n<li data-start=\"1458\" data-end=\"1483\">\n<p data-start=\"1460\" data-end=\"1483\">Consumo de energ\u00eda: &lt;6,6 W<\/p>\n<\/li>\n<li data-start=\"1484\" data-end=\"1561\">\n<p data-start=\"1486\" data-end=\"1561\">Condiciones de funcionamiento: -40 \u00b0C a 60 \u00b0C (-40 \u00b0F a 140 \u00b0F), \u2264 95% humedad<\/p>\n<\/li>\n<li data-start=\"1562\" data-end=\"1618\">\n<p data-start=\"1564\" data-end=\"1618\">Temperatura de almacenamiento: -40 \u00b0C a 60 \u00b0C (-40 \u00b0F a 140 \u00b0F)<\/p>\n<\/li>\n<li data-start=\"1619\" data-end=\"1662\">\n<p data-start=\"1621\" data-end=\"1662\">Protecci\u00f3n: IP67 (resistente al agua y al polvo)<\/p>\n<\/li>\n<li data-start=\"1663\" data-end=\"1693\">\n<p data-start=\"1665\" data-end=\"1693\">Caracter\u00edsticas: Micr\u00f3fono incorporado<\/p>\n<\/li>\n<li data-start=\"1694\" data-end=\"1767\">\n<p data-start=\"1696\" data-end=\"1767\">Compatibilidad: RISCO Cloud a trav\u00e9s de VUpoint NVR (con c\u00e1mara tipo \u201cRISCO Pro\u201d)<\/p>\n<\/li>\n<\/ul>\n<p>&nbsp;<\/p>","protected":false},"excerpt":{"rendered":"<p>La c\u00e1mara Risco PoE 4MP Eyeball es una c\u00e1mara de seguridad de alta resoluci\u00f3n con un sensor de imagen CMOS de 4 megap\u00edxeles y visibilidad IR de hasta 30 metros.<\/p>\n<p>Tiene certificaci\u00f3n IP67 y ofrece un rendimiento s\u00f3lido tanto para uso en interiores como en exteriores.<\/p>\n<p>Compatible con RISCO Cloud a trav\u00e9s de VUpoint NVR.<\/p>","protected":false},"featured_media":138411,"template":"","meta":{"_acf_changed":false},"product_brand":[],"product_cat":[3192],"product_tag":[],"class_list":{"0":"post-90170","1":"product","2":"type-product","3":"status-publish","4":"has-post-thumbnail","6":"product_cat-risco-ip-kamera","7":"product_shipping_class-tunga-paket","8":"pa_brands-4risco","9":"tm-no-options","11":"first","12":"onbackorder","13":"sale","14":"taxable","15":"shipping-taxable","16":"purchasable","17":"product-type-simple"},"acf":[],"_links":{"self":[{"href":"https:\/\/secureus.se\/es\/wp-json\/wp\/v2\/product\/90170","targetHints":{"allow":["GET"]}}],"collection":[{"href":"https:\/\/secureus.se\/es\/wp-json\/wp\/v2\/product"}],"about":[{"href":"https:\/\/secureus.se\/es\/wp-json\/wp\/v2\/types\/product"}],"wp:featuredmedia":[{"embeddable":true,"href":"https:\/\/secureus.se\/es\/wp-json\/wp\/v2\/media\/138411"}],"wp:attachment":[{"href":"https:\/\/secureus.se\/es\/wp-json\/wp\/v2\/media?parent=90170"}],"wp:term":[{"taxonomy":"product_brand","embeddable":true,"href":"https:\/\/secureus.se\/es\/wp-json\/wp\/v2\/product_brand?post=90170"},{"taxonomy":"product_cat","embeddable":true,"href":"https:\/\/secureus.se\/es\/wp-json\/wp\/v2\/product_cat?post=90170"},{"taxonomy":"product_tag","embeddable":true,"href":"https:\/\/secureus.se\/es\/wp-json\/wp\/v2\/product_tag?post=90170"}],"curies":[{"name":"wp","href":"https:\/\/api.w.org\/{rel}","templated":true}]}}