{"id":90173,"date":"2024-03-12T10:37:30","date_gmt":"2024-03-12T09:37:30","guid":{"rendered":"https:\/\/secureus.se\/?post_type=product&#038;p=90173"},"modified":"2025-12-31T21:05:37","modified_gmt":"2025-12-31T20:05:37","slug":"risco-poe-4m-dome-camera","status":"publish","type":"product","link":"https:\/\/secureus.se\/es\/risco-poe-4m-dome-camera\/","title":{"rendered":"C\u00e1mara domo Risco PoE de 4 MP"},"content":{"rendered":"<h1>C\u00e1mara domo Risco PoE de 4 MP<\/h1>\n<p data-start=\"373\" data-end=\"694\">La c\u00e1mara domo PoE 4MP de Risco ofrece una calidad de imagen n\u00edtida con su sensor de imagen CMOS progresivo de 4 megap\u00edxeles.<\/p>\n<p data-start=\"373\" data-end=\"694\">Tiene una distancia IR de hasta 30 metros, lo que lo hace ideal tanto para vigilancia diurna como nocturna.<\/p>\n<p data-start=\"373\" data-end=\"694\">Con una distancia focal de 2,8 mm, la c\u00e1mara captura un amplio campo de visi\u00f3n para una vigilancia eficaz.<\/p>\n<p data-start=\"696\" data-end=\"1030\">La c\u00e1mara tiene WDR (amplio rango din\u00e1mico) de 120 dB, lo que significa que ofrece una excelente calidad de imagen incluso en condiciones de iluminaci\u00f3n dif\u00edciles, como luz brillante o \u00e1reas sombreadas.<\/p>\n<p data-start=\"696\" data-end=\"1030\">Para la instalaci\u00f3n, conecte la c\u00e1mara mediante un cable Ethernet a un enrutador o puerto PoE en un NVR. Si no se utiliza PoE, alimente la c\u00e1mara con un adaptador de corriente adecuado.<\/p>\n<p data-start=\"1032\" data-end=\"1286\">La c\u00e1mara cuenta con certificaci\u00f3n IP67, lo que la hace resistente al polvo y al agua y, por lo tanto, perfecta para uso en exteriores en entornos hostiles.<\/p>\n<p data-start=\"1032\" data-end=\"1286\">Para conectar la c\u00e1mara a RISCO Cloud, es necesario conectarla a un NVR VUpoint y configurarla como una c\u00e1mara \u201cRISCO Pro\u201d.<\/p>\n<p data-start=\"1288\" data-end=\"1317\"><strong data-start=\"1288\" data-end=\"1317\">Especificaciones t\u00e9cnicas:<\/strong><\/p>\n<ul data-start=\"1318\" data-end=\"1768\">\n<li data-start=\"1318\" data-end=\"1353\">\n<p data-start=\"1320\" data-end=\"1353\">Modelo: C\u00e1mara domo Risco PoE 4MP<\/p>\n<\/li>\n<li data-start=\"1354\" data-end=\"1400\">\n<p data-start=\"1356\" data-end=\"1400\">Sensor de imagen: CMOS progresivo de 1\/3\u201d y 4 megap\u00edxeles<\/p>\n<\/li>\n<li data-start=\"1401\" data-end=\"1423\">\n<p data-start=\"1403\" data-end=\"1423\">Distancia IR: 30 metros<\/p>\n<\/li>\n<li data-start=\"1424\" data-end=\"1443\">\n<p data-start=\"1426\" data-end=\"1443\">Distancia focal: 2,8 mm<\/p>\n<\/li>\n<li data-start=\"1444\" data-end=\"1478\">\n<p data-start=\"1446\" data-end=\"1478\">WDR: 120 dB (amplio rango din\u00e1mico)<\/p>\n<\/li>\n<li data-start=\"1479\" data-end=\"1530\">\n<p data-start=\"1481\" data-end=\"1530\">Actualizaci\u00f3n de firmware: a trav\u00e9s de la interfaz web de la c\u00e1mara<\/p>\n<\/li>\n<li data-start=\"1531\" data-end=\"1563\">\n<p data-start=\"1533\" data-end=\"1563\">Fuente de alimentaci\u00f3n: 12 V CC \/ PoE<\/p>\n<\/li>\n<li data-start=\"1564\" data-end=\"1589\">\n<p data-start=\"1566\" data-end=\"1589\">Consumo de energ\u00eda: &lt;4,9 W<\/p>\n<\/li>\n<li data-start=\"1590\" data-end=\"1667\">\n<p data-start=\"1592\" data-end=\"1667\">Condiciones de funcionamiento: -40 \u00b0C a 55 \u00b0C (-40 \u00b0F a 131 \u00b0F), \u2264 95% humedad<\/p>\n<\/li>\n<li data-start=\"1668\" data-end=\"1724\">\n<p data-start=\"1670\" data-end=\"1724\">Temperatura de almacenamiento: -40 \u00b0C a 60 \u00b0C (-40 \u00b0F a 140 \u00b0F)<\/p>\n<\/li>\n<li data-start=\"1725\" data-end=\"1768\">\n<p data-start=\"1727\" data-end=\"1768\">Protecci\u00f3n: IP67 (resistente al agua y al polvo)<\/p>\n<\/li>\n<\/ul>","protected":false},"excerpt":{"rendered":"<p>La c\u00e1mara domo PoE 4MP de Risco es una c\u00e1mara de seguridad de alta resoluci\u00f3n con un sensor de imagen CMOS de 4 megap\u00edxeles, visibilidad IR de hasta 30 metros y tecnolog\u00eda WDR para la mejor calidad de imagen en todas las condiciones de iluminaci\u00f3n.<\/p>\n<p>La c\u00e1mara tiene certificaci\u00f3n IP67 y es compatible con RISCO Cloud a trav\u00e9s de VUpoint NVR.<\/p>","protected":false},"featured_media":138415,"template":"","meta":{"_acf_changed":false},"product_brand":[],"product_cat":[3192],"product_tag":[],"class_list":{"0":"post-90173","1":"product","2":"type-product","3":"status-publish","4":"has-post-thumbnail","6":"product_cat-risco-ip-kamera","7":"product_shipping_class-tunga-paket","8":"pa_brands-4risco","9":"tm-no-options","11":"first","12":"instock","13":"sale","14":"taxable","15":"shipping-taxable","16":"purchasable","17":"product-type-simple"},"acf":[],"_links":{"self":[{"href":"https:\/\/secureus.se\/es\/wp-json\/wp\/v2\/product\/90173","targetHints":{"allow":["GET"]}}],"collection":[{"href":"https:\/\/secureus.se\/es\/wp-json\/wp\/v2\/product"}],"about":[{"href":"https:\/\/secureus.se\/es\/wp-json\/wp\/v2\/types\/product"}],"wp:featuredmedia":[{"embeddable":true,"href":"https:\/\/secureus.se\/es\/wp-json\/wp\/v2\/media\/138415"}],"wp:attachment":[{"href":"https:\/\/secureus.se\/es\/wp-json\/wp\/v2\/media?parent=90173"}],"wp:term":[{"taxonomy":"product_brand","embeddable":true,"href":"https:\/\/secureus.se\/es\/wp-json\/wp\/v2\/product_brand?post=90173"},{"taxonomy":"product_cat","embeddable":true,"href":"https:\/\/secureus.se\/es\/wp-json\/wp\/v2\/product_cat?post=90173"},{"taxonomy":"product_tag","embeddable":true,"href":"https:\/\/secureus.se\/es\/wp-json\/wp\/v2\/product_tag?post=90173"}],"curies":[{"name":"wp","href":"https:\/\/api.w.org\/{rel}","templated":true}]}}