{"id":90175,"date":"2024-03-12T10:37:30","date_gmt":"2024-03-12T09:37:30","guid":{"rendered":"https:\/\/secureus.se\/?post_type=product&#038;p=90175"},"modified":"2026-01-06T21:07:26","modified_gmt":"2026-01-06T20:07:26","slug":"risco-poe-4mp-bullet-camera","status":"publish","type":"product","link":"https:\/\/secureus.se\/es\/risco-poe-4mp-bullet-camera\/","title":{"rendered":"C\u00e1mara bala Risco PoE de 4 MP"},"content":{"rendered":"<h1>C\u00e1mara bala Risco PoE de 4 MP<\/h1>\n<p data-start=\"356\" data-end=\"751\">La c\u00e1mara Bullet PoE 4MP de Risco ofrece una calidad de imagen n\u00edtida con su sensor de imagen CMOS progresivo de 4 megap\u00edxeles.<\/p>\n<p data-start=\"356\" data-end=\"751\">Tiene una distancia IR de hasta 30 metros, proporcionando una excelente visibilidad incluso en condiciones de oscuridad.<\/p>\n<p data-start=\"356\" data-end=\"751\">La c\u00e1mara est\u00e1 equipada con WDR (amplio rango din\u00e1mico) de 120 dB, lo que le permite manejar condiciones de iluminaci\u00f3n dif\u00edciles, como luz solar intensa o \u00e1reas sombreadas.<\/p>\n<p data-start=\"753\" data-end=\"1036\">Para la instalaci\u00f3n, la c\u00e1mara se conecta mediante un cable Ethernet a su enrutador o puerto PoE en un NVR.<\/p>\n<p data-start=\"753\" data-end=\"1036\">Si no se utiliza PoE, la c\u00e1mara se alimenta mediante un adaptador de corriente adecuado.<\/p>\n<p data-start=\"753\" data-end=\"1036\">La c\u00e1mara tiene certificaci\u00f3n IP67, lo que la hace resistente al agua y al polvo, perfecta para uso en exteriores y entornos hostiles.<\/p>\n<p data-start=\"1038\" data-end=\"1067\"><strong data-start=\"1038\" data-end=\"1067\">Especificaciones t\u00e9cnicas:<\/strong><\/p>\n<ul data-start=\"1068\" data-end=\"1504\">\n<li data-start=\"1068\" data-end=\"1089\">\n<p data-start=\"1070\" data-end=\"1089\">Modelo: RVCM52P2000<\/p>\n<\/li>\n<li data-start=\"1090\" data-end=\"1136\">\n<p data-start=\"1092\" data-end=\"1136\">Sensor de imagen: CMOS progresivo de 1\/3\u201d y 4 megap\u00edxeles<\/p>\n<\/li>\n<li data-start=\"1137\" data-end=\"1159\">\n<p data-start=\"1139\" data-end=\"1159\">Distancia IR: 30 metros<\/p>\n<\/li>\n<li data-start=\"1160\" data-end=\"1179\">\n<p data-start=\"1162\" data-end=\"1179\">Distancia focal: 2,8 mm<\/p>\n<\/li>\n<li data-start=\"1180\" data-end=\"1214\">\n<p data-start=\"1182\" data-end=\"1214\">WDR: 120 dB (amplio rango din\u00e1mico)<\/p>\n<\/li>\n<li data-start=\"1215\" data-end=\"1266\">\n<p data-start=\"1217\" data-end=\"1266\">Actualizaci\u00f3n de firmware: a trav\u00e9s de la interfaz web de la c\u00e1mara<\/p>\n<\/li>\n<li data-start=\"1267\" data-end=\"1299\">\n<p data-start=\"1269\" data-end=\"1299\">Fuente de alimentaci\u00f3n: 12 V CC \/ PoE<\/p>\n<\/li>\n<li data-start=\"1300\" data-end=\"1325\">\n<p data-start=\"1302\" data-end=\"1325\">Consumo de energ\u00eda: &lt;5,0 W<\/p>\n<\/li>\n<li data-start=\"1326\" data-end=\"1403\">\n<p data-start=\"1328\" data-end=\"1403\">Condiciones de funcionamiento: -40 \u00b0C a 55 \u00b0C (-40 \u00b0F a 131 \u00b0F), \u2264 95% humedad<\/p>\n<\/li>\n<li data-start=\"1404\" data-end=\"1460\">\n<p data-start=\"1406\" data-end=\"1460\">Temperatura de almacenamiento: -40 \u00b0C a 60 \u00b0C (-40 \u00b0F a 140 \u00b0F)<\/p>\n<\/li>\n<li data-start=\"1461\" data-end=\"1504\">\n<p data-start=\"1463\" data-end=\"1504\">Protecci\u00f3n: IP67 (resistente al agua y al polvo)<\/p>\n<\/li>\n<\/ul>","protected":false},"excerpt":{"rendered":"<p>La c\u00e1mara Bullet PoE 4MP de Risco es una c\u00e1mara de seguridad de alta resoluci\u00f3n con un sensor de imagen CMOS de 4 megap\u00edxeles y visibilidad IR de hasta 30 metros.<\/p>\n<p>La c\u00e1mara ofrece tecnolog\u00eda WDR y cuenta con certificaci\u00f3n IP67 para un rendimiento confiable en entornos interiores y exteriores.<\/p>","protected":false},"featured_media":138418,"template":"","meta":{"_acf_changed":false},"product_brand":[],"product_cat":[3192],"product_tag":[],"class_list":{"0":"post-90175","1":"product","2":"type-product","3":"status-publish","4":"has-post-thumbnail","6":"product_cat-risco-ip-kamera","7":"product_shipping_class-tunga-paket","8":"pa_brands-4risco","9":"tm-no-options","11":"first","12":"onbackorder","13":"sale","14":"taxable","15":"shipping-taxable","16":"purchasable","17":"product-type-simple"},"acf":[],"_links":{"self":[{"href":"https:\/\/secureus.se\/es\/wp-json\/wp\/v2\/product\/90175","targetHints":{"allow":["GET"]}}],"collection":[{"href":"https:\/\/secureus.se\/es\/wp-json\/wp\/v2\/product"}],"about":[{"href":"https:\/\/secureus.se\/es\/wp-json\/wp\/v2\/types\/product"}],"wp:featuredmedia":[{"embeddable":true,"href":"https:\/\/secureus.se\/es\/wp-json\/wp\/v2\/media\/138418"}],"wp:attachment":[{"href":"https:\/\/secureus.se\/es\/wp-json\/wp\/v2\/media?parent=90175"}],"wp:term":[{"taxonomy":"product_brand","embeddable":true,"href":"https:\/\/secureus.se\/es\/wp-json\/wp\/v2\/product_brand?post=90175"},{"taxonomy":"product_cat","embeddable":true,"href":"https:\/\/secureus.se\/es\/wp-json\/wp\/v2\/product_cat?post=90175"},{"taxonomy":"product_tag","embeddable":true,"href":"https:\/\/secureus.se\/es\/wp-json\/wp\/v2\/product_tag?post=90175"}],"curies":[{"name":"wp","href":"https:\/\/api.w.org\/{rel}","templated":true}]}}