{"id":90177,"date":"2024-03-12T10:37:24","date_gmt":"2024-03-12T09:37:24","guid":{"rendered":"https:\/\/secureus.se\/?post_type=product&#038;p=90177"},"modified":"2026-04-21T14:58:56","modified_gmt":"2026-04-21T12:58:56","slug":"risco-bullet-4mp-varifocal-poe-network-camera","status":"publish","type":"product","link":"https:\/\/secureus.se\/es\/risco-bullet-4mp-varifocal-poe-network-camera\/","title":{"rendered":"C\u00e1mara de red Risco Bullet 4MP con PoE y distancia focal variable"},"content":{"rendered":"<h1>C\u00e1mara de red Risco Bullet 4MP con PoE y distancia focal variable<\/h1>\n<p data-start=\"369\" data-end=\"794\">La c\u00e1mara de red PoE varifocal Risco Bullet 4MP es una c\u00e1mara de seguridad avanzada dise\u00f1ada para proporcionar vigilancia de alta resoluci\u00f3n con su sensor de imagen CMOS progresivo de 4 megap\u00edxeles.<\/p>\n<p data-start=\"369\" data-end=\"794\">La c\u00e1mara tiene una distancia focal ajustable entre 2,8 mm y 12 mm, lo que le permite personalizar el campo de visi\u00f3n seg\u00fan sus necesidades de vigilancia.<\/p>\n<p data-start=\"369\" data-end=\"794\">Con una distancia IR de hasta 50 metros, la c\u00e1mara proporciona una calidad de imagen n\u00edtida incluso en condiciones de oscuridad.<\/p>\n<p data-start=\"796\" data-end=\"1070\">La c\u00e1mara es compatible con RISCO Cloud, pero para conectarla a RISCO Cloud necesita estar conectada a un NVR VUpoint.<\/p>\n<p data-start=\"796\" data-end=\"1070\">La instalaci\u00f3n se realiza a trav\u00e9s del puerto Ethernet y PoE (Power over Ethernet), lo que facilita la conexi\u00f3n y alimentaci\u00f3n de la c\u00e1mara a trav\u00e9s de un cable de red.<\/p>\n<p data-start=\"1072\" data-end=\"1383\">La c\u00e1mara tambi\u00e9n cuenta con tecnolog\u00eda de rango din\u00e1mico amplio (WDR) de 120 dB, que mejora la calidad de la imagen en condiciones de iluminaci\u00f3n dif\u00edciles y proporciona una imagen clara y n\u00edtida independientemente de los niveles de luz.<\/p>\n<p data-start=\"1072\" data-end=\"1383\">Tambi\u00e9n cuenta con certificaci\u00f3n IP67, lo que significa que es resistente al agua y al polvo: perfecto para uso tanto en interiores como en exteriores.<\/p>\n<p data-start=\"1385\" data-end=\"1414\"><strong data-start=\"1385\" data-end=\"1414\">Especificaciones t\u00e9cnicas:<\/strong><\/p>\n<ul data-start=\"1415\" data-end=\"1870\">\n<li data-start=\"1415\" data-end=\"1436\">\n<p data-start=\"1417\" data-end=\"1436\">Modelo: RVCM52P2200<\/p>\n<\/li>\n<li data-start=\"1437\" data-end=\"1484\">\n<p data-start=\"1439\" data-end=\"1484\">Sensor de imagen: CMOS progresivo de 1\/2,7\u201d y 4 megap\u00edxeles<\/p>\n<\/li>\n<li data-start=\"1485\" data-end=\"1503\">\n<p data-start=\"1487\" data-end=\"1503\">Distancia IR: 50m<\/p>\n<\/li>\n<li data-start=\"1504\" data-end=\"1543\">\n<p data-start=\"1506\" data-end=\"1543\">Distancia focal: 2,8 mm \u2013 12 mm (ajustable)<\/p>\n<\/li>\n<li data-start=\"1544\" data-end=\"1578\">\n<p data-start=\"1546\" data-end=\"1578\">WDR: 120 dB (amplio rango din\u00e1mico)<\/p>\n<\/li>\n<li data-start=\"1579\" data-end=\"1630\">\n<p data-start=\"1581\" data-end=\"1630\">Actualizaci\u00f3n de firmware: a trav\u00e9s de la interfaz web de la c\u00e1mara<\/p>\n<\/li>\n<li data-start=\"1631\" data-end=\"1663\">\n<p data-start=\"1633\" data-end=\"1663\">Fuente de alimentaci\u00f3n: 12 V CC \/ PoE<\/p>\n<\/li>\n<li data-start=\"1664\" data-end=\"1689\">\n<p data-start=\"1666\" data-end=\"1689\">Consumo de energ\u00eda: &lt;5,4 W<\/p>\n<\/li>\n<li data-start=\"1690\" data-end=\"1767\">\n<p data-start=\"1692\" data-end=\"1767\">Condiciones de funcionamiento: -40 \u00b0C a 60 \u00b0C (-40 \u00b0F a 140 \u00b0F), \u2264 95% humedad<\/p>\n<\/li>\n<li data-start=\"1768\" data-end=\"1824\">\n<p data-start=\"1770\" data-end=\"1824\">Temperatura de almacenamiento: -40 \u00b0C a 60 \u00b0C (-40 \u00b0F a 140 \u00b0F)<\/p>\n<\/li>\n<li data-start=\"1825\" data-end=\"1838\">\n<p data-start=\"1827\" data-end=\"1838\">Protecci\u00f3n: IP67<\/p>\n<\/li>\n<li data-start=\"1839\" data-end=\"1870\">\n<p data-start=\"1841\" data-end=\"1870\">Almacenamiento: Micro SD, M\u00e1x. 256 GB<\/p>\n<\/li>\n<\/ul>","protected":false},"excerpt":{"rendered":"<p>La c\u00e1mara de red PoE varifocal Risco Bullet 4MP es una c\u00e1mara de seguridad de alta resoluci\u00f3n con distancia focal ajustable y visibilidad IR de hasta 50 metros.<\/p>\n<p>Es compatible con RISCO Cloud a trav\u00e9s de VUpoint NVR y ofrece una protecci\u00f3n robusta con certificaci\u00f3n IP67.<\/p>","protected":false},"featured_media":138445,"template":"","meta":{"_acf_changed":false},"product_brand":[],"product_cat":[3192],"product_tag":[],"class_list":{"0":"post-90177","1":"product","2":"type-product","3":"status-publish","4":"has-post-thumbnail","6":"product_cat-risco-ip-kamera","7":"product_shipping_class-tunga-paket","8":"pa_brands-4risco","9":"tm-no-options","11":"first","12":"instock","13":"sale","14":"taxable","15":"shipping-taxable","16":"purchasable","17":"product-type-simple"},"acf":[],"_links":{"self":[{"href":"https:\/\/secureus.se\/es\/wp-json\/wp\/v2\/product\/90177","targetHints":{"allow":["GET"]}}],"collection":[{"href":"https:\/\/secureus.se\/es\/wp-json\/wp\/v2\/product"}],"about":[{"href":"https:\/\/secureus.se\/es\/wp-json\/wp\/v2\/types\/product"}],"wp:featuredmedia":[{"embeddable":true,"href":"https:\/\/secureus.se\/es\/wp-json\/wp\/v2\/media\/138445"}],"wp:attachment":[{"href":"https:\/\/secureus.se\/es\/wp-json\/wp\/v2\/media?parent=90177"}],"wp:term":[{"taxonomy":"product_brand","embeddable":true,"href":"https:\/\/secureus.se\/es\/wp-json\/wp\/v2\/product_brand?post=90177"},{"taxonomy":"product_cat","embeddable":true,"href":"https:\/\/secureus.se\/es\/wp-json\/wp\/v2\/product_cat?post=90177"},{"taxonomy":"product_tag","embeddable":true,"href":"https:\/\/secureus.se\/es\/wp-json\/wp\/v2\/product_tag?post=90177"}],"curies":[{"name":"wp","href":"https:\/\/api.w.org\/{rel}","templated":true}]}}