{"id":90179,"date":"2024-03-12T10:37:30","date_gmt":"2024-03-12T09:37:30","guid":{"rendered":"https:\/\/secureus.se\/?post_type=product&#038;p=90179"},"modified":"2026-04-21T13:02:13","modified_gmt":"2026-04-21T11:02:13","slug":"risco-poe-4mp-x25-ptz-camera","status":"publish","type":"product","link":"https:\/\/secureus.se\/es\/risco-poe-4mp-x25-ptz-camera\/","title":{"rendered":"C\u00e1mara PTZ Risco PoE de 4 MP y 25 megap\u00edxeles"},"content":{"rendered":"<h1>C\u00e1mara PTZ Risco PoE de 4 MP y 25 megap\u00edxeles<\/h1>\n<p data-start=\"362\" data-end=\"848\">La c\u00e1mara PTZ PoE 4MP X25 de Risco ofrece una soluci\u00f3n de videovigilancia avanzada con su sensor de imagen CMOS STARVIS de 4 megap\u00edxeles, que proporciona una excelente calidad de imagen incluso en condiciones de iluminaci\u00f3n dif\u00edciles.<\/p>\n<p data-start=\"362\" data-end=\"848\">La c\u00e1mara ofrece visibilidad IR de hasta 100 metros y una distancia focal ajustable entre 4,8 mm y 120 mm para capturar un campo de visi\u00f3n amplio o detallado seg\u00fan las necesidades.<\/p>\n<p data-start=\"362\" data-end=\"848\">Con WDR (amplio rango din\u00e1mico) de 120 dB, se garantiza que las im\u00e1genes sean claras incluso con poca o mucha luz.<\/p>\n<p data-start=\"850\" data-end=\"1161\">Para su instalaci\u00f3n, la c\u00e1mara se conecta mediante un cable Ethernet a un enrutador o puerto PoE+, pero si no se utiliza PoE+, la c\u00e1mara debe alimentarse con un adaptador de corriente adecuado.<\/p>\n<p data-start=\"850\" data-end=\"1161\">La c\u00e1mara tambi\u00e9n es compatible con RISCO Cloud a trav\u00e9s de VUpoint NVR y se puede configurar como una c\u00e1mara \u201cRISCO Pro\u201d para una f\u00e1cil conexi\u00f3n y gesti\u00f3n.<\/p>\n<p data-start=\"1163\" data-end=\"1400\">Tiene certificaci\u00f3n IP66, lo que lo hace resistente al agua y al polvo, y por lo tanto perfecto para uso tanto en interiores como en exteriores.<\/p>\n<p data-start=\"1163\" data-end=\"1400\">Con la funcionalidad PTZ, la c\u00e1mara puede moverse horizontal y verticalmente y hacer zoom para proporcionar una vigilancia flexible y personalizable.<\/p>\n<p data-start=\"1402\" data-end=\"1431\"><strong data-start=\"1402\" data-end=\"1431\">Especificaciones t\u00e9cnicas:<\/strong><\/p>\n<ul data-start=\"1432\" data-end=\"1906\">\n<li data-start=\"1432\" data-end=\"1453\">\n<p data-start=\"1434\" data-end=\"1453\">Modelo: RVCM82E2500<\/p>\n<\/li>\n<li data-start=\"1454\" data-end=\"1487\">\n<p data-start=\"1456\" data-end=\"1487\">Sensor de imagen: STARVIS CMOS de 1\/2,8\u201d<\/p>\n<\/li>\n<li data-start=\"1488\" data-end=\"1511\">\n<p data-start=\"1490\" data-end=\"1511\">Distancia IR: 100 metros<\/p>\n<\/li>\n<li data-start=\"1512\" data-end=\"1552\">\n<p data-start=\"1514\" data-end=\"1552\">Distancia focal: 4,8 mm \u2013 120 mm (ajustable)<\/p>\n<\/li>\n<li data-start=\"1553\" data-end=\"1587\">\n<p data-start=\"1555\" data-end=\"1587\">WDR: 120 dB (amplio rango din\u00e1mico)<\/p>\n<\/li>\n<li data-start=\"1588\" data-end=\"1639\">\n<p data-start=\"1590\" data-end=\"1639\">Actualizaci\u00f3n de firmware: a trav\u00e9s de la interfaz web de la c\u00e1mara<\/p>\n<\/li>\n<li data-start=\"1640\" data-end=\"1676\">\n<p data-start=\"1642\" data-end=\"1676\">Fuente de alimentaci\u00f3n: 12 V\/3 A CC\/POE+<\/p>\n<\/li>\n<li data-start=\"1677\" data-end=\"1716\">\n<p data-start=\"1679\" data-end=\"1716\">Consumo de energ\u00eda: 13 W (21 W con IR activado)<\/p>\n<\/li>\n<li data-start=\"1717\" data-end=\"1794\">\n<p data-start=\"1719\" data-end=\"1794\">Condiciones de funcionamiento: -40 \u00b0C a 70 \u00b0C (-40 \u00b0F a 158 \u00b0F), \u2264 95% humedad<\/p>\n<\/li>\n<li data-start=\"1795\" data-end=\"1838\">\n<p data-start=\"1797\" data-end=\"1838\">Protecci\u00f3n: IP66 (resistente al agua y al polvo)<\/p>\n<\/li>\n<li data-start=\"1839\" data-end=\"1874\">\n<p data-start=\"1841\" data-end=\"1874\">Caracter\u00edsticas: PTZ (Panor\u00e1mica, Inclinaci\u00f3n, Zoom)<\/p>\n<\/li>\n<li data-start=\"1875\" data-end=\"1906\">\n<p data-start=\"1877\" data-end=\"1906\">Almacenamiento: Micro SD, M\u00e1x. 256 GB<\/p>\n<\/li>\n<\/ul>","protected":false},"excerpt":{"rendered":"<p>La c\u00e1mara Risco PoE 4MP X25 PTZ es una potente c\u00e1mara de seguridad con un sensor CMOS STARVIS de 4 megap\u00edxeles, visibilidad IR de hasta 100 metros y funcionalidad PTZ (panor\u00e1mica, inclinaci\u00f3n y zoom).<\/p>\n<p>La c\u00e1mara tiene certificaci\u00f3n IP66 y es compatible con RISCO Cloud a trav\u00e9s de VUpoint NVR.<\/p>","protected":false},"featured_media":138422,"template":"","meta":{"_acf_changed":false},"product_brand":[],"product_cat":[3192],"product_tag":[],"class_list":{"0":"post-90179","1":"product","2":"type-product","3":"status-publish","4":"has-post-thumbnail","6":"product_cat-risco-ip-kamera","7":"product_shipping_class-tunga-paket","8":"pa_brands-4risco","9":"tm-no-options","11":"first","12":"onbackorder","13":"sale","14":"taxable","15":"shipping-taxable","16":"purchasable","17":"product-type-simple"},"acf":[],"_links":{"self":[{"href":"https:\/\/secureus.se\/es\/wp-json\/wp\/v2\/product\/90179","targetHints":{"allow":["GET"]}}],"collection":[{"href":"https:\/\/secureus.se\/es\/wp-json\/wp\/v2\/product"}],"about":[{"href":"https:\/\/secureus.se\/es\/wp-json\/wp\/v2\/types\/product"}],"wp:featuredmedia":[{"embeddable":true,"href":"https:\/\/secureus.se\/es\/wp-json\/wp\/v2\/media\/138422"}],"wp:attachment":[{"href":"https:\/\/secureus.se\/es\/wp-json\/wp\/v2\/media?parent=90179"}],"wp:term":[{"taxonomy":"product_brand","embeddable":true,"href":"https:\/\/secureus.se\/es\/wp-json\/wp\/v2\/product_brand?post=90179"},{"taxonomy":"product_cat","embeddable":true,"href":"https:\/\/secureus.se\/es\/wp-json\/wp\/v2\/product_cat?post=90179"},{"taxonomy":"product_tag","embeddable":true,"href":"https:\/\/secureus.se\/es\/wp-json\/wp\/v2\/product_tag?post=90179"}],"curies":[{"name":"wp","href":"https:\/\/api.w.org\/{rel}","templated":true}]}}