{"id":90183,"date":"2024-03-12T10:37:30","date_gmt":"2024-03-12T09:37:30","guid":{"rendered":"https:\/\/secureus.se\/?post_type=product&#038;p=90183"},"modified":"2025-12-31T21:03:06","modified_gmt":"2025-12-31T20:03:06","slug":"risco-vupoint-nvr-poe-4-channel","status":"publish","type":"product","link":"https:\/\/secureus.se\/es\/risco-vupoint-nvr-poe-4-channel\/","title":{"rendered":"Risco VUPoint NVR PoE de 4 canales"},"content":{"rendered":"<h1>Risco VUPoint NVR PoE de 4 canales<\/h1>\n<p data-start=\"339\" data-end=\"736\">La unidad Risco VUPoint NVR PoE de 4 canales es una soluci\u00f3n de videovigilancia compacta y potente que admite hasta 4 c\u00e1maras compatibles con PoE.<\/p>\n<p data-start=\"339\" data-end=\"736\">El dispositivo est\u00e1 dise\u00f1ado para proporcionar una f\u00e1cil conexi\u00f3n y suministro de energ\u00eda a las c\u00e1maras PoE y garantiza un funcionamiento estable y confiable.<\/p>\n<p data-start=\"339\" data-end=\"736\">El almacenamiento se realiza a trav\u00e9s de un puerto SATA III interno que admite hasta 6 TB de capacidad (el disco duro se vende por separado).<\/p>\n<p data-start=\"738\" data-end=\"1046\">Con un consumo de energ\u00eda de menos de 7,5 W sin disco duro y soporte para PoE (m\u00e1ximo 25,5 W por puerto y 50 W totales para la versi\u00f3n de 4 canales), es energ\u00e9ticamente eficiente.<\/p>\n<p data-start=\"738\" data-end=\"1046\">El dispositivo cuenta con certificaci\u00f3n CE y puede funcionar en un amplio rango de temperatura de -10 \u00b0C a +55 \u00b0C, lo que lo hace adecuado tanto para uso en interiores como en exteriores.<\/p>\n<p data-start=\"1048\" data-end=\"1077\"><strong data-start=\"1048\" data-end=\"1077\">Especificaciones t\u00e9cnicas:<\/strong><\/p>\n<ul data-start=\"1078\" data-end=\"1682\">\n<li data-start=\"1078\" data-end=\"1111\">\n<p data-start=\"1080\" data-end=\"1111\">Modelo: RVNVR04002QB (4 canales)<\/p>\n<\/li>\n<li data-start=\"1112\" data-end=\"1164\">\n<p data-start=\"1114\" data-end=\"1164\">Almacenamiento: HDD interno, hasta 6 TB (puerto SATA III)<\/p>\n<\/li>\n<li data-start=\"1165\" data-end=\"1182\">\n<p data-start=\"1167\" data-end=\"1182\">Modo HDD: simple<\/p>\n<\/li>\n<li data-start=\"1183\" data-end=\"1213\">\n<p data-start=\"1185\" data-end=\"1213\">Fuente de alimentaci\u00f3n: DC48V\/1,5A<\/p>\n<\/li>\n<li data-start=\"1214\" data-end=\"1310\">\n<p data-start=\"1216\" data-end=\"1233\">Consumo de energ\u00eda:<\/p>\n<ul data-start=\"1237\" data-end=\"1310\">\n<li data-start=\"1237\" data-end=\"1269\">\n<p data-start=\"1239\" data-end=\"1269\">NVR de 4 canales: &lt;7,5 W (sin disco duro)<\/p>\n<\/li>\n<li data-start=\"1273\" data-end=\"1310\">\n<p data-start=\"1275\" data-end=\"1310\">PoE: M\u00e1x. 25,5 W por puerto, total 50 W<\/p>\n<\/li>\n<\/ul>\n<\/li>\n<li data-start=\"1311\" data-end=\"1382\">\n<p data-start=\"1313\" data-end=\"1382\">Condiciones de funcionamiento: -10 \u00b0C a +55 \u00b0C (+14 \u00b0F a +131 \u00b0F), 86 ~ 106 kPa<\/p>\n<\/li>\n<li data-start=\"1383\" data-end=\"1454\">\n<p data-start=\"1385\" data-end=\"1454\">Condiciones de almacenamiento: -20 \u00b0C a +70 \u00b0C (-4 \u00b0F a +158 \u00b0F), 0 ~ 90% RH<\/p>\n<\/li>\n<li data-start=\"1455\" data-end=\"1597\">\n<p data-start=\"1457\" data-end=\"1462\">Medida:<\/p>\n<ul data-start=\"1466\" data-end=\"1597\">\n<li data-start=\"1466\" data-end=\"1525\">\n<p data-start=\"1468\" data-end=\"1525\">4 canales: 204,6 mm x 204,6 mm x 45,6 mm (8,1\u2033 x 8,1\u2033 x 1,8\u2033)<\/p>\n<\/li>\n<li data-start=\"1529\" data-end=\"1561\">\n<p data-start=\"1531\" data-end=\"1561\">Peso neto: 0,45 kg (sin disco duro)<\/p>\n<\/li>\n<li data-start=\"1565\" data-end=\"1597\">\n<p data-start=\"1567\" data-end=\"1597\">Peso bruto: 1,5 kg (sin disco duro)<\/p>\n<\/li>\n<\/ul>\n<\/li>\n<li data-start=\"1598\" data-end=\"1682\">\n<p data-start=\"1600\" data-end=\"1682\">Certificaci\u00f3n: CE EN55032, EN55024, EN50130-4, EN60950-1, FCC Parte 15 Subparte B<\/p>\n<\/li>\n<\/ul>","protected":false},"excerpt":{"rendered":"<p>La unidad Risco VUPoint NVR PoE de 4 canales est\u00e1 dise\u00f1ada para alimentar c\u00e1maras compatibles con PoE y ofrece un almacenamiento eficiente a trav\u00e9s de un puerto SATA III interno (hasta 6 TB).<\/p>\n<p>Perfecto para usar con c\u00e1maras PoE para videovigilancia.<\/p>","protected":false},"featured_media":138320,"template":"","meta":{"_acf_changed":false},"product_brand":[],"product_cat":[3250],"product_tag":[],"class_list":{"0":"post-90183","1":"product","2":"type-product","3":"status-publish","4":"has-post-thumbnail","6":"product_cat-risco-nvr","7":"product_shipping_class-tunga-paket","8":"pa_brands-4risco","9":"tm-no-options","11":"first","12":"instock","13":"sale","14":"taxable","15":"shipping-taxable","16":"purchasable","17":"product-type-simple"},"acf":[],"_links":{"self":[{"href":"https:\/\/secureus.se\/es\/wp-json\/wp\/v2\/product\/90183","targetHints":{"allow":["GET"]}}],"collection":[{"href":"https:\/\/secureus.se\/es\/wp-json\/wp\/v2\/product"}],"about":[{"href":"https:\/\/secureus.se\/es\/wp-json\/wp\/v2\/types\/product"}],"wp:featuredmedia":[{"embeddable":true,"href":"https:\/\/secureus.se\/es\/wp-json\/wp\/v2\/media\/138320"}],"wp:attachment":[{"href":"https:\/\/secureus.se\/es\/wp-json\/wp\/v2\/media?parent=90183"}],"wp:term":[{"taxonomy":"product_brand","embeddable":true,"href":"https:\/\/secureus.se\/es\/wp-json\/wp\/v2\/product_brand?post=90183"},{"taxonomy":"product_cat","embeddable":true,"href":"https:\/\/secureus.se\/es\/wp-json\/wp\/v2\/product_cat?post=90183"},{"taxonomy":"product_tag","embeddable":true,"href":"https:\/\/secureus.se\/es\/wp-json\/wp\/v2\/product_tag?post=90183"}],"curies":[{"name":"wp","href":"https:\/\/api.w.org\/{rel}","templated":true}]}}