{"id":90185,"date":"2024-03-12T10:37:30","date_gmt":"2024-03-12T09:37:30","guid":{"rendered":"https:\/\/secureus.se\/?post_type=product&#038;p=90185"},"modified":"2026-04-21T12:54:48","modified_gmt":"2026-04-21T10:54:48","slug":"risco-vupoint-nvr-poe-8-channel","status":"publish","type":"product","link":"https:\/\/secureus.se\/es\/risco-vupoint-nvr-poe-8-channel\/","title":{"rendered":"Risco VUPoint NVR PoE de 8 canales"},"content":{"rendered":"<h1>Risco VUPoint NVR PoE de 8 canales<\/h1>\n<p data-start=\"323\" data-end=\"609\">La unidad Risco VUPoint NVR PoE de 8 canales proporciona una soluci\u00f3n eficiente y confiable para administrar la videovigilancia.<\/p>\n<p data-start=\"323\" data-end=\"609\">Puede alimentar hasta 8 c\u00e1maras compatibles con PoE y ofrece almacenamiento a trav\u00e9s de un puerto SATA III interno con capacidad de hasta 6 TB (el disco duro se vende por separado).<\/p>\n<p data-start=\"611\" data-end=\"928\">El dispositivo tiene un consumo de energ\u00eda de menos de 8,3 W sin disco duro y ofrece soporte PoE con hasta 25,5 W por puerto y un total de 80 W para la versi\u00f3n de 8 canales.<\/p>\n<p data-start=\"611\" data-end=\"928\">El NVR Risco VUPoint est\u00e1 dise\u00f1ado para funcionar en un amplio rango de temperatura de -10 \u00b0C a +55 \u00b0C, lo que lo hace adecuado para instalaciones tanto en interiores como en exteriores.<\/p>\n<p data-start=\"930\" data-end=\"1192\">Con un dise\u00f1o compacto y una construcci\u00f3n robusta, este dispositivo est\u00e1 certificado para un uso seguro y cumple con los requisitos CE y FCC.<\/p>\n<p data-start=\"930\" data-end=\"1192\">El almacenamiento se puede ampliar f\u00e1cilmente conectando un disco duro de hasta 6 TB, lo que lo hace ideal para grandes instalaciones de seguridad.<\/p>\n<p data-start=\"1194\" data-end=\"1223\"><strong data-start=\"1194\" data-end=\"1223\">Especificaciones t\u00e9cnicas:<\/strong><\/p>\n<ul data-start=\"1224\" data-end=\"1834\">\n<li data-start=\"1224\" data-end=\"1246\">\n<p data-start=\"1226\" data-end=\"1246\">Modelo: RVNVR08002QB<\/p>\n<\/li>\n<li data-start=\"1247\" data-end=\"1276\">\n<p data-start=\"1249\" data-end=\"1276\">N\u00famero de canales: NVR de 8 canales<\/p>\n<\/li>\n<li data-start=\"1277\" data-end=\"1348\">\n<p data-start=\"1279\" data-end=\"1348\">Almacenamiento: Puerto SATA III interno, hasta 6 TB (el disco duro se vende por separado)<\/p>\n<\/li>\n<li data-start=\"1349\" data-end=\"1379\">\n<p data-start=\"1351\" data-end=\"1379\">Fuente de alimentaci\u00f3n: DC48V\/1,5A<\/p>\n<\/li>\n<li data-start=\"1380\" data-end=\"1476\">\n<p data-start=\"1382\" data-end=\"1399\">Consumo de energ\u00eda:<\/p>\n<ul data-start=\"1403\" data-end=\"1476\">\n<li data-start=\"1403\" data-end=\"1435\">\n<p data-start=\"1405\" data-end=\"1435\">NVR de 8 canales: &lt;8,3 W (sin disco duro)<\/p>\n<\/li>\n<li data-start=\"1439\" data-end=\"1476\">\n<p data-start=\"1441\" data-end=\"1476\">PoE: M\u00e1x. 25,5 W por puerto, total 80 W<\/p>\n<\/li>\n<\/ul>\n<\/li>\n<li data-start=\"1477\" data-end=\"1556\">\n<p data-start=\"1479\" data-end=\"1556\">Condiciones de funcionamiento: -10 \u00b0C a +55 \u00b0C (+14 \u00b0F a +131 \u00b0F), humedad \u2264 95%<\/p>\n<\/li>\n<li data-start=\"1557\" data-end=\"1628\">\n<p data-start=\"1559\" data-end=\"1628\">Condiciones de almacenamiento: -20 \u00b0C a +70 \u00b0C (-4 \u00b0F a +158 \u00b0F), 0 ~ 90% RH<\/p>\n<\/li>\n<li data-start=\"1629\" data-end=\"1683\">\n<p data-start=\"1631\" data-end=\"1683\">Dimensiones: 270 mm x 204,7 mm x 45,7 mm (10,6\u2033 x 8,1\u2033 x 1,8\u2033)<\/p>\n<\/li>\n<li data-start=\"1684\" data-end=\"1716\">\n<p data-start=\"1686\" data-end=\"1716\">Peso neto: 0,65 kg (sin disco duro)<\/p>\n<\/li>\n<li data-start=\"1717\" data-end=\"1749\">\n<p data-start=\"1719\" data-end=\"1749\">Peso bruto: 1,8 kg (sin disco duro)<\/p>\n<\/li>\n<li data-start=\"1750\" data-end=\"1834\">\n<p data-start=\"1752\" data-end=\"1834\">Certificaci\u00f3n: CE EN55032, EN55024, EN50130-4, EN60950-1, FCC Parte 15 Subparte B<\/p>\n<\/li>\n<\/ul>","protected":false},"excerpt":{"rendered":"<p>La unidad Risco VUPoint NVR PoE de 8 canales es una potente soluci\u00f3n de videovigilancia, dise\u00f1ada para alimentar c\u00e1maras compatibles con PoE y ofrecer hasta 6 TB de almacenamiento a trav\u00e9s del puerto SATA III.<\/p>\n<p>El disco duro se vende por separado.<\/p>\n<div id=\"gtx-trans\" style=\"position: absolute; left: 120px; top: 106.391px;\">\n<div class=\"gtx-trans-icon\"><\/div>\n<\/div>","protected":false},"featured_media":138320,"template":"","meta":{"_acf_changed":false},"product_brand":[],"product_cat":[3250],"product_tag":[],"class_list":{"0":"post-90185","1":"product","2":"type-product","3":"status-publish","4":"has-post-thumbnail","6":"product_cat-risco-nvr","7":"product_shipping_class-tunga-paket","8":"pa_brands-4risco","9":"tm-no-options","11":"first","12":"outofstock","13":"sale","14":"taxable","15":"shipping-taxable","16":"purchasable","17":"product-type-simple"},"acf":[],"_links":{"self":[{"href":"https:\/\/secureus.se\/es\/wp-json\/wp\/v2\/product\/90185","targetHints":{"allow":["GET"]}}],"collection":[{"href":"https:\/\/secureus.se\/es\/wp-json\/wp\/v2\/product"}],"about":[{"href":"https:\/\/secureus.se\/es\/wp-json\/wp\/v2\/types\/product"}],"wp:featuredmedia":[{"embeddable":true,"href":"https:\/\/secureus.se\/es\/wp-json\/wp\/v2\/media\/138320"}],"wp:attachment":[{"href":"https:\/\/secureus.se\/es\/wp-json\/wp\/v2\/media?parent=90185"}],"wp:term":[{"taxonomy":"product_brand","embeddable":true,"href":"https:\/\/secureus.se\/es\/wp-json\/wp\/v2\/product_brand?post=90185"},{"taxonomy":"product_cat","embeddable":true,"href":"https:\/\/secureus.se\/es\/wp-json\/wp\/v2\/product_cat?post=90185"},{"taxonomy":"product_tag","embeddable":true,"href":"https:\/\/secureus.se\/es\/wp-json\/wp\/v2\/product_tag?post=90185"}],"curies":[{"name":"wp","href":"https:\/\/api.w.org\/{rel}","templated":true}]}}